{"id":23859,"date":"2023-01-18T17:48:30","date_gmt":"2023-01-18T16:48:30","guid":{"rendered":"https:\/\/helloflowers.pl\/?post_type=product&#038;p=23859"},"modified":"2024-11-18T17:01:50","modified_gmt":"2024-11-18T16:01:50","slug":"czerwona-swieza-gipsowka-w-duzym-czerwonym-welurowym-boxie-kwiaty-w-pudelkach-flower-box-walentynki","status":"publish","type":"product","link":"http:\/\/helloflowers.pl\/en\/sklep\/czerwona-swieza-gipsowka-w-duzym-czerwonym-welurowym-boxie-kwiaty-w-pudelkach-flower-box-walentynki\/","title":{"rendered":"Czerwona \u015bwie\u017ca GIPS\u00d3WKA w du\u017cym czerwonym welurowym boxie &#8211; kwiaty w pude\u0142kach | flower box"},"content":{"rendered":"","protected":false},"excerpt":{"rendered":"<p>Du\u017cy okr\u0105g\u0142y box pokryty welurowym materia\u0142em w kolorze czerwonym to nasza nowa kolekcja na 2023 rok. W zestawie ze \u015bwie\u017c\u0105 czerwon\u0105 gips\u00f3wk\u0105 zrobi ogromne wra\u017cenie na osobie obdarowanej pod wzgl\u0119dem oryginalnego wygl\u0105du. Zalet\u0105 kompozycji jest trwa\u0142o\u015b\u0107 gips\u00f3wki, kt\u00f3ra przysycha i stanowi dekoracje na d\u0142u\u017cszy okres.<\/p>\n<p>Kwiaty umieszczone s\u0105 w r\u0119cznie wykonanym du\u017cym pude\u0142ku flower box, kt\u00f3ry zosta\u0142 przygotowany na \u015bwi\u0119to zakochanych. Pokryty jest przyjemnym w dotyku welurowym materia\u0142em. Ca\u0142o\u015b\u0107 wyko\u0144czona wysokiej jako\u015bci logowan\u0105 wst\u0105\u017ck\u0105 ozdobn\u0105 Hello Flowers.<\/p>\n<p>COMMENTS:<\/p>\n<ul>\n<li>Wymiary pude\u0142ka bez kompozycji: 20&#215;22 cm<\/li>\n<li>Flowers are placed in a floral sponge soaked in water - their freshness is the same as that of flowers in a vase<\/li>\n<li>Ostateczny wygl\u0105d bukietu mo\u017ce odrobin\u0119 r\u00f3\u017cni\u0107 si\u0119 od kompozycji przedstawionej na zdj\u0119ciu.<\/li>\n<\/ul>","protected":false},"featured_media":23860,"template":"","meta":[],"product_brand":[],"product_cat":[132],"product_tag":[],"class_list":{"0":"post-23859","1":"product","2":"type-product","3":"status-publish","4":"has-post-thumbnail","6":"product_cat-edycja-limitowana","7":"sales-flash-overlay","8":"woocommerce-text-align-center","9":"woocommerce-image-align-center","10":"do-quantity-buttons","12":"first","13":"outofstock","14":"shipping-taxable","15":"purchasable","16":"product-type-simple"},"aioseo_notices":[],"_links":{"self":[{"href":"http:\/\/helloflowers.pl\/en\/wp-json\/wp\/v2\/product\/23859","targetHints":{"allow":["GET"]}}],"collection":[{"href":"http:\/\/helloflowers.pl\/en\/wp-json\/wp\/v2\/product"}],"about":[{"href":"http:\/\/helloflowers.pl\/en\/wp-json\/wp\/v2\/types\/product"}],"wp:featuredmedia":[{"embeddable":true,"href":"http:\/\/helloflowers.pl\/en\/wp-json\/wp\/v2\/media\/23860"}],"wp:attachment":[{"href":"http:\/\/helloflowers.pl\/en\/wp-json\/wp\/v2\/media?parent=23859"}],"wp:term":[{"taxonomy":"product_brand","embeddable":true,"href":"http:\/\/helloflowers.pl\/en\/wp-json\/wp\/v2\/product_brand?post=23859"},{"taxonomy":"product_cat","embeddable":true,"href":"http:\/\/helloflowers.pl\/en\/wp-json\/wp\/v2\/product_cat?post=23859"},{"taxonomy":"product_tag","embeddable":true,"href":"http:\/\/helloflowers.pl\/en\/wp-json\/wp\/v2\/product_tag?post=23859"}],"curies":[{"name":"wp","href":"https:\/\/api.w.org\/{rel}","templated":true}]}}