{"id":23872,"date":"2023-01-19T12:58:43","date_gmt":"2023-01-19T11:58:43","guid":{"rendered":"https:\/\/helloflowers.pl\/?post_type=product&#038;p=23872"},"modified":"2026-01-07T09:31:26","modified_gmt":"2026-01-07T08:31:26","slug":"biala-gipsowka-i-czerwone-roze-w-bialym-mega-boxie-kwiaty-w-pudelku-flower-box-walentynki","status":"publish","type":"product","link":"http:\/\/helloflowers.pl\/en\/sklep\/biala-gipsowka-i-czerwone-roze-w-bialym-mega-boxie-kwiaty-w-pudelku-flower-box-walentynki\/","title":{"rendered":"Bia\u0142a Gips\u00f3wka i Czerwone r\u00f3\u017ce w bia\u0142ym mega boxie &#8211; kwiaty w pude\u0142ku | flower box"},"content":{"rendered":"","protected":false},"excerpt":{"rendered":"<p>Nasza najwi\u0119ksza, a jednocze\u015bnie limitowana kompozycja z bia\u0142\u0105 gips\u00f3wk\u0105 oraz \u015bwie\u017cymi r\u00f3\u017cami w kolorze czerwonym.<\/p>\n<p>R\u00f3\u017ce u\u0142o\u017cone w kszta\u0142cie serca wsr\u00f3d \u015bwie\u017cej bia\u0142ej gips\u00f3wki.<\/p>\n<p>Kwiaty umieszczone s\u0105 w r\u0119cznie wykonanym pude\u0142ku w kolorze bia\u0142ym.<\/p>\n<p>COMMENTS:<\/p>\n<ul>\n<li>10 roses<\/li>\n<li>Wymiary pude\u0142ka (bez kompozycji): \u015brednica \u2013 30 cm, wysoko\u015b\u0107 &#8211; 13 cm<\/li>\n<li>Flowers are placed in a floral sponge soaked in water - their freshness is the same as that of flowers in a vase<\/li>\n<li>Kompozycja b\u0119dzie jak najbardziej zbli\u017cona do prezentowanej na zdj\u0119ciu<\/li>\n<\/ul>","protected":false},"featured_media":23873,"template":"","meta":[],"product_brand":[],"product_cat":[132],"product_tag":[],"class_list":{"0":"post-23872","1":"product","2":"type-product","3":"status-publish","4":"has-post-thumbnail","6":"product_cat-edycja-limitowana","7":"sales-flash-overlay","8":"woocommerce-text-align-center","9":"woocommerce-image-align-center","10":"do-quantity-buttons","12":"first","13":"outofstock","14":"shipping-taxable","15":"purchasable","16":"product-type-simple"},"aioseo_notices":[],"_links":{"self":[{"href":"http:\/\/helloflowers.pl\/en\/wp-json\/wp\/v2\/product\/23872","targetHints":{"allow":["GET"]}}],"collection":[{"href":"http:\/\/helloflowers.pl\/en\/wp-json\/wp\/v2\/product"}],"about":[{"href":"http:\/\/helloflowers.pl\/en\/wp-json\/wp\/v2\/types\/product"}],"wp:featuredmedia":[{"embeddable":true,"href":"http:\/\/helloflowers.pl\/en\/wp-json\/wp\/v2\/media\/23873"}],"wp:attachment":[{"href":"http:\/\/helloflowers.pl\/en\/wp-json\/wp\/v2\/media?parent=23872"}],"wp:term":[{"taxonomy":"product_brand","embeddable":true,"href":"http:\/\/helloflowers.pl\/en\/wp-json\/wp\/v2\/product_brand?post=23872"},{"taxonomy":"product_cat","embeddable":true,"href":"http:\/\/helloflowers.pl\/en\/wp-json\/wp\/v2\/product_cat?post=23872"},{"taxonomy":"product_tag","embeddable":true,"href":"http:\/\/helloflowers.pl\/en\/wp-json\/wp\/v2\/product_tag?post=23872"}],"curies":[{"name":"wp","href":"https:\/\/api.w.org\/{rel}","templated":true}]}}