{"id":18980,"date":"2017-08-17T13:00:36","date_gmt":"2017-08-17T11:00:36","guid":{"rendered":"http:\/\/helloflowers.pl\/?page_id=18980"},"modified":"2023-11-10T17:23:17","modified_gmt":"2023-11-10T16:23:17","slug":"o-nas","status":"publish","type":"page","link":"https:\/\/helloflowers.pl\/en\/o-nas\/","title":{"rendered":"About us"},"content":{"rendered":"<div data-elementor-type=\"wp-post\" data-elementor-id=\"18980\" class=\"elementor elementor-18980\" data-elementor-post-type=\"page\">\n\t\t\t\t\t\t<section class=\"elementor-section elementor-top-section elementor-element elementor-element-34e299db elementor-section-stretched elementor-section-boxed elementor-section-height-default elementor-section-height-default\" data-id=\"34e299db\" data-element_type=\"section\" data-e-type=\"section\" data-settings=\"{&quot;stretch_section&quot;:&quot;section-stretched&quot;,&quot;background_background&quot;:&quot;classic&quot;}\">\n\t\t\t\t\t\t<div class=\"elementor-container elementor-column-gap-default\">\n\t\t\t\t\t<div class=\"elementor-column elementor-col-100 elementor-top-column elementor-element elementor-element-1f067eae\" data-id=\"1f067eae\" data-element_type=\"column\" data-e-type=\"column\">\n\t\t\t<div class=\"elementor-widget-wrap elementor-element-populated\">\n\t\t\t\t\t\t<div class=\"elementor-element elementor-element-3d3b911c elementor-widget elementor-widget-heading\" data-id=\"3d3b911c\" data-element_type=\"widget\" data-e-type=\"widget\" data-widget_type=\"heading.default\">\n\t\t\t\t<div class=\"elementor-widget-container\">\n\t\t\t\t\t<h2 class=\"elementor-heading-title elementor-size-default\">About us<\/h2>\t\t\t\t<\/div>\n\t\t\t\t<\/div>\n\t\t\t\t\t<\/div>\n\t\t<\/div>\n\t\t\t\t\t<\/div>\n\t\t<\/section>\n\t\t\t\t<section class=\"elementor-section elementor-top-section elementor-element elementor-element-42a360d8 elementor-section-boxed elementor-section-height-default elementor-section-height-default\" data-id=\"42a360d8\" data-element_type=\"section\" data-e-type=\"section\">\n\t\t\t\t\t\t<div class=\"elementor-container elementor-column-gap-default\">\n\t\t\t\t\t<div class=\"elementor-column elementor-col-50 elementor-top-column elementor-element elementor-element-54ccec48\" data-id=\"54ccec48\" data-element_type=\"column\" data-e-type=\"column\">\n\t\t\t<div class=\"elementor-widget-wrap elementor-element-populated\">\n\t\t\t\t\t\t<div class=\"elementor-element elementor-element-66ab3aad elementor-widget elementor-widget-text-editor\" data-id=\"66ab3aad\" data-element_type=\"widget\" data-e-type=\"widget\" data-widget_type=\"text-editor.default\">\n\t\t\t\t<div class=\"elementor-widget-container\">\n\t\t\t\t\t\t\t\t\t<h2>Hello Flowers Tr\u00f3jmiasto \u2013 kwiaty w pude\u0142kach<\/h2><p>Jeste\u015bmy rodzinn\u0105 firm\u0105, kt\u00f3ra jako pierwsza wprowadzi\u0142a realizacj\u0119 zam\u00f3wie\u0144 na kwiaty w\u00a0<span style=\"color: var( --e-global-color-text );\">pude\u0142kach na terenie wojew\u00f3dztwa pomorskiego. Ju\u017c od blisko 7 lat z powodzeniem\u00a0<\/span><span style=\"color: var( --e-global-color-text );\">dostarczamy kwiaty w formie przesy\u0142ki\/poczty kwiatowej na terenie Gda\u0144ska, Sopotu, Gdyni\u00a0<\/span><span style=\"color: var( --e-global-color-text );\">oraz najbli\u017cszych okolic sprawiaj\u0105c przy tym rado\u015b\u0107 osobom obdarowanym.<\/span><\/p><h2><span style=\"color: var( --e-global-color-text );\">Kwiaciarnia Gdynia Sopot Gda\u0144sk &#8211; zaufaj wieloletniemu do\u015bwiadczeniu<\/span><\/h2><p>Nasze do\u015bwiadczenie w pracy z kwiatami zdobywali\u015bmy w Holandii. Korzystamy ze\u00a0<span style=\"color: var( --e-global-color-text );\">sprawdzonych dostawc\u00f3w zagranicznych oraz krajowych, dzi\u0119ki kt\u00f3rym u\u017cywamy\u00a0<\/span><span style=\"color: var( --e-global-color-text );\">wyselekcjonowanych r\u00f3\u017c oraz kwiat\u00f3w. Nast\u0119pnie dostarczamy je przy u\u017cyciu w\u0142asnej floty\u00a0<\/span><span style=\"color: var( --e-global-color-text );\">samochod\u00f3w. Kwiaty uk\u0142adamy tak\u017ce w r\u0119cznie wykonane kartonowe oraz drewniane\u00a0<\/span><span style=\"color: var( --e-global-color-text );\">opakowania typu flower box. Nie jeste\u015bmy po\u015brednikiem, dlatego sk\u0142adaj\u0105c zam\u00f3wienie u\u00a0<\/span><span style=\"color: var( --e-global-color-text );\">nas, realizujemy je osobi\u015bcie.<\/span><\/p><h2><span style=\"color: var( --e-global-color-text );\">Kwiatowe boxy &#8211; marki premium &#8211; z pasji do elegancji\u00a0<\/span><span style=\"color: var( --e-global-color-text );\">subtelnego pi\u0119kna<\/span><\/h2><p>Nasz\u0105 dzia\u0142alno\u015b\u0107 stworzyli\u015bmy z my\u015bl\u0105 o klientach ceni\u0105cych wysok\u0105 jako\u015b\u0107 i pi\u0119kno w\u00a0<span style=\"color: var( --e-global-color-text );\">oryginalnej formie. Kwiaty w pude\u0142kach to idealny pomys\u0142, zar\u00f3wno by sprawi\u0107 prezent\u00a0<\/span><span style=\"color: var( --e-global-color-text );\">bliskiej osobie, jak r\u00f3wnie\u017c elegancka dekoracja nadaj\u0105ca charakter ka\u017cdemu wn\u0119trzu.\u00a0<\/span><span style=\"color: var( --e-global-color-text );\">Flower box to r\u00f3wnie\u017c wygodna forma transportu kwiat\u00f3w, gdy\u017c kwiaty nie potrzebuj\u0105\u00a0wazonu oraz wody. W swojej ofercie posiadamy tak\u017ce klasyczne bukiety kwiatowe z r\u00f3\u017c,\u00a0<\/span>bukiety<span style=\"color: var( --e-global-color-text );\">\u00a0z tulipan\u00f3w oraz\u00a0kwiat\u00f3w mieszanych.<\/span><\/p><h2><span style=\"color: var( --e-global-color-text );\">Personalizowane boxy kwiatowe &#8211; dla Ciebie, dla bliskiej\u00a0<\/span><span style=\"color: var( --e-global-color-text );\">Twojemu sercu osobie<\/span><\/h2><p>Dodatkowym atutem naszej dzia\u0142alno\u015bci jest mo\u017cliwo\u015b\u0107 personalizacji pude\u0142ek, co pozwala\u00a0<span style=\"color: var( --e-global-color-text );\">na wykorzystanie ich podczas event\u00f3w, przyj\u0119\u0107 okoliczno\u015bciowych b\u0105d\u017a w formie przesy\u0142ki z\u00a0<\/span><span style=\"color: var( --e-global-color-text );\">logo firmy. Zam\u00f3wienia dostarczamy na wybrany wcze\u015bniej przedzia\u0142 godzinowy oraz dat\u0119.<\/span><\/p><p>Us\u0142uga dostawy na terenie Tr\u00f3jmiasta i najbli\u017cszych okolic jest darmowa.<\/p><h2><a style=\"font-size: 17px;\" href=\"https:\/\/helloflowers.pl\/en\/kwiatomat-24-7\/\" target=\"_blank\" rel=\"noopener\">KWIATOMAT 24\/7<\/a><span style=\"color: var( --e-global-color-text );\">\u00a0&#8211; pi\u0119kny bukiet kwiat\u00f3w na wyci\u0105gni\u0119cie\u00a0<\/span><span style=\"color: var( --e-global-color-text );\">r\u0119ki!<\/span><\/h2><p>Najwi\u0119ksza sie\u0107 kwiatomat\u00f3w w Polsce! Jako pierwsi w regionie i jedyni w Tr\u00f3jmie\u015bcie postawili\u015bmy KWIATOMAT w formie kwiaciarni ca\u0142odobowej.do\u00a0<span style=\"color: var( --e-global-color-text );\">sprzeda\u017cy \u015bwie\u017cych kwiat\u00f3w w pude\u0142kach oraz kompozycji kwiatowych. W \u0142atwy oraz\u00a0<\/span><span style=\"color: var( --e-global-color-text );\">przyjemny spos\u00f3b oferujemy klientom zakup kwiat\u00f3w przez 24 godziny, 7 dni w tygodniu.\u00a0<\/span><span style=\"color: var( --e-global-color-text );\">P\u0142atno\u015b\u0107 dokonywana jest przy pomocy karty, telefonu b\u0105d\u017a opcji BLIK, a ca\u0142y zakup trwa\u00a0<\/span><span style=\"color: var( --e-global-color-text );\">mniej ni\u017c 40 sekund.<\/span><\/p><p>Masz wi\u0119cej pyta\u0144? Jeste\u015b zainteresowany wsp\u00f3\u0142prac\u0105? Chcesz postawi\u0107 sw\u00f3j kwiatomat? Skontaktuj si\u0119 z nami!<\/p><p>Zapraszamy do sk\u0142adania zam\u00f3wie\u0144 oraz kontaktu.<\/p>\t\t\t\t\t\t\t\t<\/div>\n\t\t\t\t<\/div>\n\t\t\t\t\t<\/div>\n\t\t<\/div>\n\t\t\t\t<div class=\"elementor-column elementor-col-50 elementor-top-column elementor-element elementor-element-52dccb6\" data-id=\"52dccb6\" data-element_type=\"column\" data-e-type=\"column\">\n\t\t\t<div class=\"elementor-widget-wrap elementor-element-populated\">\n\t\t\t\t\t\t<div class=\"elementor-element elementor-element-7f84ff16 elementor-grid-2 elementor-grid-tablet-2 elementor-grid-mobile-1 elementor-widget elementor-widget-portfolio\" data-id=\"7f84ff16\" data-element_type=\"widget\" data-e-type=\"widget\" data-settings=\"{&quot;columns&quot;:&quot;2&quot;,&quot;item_ratio&quot;:{&quot;unit&quot;:&quot;px&quot;,&quot;size&quot;:1.21,&quot;sizes&quot;:[]},&quot;columns_tablet&quot;:&quot;2&quot;,&quot;columns_mobile&quot;:&quot;1&quot;,&quot;item_gap&quot;:{&quot;unit&quot;:&quot;px&quot;,&quot;size&quot;:&quot;&quot;,&quot;sizes&quot;:[]},&quot;row_gap&quot;:{&quot;unit&quot;:&quot;px&quot;,&quot;size&quot;:&quot;&quot;,&quot;sizes&quot;:[]}}\" data-widget_type=\"portfolio.default\">\n\t\t\t\t<div class=\"elementor-widget-container\">\n\t\t\t\t\t\t\t<div class=\"elementor-portfolio elementor-grid elementor-posts-container\" role=\"list\">\n\t\t\t\t<article class=\"elementor-portfolio-item elementor-post  post-24749 product type-product status-publish has-post-thumbnail product_cat-sztuczne-kwiaty-dekoracje product_cat-dekoracje-swiateczne sales-flash-overlay woocommerce-text-align-center woocommerce-image-align-center do-quantity-buttons first outofstock shipping-taxable purchasable product-type-simple\" role=\"listitem\">\n\t\t\t<a class=\"elementor-post__thumbnail__link\" href=\"https:\/\/helloflowers.pl\/en\/sklep\/rozowy-zajac-z-plecakiem-wielkanocna-kompozycja-w-duzym-welurowym-boxie-zestaw-w-pudelku-flower-box-wiosna-2024\/\">\n\t\t\t\t<div class=\"elementor-portfolio-item__img elementor-post__thumbnail\">\n\t\t\t<img fetchpriority=\"high\" decoding=\"async\" width=\"499\" height=\"600\" src=\"https:\/\/helloflowers.pl\/wp-content\/uploads\/2023\/03\/zajacrozowy_box.jpg\" class=\"attachment-medium_large size-medium_large wp-image-24740\" alt=\"\" srcset=\"https:\/\/helloflowers.pl\/wp-content\/uploads\/2023\/03\/zajacrozowy_box.jpg 499w, https:\/\/helloflowers.pl\/wp-content\/uploads\/2023\/03\/zajacrozowy_box-250x300.jpg 250w, https:\/\/helloflowers.pl\/wp-content\/uploads\/2023\/03\/zajacrozowy_box-10x12.jpg 10w\" sizes=\"(max-width: 499px) 100vw, 499px\" \/>\t\t<\/div>\n\t\t\t\t<div class=\"elementor-portfolio-item__overlay\">\n\t\t\t\t<h3 class=\"elementor-portfolio-item__title\">\n\t\tR\u00f3\u017cowy Zaj\u0105c z plecakiem | Wielkanocna kompozycja w du\u017cym welurowym boxie &#8211; zestaw w pude\u0142ku flower box WIOSNA 2024\t\t<\/h3>\n\t\t\t\t<\/div>\n\t\t\t\t<\/a>\n\t\t<\/article>\n\t\t\t\t<article class=\"elementor-portfolio-item elementor-post  post-20989 product type-product status-publish has-post-thumbnail product_cat-wieczne-roze sales-flash-overlay woocommerce-text-align-center woocommerce-image-align-center do-quantity-buttons outofstock shipping-taxable purchasable product-type-simple\" role=\"listitem\">\n\t\t\t<a class=\"elementor-post__thumbnail__link\" href=\"https:\/\/helloflowers.pl\/en\/sklep\/brzoskwiniowa-wieczna-roza-w-mini-blekitnym-baby-blue-boxie-kwiaty-w-pudelku-flower-box\/\">\n\t\t\t\t<div class=\"elementor-portfolio-item__img elementor-post__thumbnail\">\n\t\t\t<img decoding=\"async\" width=\"500\" height=\"600\" src=\"https:\/\/helloflowers.pl\/wp-content\/uploads\/2019\/11\/brzoskwiniowa_babyblue.jpg\" class=\"attachment-medium_large size-medium_large wp-image-20982\" alt=\"\" srcset=\"https:\/\/helloflowers.pl\/wp-content\/uploads\/2019\/11\/brzoskwiniowa_babyblue.jpg 500w, https:\/\/helloflowers.pl\/wp-content\/uploads\/2019\/11\/brzoskwiniowa_babyblue-250x300.jpg 250w\" sizes=\"(max-width: 500px) 100vw, 500px\" \/>\t\t<\/div>\n\t\t\t\t<div class=\"elementor-portfolio-item__overlay\">\n\t\t\t\t<h3 class=\"elementor-portfolio-item__title\">\n\t\tBrzoskwiniowa wieczna r\u00f3\u017ca w mini b\u0142\u0119kitnym (Baby Blue) boxie | kwiaty w pude\u0142ku &#8211; flower box\t\t<\/h3>\n\t\t\t\t<\/div>\n\t\t\t\t<\/a>\n\t\t<\/article>\n\t\t\t\t<article class=\"elementor-portfolio-item elementor-post  post-24455 product type-product status-publish has-post-thumbnail product_cat-dekoracje-swiateczne sales-flash-overlay woocommerce-text-align-center woocommerce-image-align-center do-quantity-buttons outofstock shipping-taxable purchasable product-type-simple\" role=\"listitem\">\n\t\t\t<a class=\"elementor-post__thumbnail__link\" href=\"https:\/\/helloflowers.pl\/en\/sklep\/swiateczna-kompozycja-w-bezowym-welurowym-boxie-mis-zestaw-w-pudelku-flower-box\/\">\n\t\t\t\t<div class=\"elementor-portfolio-item__img elementor-post__thumbnail\">\n\t\t\t<img decoding=\"async\" width=\"400\" height=\"600\" src=\"https:\/\/helloflowers.pl\/wp-content\/uploads\/2023\/11\/boxbez_swiateczny_mix.jpg\" class=\"attachment-medium_large size-medium_large wp-image-24456\" alt=\"\" srcset=\"https:\/\/helloflowers.pl\/wp-content\/uploads\/2023\/11\/boxbez_swiateczny_mix.jpg 400w, https:\/\/helloflowers.pl\/wp-content\/uploads\/2023\/11\/boxbez_swiateczny_mix-200x300.jpg 200w, https:\/\/helloflowers.pl\/wp-content\/uploads\/2023\/11\/boxbez_swiateczny_mix-8x12.jpg 8w\" sizes=\"(max-width: 400px) 100vw, 400px\" \/>\t\t<\/div>\n\t\t\t\t<div class=\"elementor-portfolio-item__overlay\">\n\t\t\t\t<h3 class=\"elementor-portfolio-item__title\">\n\t\t\u015awi\u0105teczna kompozycja w be\u017cowym welurowym boxie Mi\u015b &#8211; zestaw w pude\u0142ku flower box\t\t<\/h3>\n\t\t\t\t<\/div>\n\t\t\t\t<\/a>\n\t\t<\/article>\n\t\t\t\t<article class=\"elementor-portfolio-item elementor-post  post-20659 product type-product status-publish has-post-thumbnail product_cat-edycja-limitowana sales-flash-overlay woocommerce-text-align-center woocommerce-image-align-center do-quantity-buttons last outofstock shipping-taxable purchasable product-type-simple\" role=\"listitem\">\n\t\t\t<a class=\"elementor-post__thumbnail__link\" href=\"https:\/\/helloflowers.pl\/en\/sklep\/czerwone-roze-w-bialym-mega-boxie-kwiaty-w-pudelku-flower-box-2\/\">\n\t\t\t\t<div class=\"elementor-portfolio-item__img elementor-post__thumbnail\">\n\t\t\t<img loading=\"lazy\" decoding=\"async\" width=\"500\" height=\"599\" src=\"https:\/\/helloflowers.pl\/wp-content\/uploads\/2019\/07\/bialymegabox_czerwoneroze.jpg\" class=\"attachment-medium_large size-medium_large wp-image-20567\" alt=\"\" srcset=\"https:\/\/helloflowers.pl\/wp-content\/uploads\/2019\/07\/bialymegabox_czerwoneroze.jpg 500w, https:\/\/helloflowers.pl\/wp-content\/uploads\/2019\/07\/bialymegabox_czerwoneroze-250x300.jpg 250w\" sizes=\"(max-width: 500px) 100vw, 500px\" \/>\t\t<\/div>\n\t\t\t\t<div class=\"elementor-portfolio-item__overlay\">\n\t\t\t\t<h3 class=\"elementor-portfolio-item__title\">\n\t\tCzerwone r\u00f3\u017ce w bia\u0142ym mega boxie &#8211; kwiaty w pude\u0142ku | flower box\t\t<\/h3>\n\t\t\t\t<\/div>\n\t\t\t\t<\/a>\n\t\t<\/article>\n\t\t\t\t<article class=\"elementor-portfolio-item elementor-post  post-20894 product type-product status-publish has-post-thumbnail product_cat-dekoracje-swiateczne sales-flash-overlay woocommerce-text-align-center woocommerce-image-align-center do-quantity-buttons first outofstock shipping-taxable purchasable product-type-simple\" role=\"listitem\">\n\t\t\t<a class=\"elementor-post__thumbnail__link\" href=\"https:\/\/helloflowers.pl\/en\/sklep\/sztuczny-wianek-dekorowany-swierk-25-cm-holly\/\">\n\t\t\t\t<div class=\"elementor-portfolio-item__img elementor-post__thumbnail\">\n\t\t\t<img loading=\"lazy\" decoding=\"async\" width=\"768\" height=\"493\" src=\"https:\/\/helloflowers.pl\/wp-content\/uploads\/2019\/11\/wianek_christmas-768x493.jpg\" class=\"attachment-medium_large size-medium_large wp-image-21020\" alt=\"\" srcset=\"https:\/\/helloflowers.pl\/wp-content\/uploads\/2019\/11\/wianek_christmas-768x493.jpg 768w, https:\/\/helloflowers.pl\/wp-content\/uploads\/2019\/11\/wianek_christmas-300x193.jpg 300w, https:\/\/helloflowers.pl\/wp-content\/uploads\/2019\/11\/wianek_christmas-500x321.jpg 500w, https:\/\/helloflowers.pl\/wp-content\/uploads\/2019\/11\/wianek_christmas-700x449.jpg 700w, https:\/\/helloflowers.pl\/wp-content\/uploads\/2019\/11\/wianek_christmas.jpg 935w\" sizes=\"(max-width: 768px) 100vw, 768px\" \/>\t\t<\/div>\n\t\t\t\t<div class=\"elementor-portfolio-item__overlay\">\n\t\t\t\t<h3 class=\"elementor-portfolio-item__title\">\n\t\tSztuczny wianek dekorowany \u015bwierk 25 cm  &#8211; Holly\t\t<\/h3>\n\t\t\t\t<\/div>\n\t\t\t\t<\/a>\n\t\t<\/article>\n\t\t\t\t<article class=\"elementor-portfolio-item elementor-post  post-24699 product type-product status-publish has-post-thumbnail product_cat-bukiety sales-flash-overlay woocommerce-text-align-center woocommerce-image-align-center do-quantity-buttons instock shipping-taxable purchasable product-type-simple\" role=\"listitem\">\n\t\t\t<a class=\"elementor-post__thumbnail__link\" href=\"https:\/\/helloflowers.pl\/en\/sklep\/bukiet-z-30-jasno-rozowych-roz-bukiet-kwiatowy-sophia-loren-kopia\/\">\n\t\t\t\t<div class=\"elementor-portfolio-item__img elementor-post__thumbnail\">\n\t\t\t<img loading=\"lazy\" decoding=\"async\" width=\"512\" height=\"600\" src=\"https:\/\/helloflowers.pl\/wp-content\/uploads\/2024\/03\/bukiet_20rozowe_sophialoren.jpg\" class=\"attachment-medium_large size-medium_large wp-image-24697\" alt=\"\" srcset=\"https:\/\/helloflowers.pl\/wp-content\/uploads\/2024\/03\/bukiet_20rozowe_sophialoren.jpg 512w, https:\/\/helloflowers.pl\/wp-content\/uploads\/2024\/03\/bukiet_20rozowe_sophialoren-256x300.jpg 256w, https:\/\/helloflowers.pl\/wp-content\/uploads\/2024\/03\/bukiet_20rozowe_sophialoren-10x12.jpg 10w, https:\/\/helloflowers.pl\/wp-content\/uploads\/2024\/03\/bukiet_20rozowe_sophialoren-500x586.jpg 500w\" sizes=\"(max-width: 512px) 100vw, 512px\" \/>\t\t<\/div>\n\t\t\t\t<div class=\"elementor-portfolio-item__overlay\">\n\t\t\t\t<h3 class=\"elementor-portfolio-item__title\">\n\t\tBukiet z 30 jasno r\u00f3\u017cowych r\u00f3\u017c | Bukiet kwiatowy Sophia Loren\t\t<\/h3>\n\t\t\t\t<\/div>\n\t\t\t\t<\/a>\n\t\t<\/article>\n\t\t\t\t<\/div>\n\t\t\t\t\t\t<\/div>\n\t\t\t\t<\/div>\n\t\t\t\t\t<\/div>\n\t\t<\/div>\n\t\t\t\t\t<\/div>\n\t\t<\/section>\n\t\t\t\t<\/div>","protected":false},"excerpt":{"rendered":"<p>Hello Flowers Tr\u00f3jmiasto \u2013 kwiaty w pude\u0142kach Jeste\u015bmy rodzinn\u0105 firm\u0105, kt\u00f3ra jako pierwsza wprowadzi\u0142a realizacj\u0119 zam\u00f3wie\u0144 na kwiaty w\u00a0pude\u0142kach na terenie wojew\u00f3dztwa pomorskiego. Ju\u017c od blisko 7 lat z powodzeniem\u00a0dostarczamy kwiaty w formie przesy\u0142ki\/poczty kwiatowej na terenie Gda\u0144ska, Sopotu, Gdyni\u00a0oraz najbli\u017cszych okolic sprawiaj\u0105c przy tym rado\u015b\u0107 osobom obdarowanym. Kwiaciarnia Gdynia Sopot Gda\u0144sk &#8211; zaufaj wieloletniemu &#8230; <a title=\"Bukiet z 30 jasno r\u00f3\u017cowych r\u00f3\u017c | Bukiet kwiatowy Sophia Loren\" class=\"read-more\" href=\"https:\/\/helloflowers.pl\/en\/sklep\/bukiet-z-30-jasno-rozowych-roz-bukiet-kwiatowy-sophia-loren-kopia\/\" aria-label=\"More on Bukiet z 30 jasno r\u00f3\u017cowych r\u00f3\u017c | Bukiet kwiatowy Sophia Loren\">Read more<\/a><\/p>","protected":false},"author":1,"featured_media":0,"parent":0,"menu_order":0,"comment_status":"closed","ping_status":"closed","template":"","meta":{"footnotes":""},"class_list":["post-18980","page","type-page","status-publish","hentry","sales-flash-overlay","woocommerce-text-align-center","woocommerce-image-align-center","do-quantity-buttons"],"aioseo_notices":[],"_links":{"self":[{"href":"https:\/\/helloflowers.pl\/en\/wp-json\/wp\/v2\/pages\/18980","targetHints":{"allow":["GET"]}}],"collection":[{"href":"https:\/\/helloflowers.pl\/en\/wp-json\/wp\/v2\/pages"}],"about":[{"href":"https:\/\/helloflowers.pl\/en\/wp-json\/wp\/v2\/types\/page"}],"author":[{"embeddable":true,"href":"https:\/\/helloflowers.pl\/en\/wp-json\/wp\/v2\/users\/1"}],"replies":[{"embeddable":true,"href":"https:\/\/helloflowers.pl\/en\/wp-json\/wp\/v2\/comments?post=18980"}],"version-history":[{"count":9,"href":"https:\/\/helloflowers.pl\/en\/wp-json\/wp\/v2\/pages\/18980\/revisions"}],"predecessor-version":[{"id":24436,"href":"https:\/\/helloflowers.pl\/en\/wp-json\/wp\/v2\/pages\/18980\/revisions\/24436"}],"wp:attachment":[{"href":"https:\/\/helloflowers.pl\/en\/wp-json\/wp\/v2\/media?parent=18980"}],"curies":[{"name":"wp","href":"https:\/\/api.w.org\/{rel}","templated":true}]}}