{"id":18986,"date":"2017-08-17T13:11:47","date_gmt":"2017-08-17T11:11:47","guid":{"rendered":"http:\/\/helloflowers.pl\/?page_id=18986"},"modified":"2019-06-29T13:06:32","modified_gmt":"2019-06-29T12:06:32","slug":"faq","status":"publish","type":"page","link":"https:\/\/helloflowers.pl\/en\/faq\/","title":{"rendered":"FAQ"},"content":{"rendered":"<div data-elementor-type=\"wp-post\" data-elementor-id=\"18986\" class=\"elementor elementor-18986\" data-elementor-post-type=\"page\">\n\t\t\t\t\t\t<section class=\"elementor-section elementor-top-section elementor-element elementor-element-d28ded2 elementor-section-stretched elementor-section-boxed elementor-section-height-default elementor-section-height-default\" data-id=\"d28ded2\" data-element_type=\"section\" data-e-type=\"section\" data-settings=\"{&quot;stretch_section&quot;:&quot;section-stretched&quot;,&quot;background_background&quot;:&quot;classic&quot;}\">\n\t\t\t\t\t\t<div class=\"elementor-container elementor-column-gap-default\">\n\t\t\t\t\t<div class=\"elementor-column elementor-col-100 elementor-top-column elementor-element elementor-element-21fc42b6\" data-id=\"21fc42b6\" data-element_type=\"column\" data-e-type=\"column\">\n\t\t\t<div class=\"elementor-widget-wrap elementor-element-populated\">\n\t\t\t\t\t\t<div class=\"elementor-element elementor-element-23aa505b elementor-widget elementor-widget-heading\" data-id=\"23aa505b\" data-element_type=\"widget\" data-e-type=\"widget\" data-widget_type=\"heading.default\">\n\t\t\t\t<div class=\"elementor-widget-container\">\n\t\t\t\t\t<h2 class=\"elementor-heading-title elementor-size-default\">FAQ \u2013 najcz\u0119\u015bciej zadawane pytania\n<\/h2>\t\t\t\t<\/div>\n\t\t\t\t<\/div>\n\t\t\t\t\t<\/div>\n\t\t<\/div>\n\t\t\t\t\t<\/div>\n\t\t<\/section>\n\t\t\t\t<section class=\"elementor-section elementor-top-section elementor-element elementor-element-a18cc87 elementor-section-boxed elementor-section-height-default elementor-section-height-default\" data-id=\"a18cc87\" data-element_type=\"section\" data-e-type=\"section\">\n\t\t\t\t\t\t<div class=\"elementor-container elementor-column-gap-default\">\n\t\t\t\t\t<div class=\"elementor-column elementor-col-100 elementor-top-column elementor-element elementor-element-34c77910\" data-id=\"34c77910\" data-element_type=\"column\" data-e-type=\"column\">\n\t\t\t<div class=\"elementor-widget-wrap elementor-element-populated\">\n\t\t\t\t\t\t<div class=\"elementor-element elementor-element-1fe835ce elementor-widget elementor-widget-accordion\" data-id=\"1fe835ce\" data-element_type=\"widget\" data-e-type=\"widget\" data-widget_type=\"accordion.default\">\n\t\t\t\t<div class=\"elementor-widget-container\">\n\t\t\t\t\t\t\t<div class=\"elementor-accordion\">\n\t\t\t\t\t\t\t<div class=\"elementor-accordion-item\">\n\t\t\t\t\t<div id=\"elementor-tab-title-5351\" class=\"elementor-tab-title\" data-tab=\"1\" role=\"button\" aria-controls=\"elementor-tab-content-5351\" aria-expanded=\"false\">\n\t\t\t\t\t\t\t\t\t\t\t\t\t<span class=\"elementor-accordion-icon elementor-accordion-icon-left\" aria-hidden=\"true\">\n\t\t\t\t\t\t\t\t\t\t\t\t\t\t\t<i class=\"elementor-accordion-icon-closed fa fa-plus\"><\/i>\n\t\t\t\t\t\t\t\t<i class=\"elementor-accordion-icon-opened fa fa-minus\"><\/i>\n\t\t\t\t\t\t\t\t\t\t\t\t\t\t<\/span>\n\t\t\t\t\t\t\t\t\t\t\t\t<a class=\"elementor-accordion-title\" tabindex=\"0\">Dok\u0105d mog\u0119 zam\u00f3wi\u0107 kwiaty w pude\u0142ku?<\/a>\n\t\t\t\t\t<\/div>\n\t\t\t\t\t<div id=\"elementor-tab-content-5351\" class=\"elementor-tab-content elementor-clearfix\" data-tab=\"1\" role=\"region\" aria-labelledby=\"elementor-tab-title-5351\"><p>Kwiaty w pude\u0142kach dostarczamy na terenie Tr\u00f3jmiasta oraz najbli\u017cszych okolic.<\/p><p>Je\u017celi chcesz zam\u00f3wi\u0107 nasze kwiaty z dostaw\u0105 na terenie wojew\u00f3dztwa pomorskiego, skontaktuj si\u0119 z nami w celu wyceny koszt\u00f3w transportu.<\/p><p>Pami\u0119taj! Nie wysy\u0142amy \u015aWIE\u017bYCH kwiat\u00f3w za pomoc\u0105 firm kurierskich typu DPD, DHL itp.\u00a0<\/p><p>Stawiamy na jako\u015b\u0107 us\u0142ug oraz doskona\u0142y wygl\u0105d kompozycji, dlatego kwiaty dostarczamy za pomoc\u0105 w\u0142asnego kierowcy.<\/p><\/div>\n\t\t\t\t<\/div>\n\t\t\t\t\t\t\t<div class=\"elementor-accordion-item\">\n\t\t\t\t\t<div id=\"elementor-tab-title-5352\" class=\"elementor-tab-title\" data-tab=\"2\" role=\"button\" aria-controls=\"elementor-tab-content-5352\" aria-expanded=\"false\">\n\t\t\t\t\t\t\t\t\t\t\t\t\t<span class=\"elementor-accordion-icon elementor-accordion-icon-left\" aria-hidden=\"true\">\n\t\t\t\t\t\t\t\t\t\t\t\t\t\t\t<i class=\"elementor-accordion-icon-closed fa fa-plus\"><\/i>\n\t\t\t\t\t\t\t\t<i class=\"elementor-accordion-icon-opened fa fa-minus\"><\/i>\n\t\t\t\t\t\t\t\t\t\t\t\t\t\t<\/span>\n\t\t\t\t\t\t\t\t\t\t\t\t<a class=\"elementor-accordion-title\" tabindex=\"0\">Dlaczego warto nam zaufa\u0107?<\/a>\n\t\t\t\t\t<\/div>\n\t\t\t\t\t<div id=\"elementor-tab-content-5352\" class=\"elementor-tab-content elementor-clearfix\" data-tab=\"2\" role=\"region\" aria-labelledby=\"elementor-tab-title-5352\"><p>Nasze do\u015bwiadczenie w pracy z kwiatami zdobywali\u015bmy w Holandii. Dzi\u0119ki temu korzystamy tylko z wysokiej jako\u015bci produkt\u00f3w obecnych na rynku kwiatowym. Wsp\u00f3\u0142pracujemy z krajowymi producentami kwiat\u00f3w, dzi\u0119ki czemu nie korzystamy z po\u015brednik\u00f3w. Przy ka\u017cdym zam\u00f3wieniu dok\u0142adamy wszelkich stara\u0144, aby zadowoli\u0107 klienta, oferuj\u0105c produkt zgodny z zam\u00f3wieniem oraz oczekiwaniami.<\/p><\/div>\n\t\t\t\t<\/div>\n\t\t\t\t\t\t\t<div class=\"elementor-accordion-item\">\n\t\t\t\t\t<div id=\"elementor-tab-title-5353\" class=\"elementor-tab-title\" data-tab=\"3\" role=\"button\" aria-controls=\"elementor-tab-content-5353\" aria-expanded=\"false\">\n\t\t\t\t\t\t\t\t\t\t\t\t\t<span class=\"elementor-accordion-icon elementor-accordion-icon-left\" aria-hidden=\"true\">\n\t\t\t\t\t\t\t\t\t\t\t\t\t\t\t<i class=\"elementor-accordion-icon-closed fa fa-plus\"><\/i>\n\t\t\t\t\t\t\t\t<i class=\"elementor-accordion-icon-opened fa fa-minus\"><\/i>\n\t\t\t\t\t\t\t\t\t\t\t\t\t\t<\/span>\n\t\t\t\t\t\t\t\t\t\t\t\t<a class=\"elementor-accordion-title\" tabindex=\"0\">Jak z\u0142o\u017cy\u0107 zam\u00f3wienie?<\/a>\n\t\t\t\t\t<\/div>\n\t\t\t\t\t<div id=\"elementor-tab-content-5353\" class=\"elementor-tab-content elementor-clearfix\" data-tab=\"3\" role=\"region\" aria-labelledby=\"elementor-tab-title-5353\"><p>Przed z\u0142o\u017ceniem zam\u00f3wienia nale\u017cy wybra\u0107 produkt, kt\u00f3ry Pa\u0144stwa interesuje. Nasza pe\u0142na oferta znajduje si\u0119 w zak\u0142adce \u201cPRODUKTY\u201d.<br \/>Dla Pa\u0144stwa wygody zam\u00f3wienie mo\u017ce zosta\u0107 z\u0142o\u017cone poprzez sklep internetowy, telefonicznie, mailowo lub poprzez nasze profile w mediach spo\u0142eczno\u015bciowych \u2013 Facebook lub Instagram.<br \/>O statusie zam\u00f3wienia informujemy drog\u0105 mailow\u0105.<\/p><\/div>\n\t\t\t\t<\/div>\n\t\t\t\t\t\t\t<div class=\"elementor-accordion-item\">\n\t\t\t\t\t<div id=\"elementor-tab-title-5354\" class=\"elementor-tab-title\" data-tab=\"4\" role=\"button\" aria-controls=\"elementor-tab-content-5354\" aria-expanded=\"false\">\n\t\t\t\t\t\t\t\t\t\t\t\t\t<span class=\"elementor-accordion-icon elementor-accordion-icon-left\" aria-hidden=\"true\">\n\t\t\t\t\t\t\t\t\t\t\t\t\t\t\t<i class=\"elementor-accordion-icon-closed fa fa-plus\"><\/i>\n\t\t\t\t\t\t\t\t<i class=\"elementor-accordion-icon-opened fa fa-minus\"><\/i>\n\t\t\t\t\t\t\t\t\t\t\t\t\t\t<\/span>\n\t\t\t\t\t\t\t\t\t\t\t\t<a class=\"elementor-accordion-title\" tabindex=\"0\">Czy moje zam\u00f3wienie b\u0119dzie dok\u0142adnie takie jak na zdj\u0119ciu?<\/a>\n\t\t\t\t\t<\/div>\n\t\t\t\t\t<div id=\"elementor-tab-content-5354\" class=\"elementor-tab-content elementor-clearfix\" data-tab=\"4\" role=\"region\" aria-labelledby=\"elementor-tab-title-5354\"><p>Staramy si\u0119, aby ka\u017cde zrealizowane zam\u00f3wienie by\u0142o jak najbardziej zbli\u017cone do tego, kt\u00f3re przedstawione jest na zdj\u0119ciu. Nale\u017cy jednak pami\u0119ta\u0107, i\u017c korzystamy z \u017cywych kwiat\u00f3w, a ich odcie\u0144 mo\u017ce si\u0119 nieco r\u00f3\u017cnic od tych przedstawionych na zdj\u0119ciach (dotyczy to w szczeg\u00f3lno\u015bci koloru r\u00f3\u017cowego) Wynika to z dost\u0119pno\u015bci kwiat\u00f3w w danym dniu zakupowym.<\/p><\/div>\n\t\t\t\t<\/div>\n\t\t\t\t\t\t\t<div class=\"elementor-accordion-item\">\n\t\t\t\t\t<div id=\"elementor-tab-title-5355\" class=\"elementor-tab-title\" data-tab=\"5\" role=\"button\" aria-controls=\"elementor-tab-content-5355\" aria-expanded=\"false\">\n\t\t\t\t\t\t\t\t\t\t\t\t\t<span class=\"elementor-accordion-icon elementor-accordion-icon-left\" aria-hidden=\"true\">\n\t\t\t\t\t\t\t\t\t\t\t\t\t\t\t<i class=\"elementor-accordion-icon-closed fa fa-plus\"><\/i>\n\t\t\t\t\t\t\t\t<i class=\"elementor-accordion-icon-opened fa fa-minus\"><\/i>\n\t\t\t\t\t\t\t\t\t\t\t\t\t\t<\/span>\n\t\t\t\t\t\t\t\t\t\t\t\t<a class=\"elementor-accordion-title\" tabindex=\"0\">Jak wygl\u0105da dostawa zam\u00f3wienia?<\/a>\n\t\t\t\t\t<\/div>\n\t\t\t\t\t<div id=\"elementor-tab-content-5355\" class=\"elementor-tab-content elementor-clearfix\" data-tab=\"5\" role=\"region\" aria-labelledby=\"elementor-tab-title-5355\"><p>Nasze kwiaty dostarczamy prosto pod wskazany adres na terenie Tr\u00f3jmiasta oraz najbli\u017cszych okolic. Dostawa realizowana jest przez naszego kierowc\u0119, co daje gwarancj\u0119 dostarczenia zam\u00f3wienia w stanie nienaruszonym.<br \/>Podczas sk\u0142adania zam\u00f3wienia nale\u017cy wybra\u0107 dat\u0119 dor\u0119czenia oraz przedzia\u0142 godzinowy, a nast\u0119pnie w ostatnim kroku wpisa\u0107 adres odbiorcy. Je\u017celi to mo\u017cliwe prosimy tak\u017ce o podanie numeru telefonu osoby obdarowanej \u2013 u\u0142atwi to kurierowi dostaw\u0119 w przypadku gdy nikogo nie zastanie na miejscu.<br \/>Po uprzednim um\u00f3wieniu, istnieje r\u00f3wnie\u017c mo\u017cliwo\u015b\u0107 odbioru kwiat\u00f3w z ustalonego wcze\u015bniej miejsca. W tym celu prosimy o kontakt przed lub po z\u0142o\u017ceniu zam\u00f3wienia.<\/p><\/div>\n\t\t\t\t<\/div>\n\t\t\t\t\t\t\t<div class=\"elementor-accordion-item\">\n\t\t\t\t\t<div id=\"elementor-tab-title-5356\" class=\"elementor-tab-title\" data-tab=\"6\" role=\"button\" aria-controls=\"elementor-tab-content-5356\" aria-expanded=\"false\">\n\t\t\t\t\t\t\t\t\t\t\t\t\t<span class=\"elementor-accordion-icon elementor-accordion-icon-left\" aria-hidden=\"true\">\n\t\t\t\t\t\t\t\t\t\t\t\t\t\t\t<i class=\"elementor-accordion-icon-closed fa fa-plus\"><\/i>\n\t\t\t\t\t\t\t\t<i class=\"elementor-accordion-icon-opened fa fa-minus\"><\/i>\n\t\t\t\t\t\t\t\t\t\t\t\t\t\t<\/span>\n\t\t\t\t\t\t\t\t\t\t\t\t<a class=\"elementor-accordion-title\" tabindex=\"0\">W jaki spos\u00f3b mog\u0119 dokona\u0107 zap\u0142aty?<\/a>\n\t\t\t\t\t<\/div>\n\t\t\t\t\t<div id=\"elementor-tab-content-5356\" class=\"elementor-tab-content elementor-clearfix\" data-tab=\"6\" role=\"region\" aria-labelledby=\"elementor-tab-title-5356\"><p>P\u0142atno\u015bci za zam\u00f3wienia przyjmujemy poprzez sytem p\u0142atno\u015bci Przelewy24, przelewem tradycyjnym na konto bankowe oraz za pobraniem. Przy sk\u0142adaniu zam\u00f3wienia nale\u017cy wybra\u0107 preferowan\u0105 form\u0119 p\u0142atno\u015bci.<br \/>Je\u017celi zam\u00f3wienie mamy dostarczy\u0107 w dniu jego zam\u00f3wienia, prosimy o przes\u0142anie potwierdzenia wykonania przelewu na nasz adres e-mail. U\u0142atwi nam to weryfikacj\u0119 p\u0142atno\u015bci, a Pa\u0144stwo otrzymacie gwarancj\u0119 dostawy kwiat\u00f3w w pude\u0142ku.<\/p><\/div>\n\t\t\t\t<\/div>\n\t\t\t\t\t\t\t<div class=\"elementor-accordion-item\">\n\t\t\t\t\t<div id=\"elementor-tab-title-5357\" class=\"elementor-tab-title\" data-tab=\"7\" role=\"button\" aria-controls=\"elementor-tab-content-5357\" aria-expanded=\"false\">\n\t\t\t\t\t\t\t\t\t\t\t\t\t<span class=\"elementor-accordion-icon elementor-accordion-icon-left\" aria-hidden=\"true\">\n\t\t\t\t\t\t\t\t\t\t\t\t\t\t\t<i class=\"elementor-accordion-icon-closed fa fa-plus\"><\/i>\n\t\t\t\t\t\t\t\t<i class=\"elementor-accordion-icon-opened fa fa-minus\"><\/i>\n\t\t\t\t\t\t\t\t\t\t\t\t\t\t<\/span>\n\t\t\t\t\t\t\t\t\t\t\t\t<a class=\"elementor-accordion-title\" tabindex=\"0\">Czy do zam\u00f3wienia mog\u0119 do\u0142\u0105czy\u0107 li\u015bcik z wiadomo\u015bci\u0105?<\/a>\n\t\t\t\t\t<\/div>\n\t\t\t\t\t<div id=\"elementor-tab-content-5357\" class=\"elementor-tab-content elementor-clearfix\" data-tab=\"7\" role=\"region\" aria-labelledby=\"elementor-tab-title-5357\"><p>Do ka\u017cdego zam\u00f3wienia mo\u017cemy do\u0142\u0105czy\u0107 li\u015bcik z wiadomo\u015bci\u0105. Tre\u015b\u0107 nale\u017cy wpisa\u0107 w kolumnie przy wyborze daty oraz przedzia\u0142u godzinowego zam\u00f3wienia.<\/p><\/div>\n\t\t\t\t<\/div>\n\t\t\t\t\t\t\t<div class=\"elementor-accordion-item\">\n\t\t\t\t\t<div id=\"elementor-tab-title-5358\" class=\"elementor-tab-title\" data-tab=\"8\" role=\"button\" aria-controls=\"elementor-tab-content-5358\" aria-expanded=\"false\">\n\t\t\t\t\t\t\t\t\t\t\t\t\t<span class=\"elementor-accordion-icon elementor-accordion-icon-left\" aria-hidden=\"true\">\n\t\t\t\t\t\t\t\t\t\t\t\t\t\t\t<i class=\"elementor-accordion-icon-closed fa fa-plus\"><\/i>\n\t\t\t\t\t\t\t\t<i class=\"elementor-accordion-icon-opened fa fa-minus\"><\/i>\n\t\t\t\t\t\t\t\t\t\t\t\t\t\t<\/span>\n\t\t\t\t\t\t\t\t\t\t\t\t<a class=\"elementor-accordion-title\" tabindex=\"0\">Jak nale\u017cy piel\u0119gnowa\u0107 kwiaty?<\/a>\n\t\t\t\t\t<\/div>\n\t\t\t\t\t<div id=\"elementor-tab-content-5358\" class=\"elementor-tab-content elementor-clearfix\" data-tab=\"8\" role=\"region\" aria-labelledby=\"elementor-tab-title-5358\"><p>Staramy si\u0119, aby nasze kwiaty w pude\u0142ku by\u0142y bezobs\u0142ugowe. Wewn\u0105trz pude\u0142ka jest wystarczaj\u0105ca ilo\u015b\u0107 wody i specjalna od\u017cywka, kt\u00f3ra wyd\u0142u\u017ca \u017cywotno\u015b\u0107 kwiat\u00f3w. Nale\u017cy jednak pami\u0119ta\u0107, \u017ce kwiaty nie powinny sta\u0107 w ciep\u0142ym miejscu oraz blisko \u015bwie\u017cych owoc\u00f3w. Zaleca si\u0119 r\u00f3wnie\u017c obserwowa\u0107 kwiaty i co kilka dni odrywa\u0107 odstaj\u0105ce listki, b\u0105d\u017a te kt\u00f3re po\u017c\u00f3\u0142kn\u0105.<\/p><\/div>\n\t\t\t\t<\/div>\n\t\t\t\t\t\t\t<div class=\"elementor-accordion-item\">\n\t\t\t\t\t<div id=\"elementor-tab-title-5359\" class=\"elementor-tab-title\" data-tab=\"9\" role=\"button\" aria-controls=\"elementor-tab-content-5359\" aria-expanded=\"false\">\n\t\t\t\t\t\t\t\t\t\t\t\t\t<span class=\"elementor-accordion-icon elementor-accordion-icon-left\" aria-hidden=\"true\">\n\t\t\t\t\t\t\t\t\t\t\t\t\t\t\t<i class=\"elementor-accordion-icon-closed fa fa-plus\"><\/i>\n\t\t\t\t\t\t\t\t<i class=\"elementor-accordion-icon-opened fa fa-minus\"><\/i>\n\t\t\t\t\t\t\t\t\t\t\t\t\t\t<\/span>\n\t\t\t\t\t\t\t\t\t\t\t\t<a class=\"elementor-accordion-title\" tabindex=\"0\">Jaki jest czas realizacji zam\u00f3wienia?<\/a>\n\t\t\t\t\t<\/div>\n\t\t\t\t\t<div id=\"elementor-tab-content-5359\" class=\"elementor-tab-content elementor-clearfix\" data-tab=\"9\" role=\"region\" aria-labelledby=\"elementor-tab-title-5359\"><p>Zam\u00f3wienia realizujemy z 1-dniowym wyprzedzeniem. Klient ma mo\u017cliwo\u015b\u0107 z\u0142o\u017cenia zam\u00f3wienia do ko\u0144ca bie\u017c\u0105cego dnia z gwarancj\u0105 realizacji na dzie\u0144 nast\u0119pny.<\/p><p>Ci\u0105gle rozwijamy nasz\u0105 dzia\u0142alno\u015b\u0107 i jednocze\u015bnie staramy si\u0119, aby zam\u00f3wienie by\u0142o gotowe nawet na ten sam dzie\u0144 w kt\u00f3rym zosta\u0142o ono z\u0142o\u017cone (w miar\u0119 dost\u0119pno\u015bci wolnych przedzia\u0142\u00f3w godzinowych). W tym celu prosimy o kontakt telefoniczny \u2013 postaramy si\u0119 dostarczy\u0107 kwiaty w pilnej i nag\u0142ej sytuacji\u00a0<img decoding=\"async\" class=\"emoji\" draggable=\"false\" src=\"https:\/\/s.w.org\/images\/core\/emoji\/11\/svg\/1f642.svg\" alt=\"\ud83d\ude42\" \/><\/p><p>W razie pyta\u0144 dotycz\u0105cych dostaw (potwierdzenie terminu, szczeg\u00f3lne i nietypowe zam\u00f3wienia ) prosimy o kontakt.<\/p><p>Z naszej strony dajemy gwarancj\u0119 dostawy na nast\u0119pny dzie\u0144 od dnia z\u0142o\u017cenia zam\u00f3wienia.<\/p><\/div>\n\t\t\t\t<\/div>\n\t\t\t\t\t\t\t<div class=\"elementor-accordion-item\">\n\t\t\t\t\t<div id=\"elementor-tab-title-53510\" class=\"elementor-tab-title\" data-tab=\"10\" role=\"button\" aria-controls=\"elementor-tab-content-53510\" aria-expanded=\"false\">\n\t\t\t\t\t\t\t\t\t\t\t\t\t<span class=\"elementor-accordion-icon elementor-accordion-icon-left\" aria-hidden=\"true\">\n\t\t\t\t\t\t\t\t\t\t\t\t\t\t\t<i class=\"elementor-accordion-icon-closed fa fa-plus\"><\/i>\n\t\t\t\t\t\t\t\t<i class=\"elementor-accordion-icon-opened fa fa-minus\"><\/i>\n\t\t\t\t\t\t\t\t\t\t\t\t\t\t<\/span>\n\t\t\t\t\t\t\t\t\t\t\t\t<a class=\"elementor-accordion-title\" tabindex=\"0\">Jak wygl\u0105da z\u0142o\u017cenie zam\u00f3wienia na produkt, kt\u00f3rego nie mamy w aktualnym asortymencie sklepu internetowego?<\/a>\n\t\t\t\t\t<\/div>\n\t\t\t\t\t<div id=\"elementor-tab-content-53510\" class=\"elementor-tab-content elementor-clearfix\" data-tab=\"10\" role=\"region\" aria-labelledby=\"elementor-tab-title-53510\"><p><strong>Masz sw\u00f3j w\u0142asny pomys\u0142 na kompozycj\u0119?<\/strong><\/p><p>Jeste\u015bmy w stanie wykona\u0107 dla Pa\u0144stwa kompozycj\u0119 kwiatow\u0105 w pude\u0142ku r\u00f3wnie\u017c z innych dost\u0119pnym w danym sezonie kwiat\u00f3w. Celem ustalenia szczeg\u00f3\u0142\u00f3w realizacji zam\u00f3wienia niestandardowego zapraszamy do kontaktu.<\/p><p><strong>Personalizacja pude\u0142ek.<\/strong><\/p><p>Jako nieliczni oferujemy Pa\u0144stwu r\u00f3wnie\u017c mo\u017cliwo\u015b\u0107 personalizacji naszych pude\u0142ek.<br \/>Jest to idealna propozycja dla os\u00f3b, kt\u00f3re chc\u0105 mie\u0107 swoje indywidualne pude\u0142ko z wybranym napisem. W celu uzyskania informacji zapraszamy do kontaktu telefonicznego b\u0105d\u017a mailowego.<\/p><\/div>\n\t\t\t\t<\/div>\n\t\t\t\t\t\t\t\t<\/div>\n\t\t\t\t\t\t<\/div>\n\t\t\t\t<\/div>\n\t\t\t\t\t<\/div>\n\t\t<\/div>\n\t\t\t\t\t<\/div>\n\t\t<\/section>\n\t\t\t\t<\/div>","protected":false},"excerpt":{"rendered":"<p>FAQ \u2013 najcz\u0119\u015bciej zadawane pytania Dok\u0105d mog\u0119 zam\u00f3wi\u0107 kwiaty w pude\u0142ku? Kwiaty w pude\u0142kach dostarczamy na terenie Tr\u00f3jmiasta oraz najbli\u017cszych okolic. Je\u017celi chcesz zam\u00f3wi\u0107 nasze kwiaty z dostaw\u0105 na terenie wojew\u00f3dztwa pomorskiego, skontaktuj si\u0119 z nami w celu wyceny koszt\u00f3w transportu. Pami\u0119taj! Nie wysy\u0142amy \u015aWIE\u017bYCH kwiat\u00f3w za pomoc\u0105 firm kurierskich typu DPD, DHL itp.\u00a0 Stawiamy &#8230; <a title=\"FAQ\" class=\"read-more\" href=\"https:\/\/helloflowers.pl\/en\/faq\/\" aria-label=\"More on FAQ\">Read more<\/a><\/p>","protected":false},"author":1,"featured_media":0,"parent":0,"menu_order":0,"comment_status":"closed","ping_status":"closed","template":"","meta":{"footnotes":""},"class_list":["post-18986","page","type-page","status-publish"],"aioseo_notices":[],"_links":{"self":[{"href":"https:\/\/helloflowers.pl\/en\/wp-json\/wp\/v2\/pages\/18986","targetHints":{"allow":["GET"]}}],"collection":[{"href":"https:\/\/helloflowers.pl\/en\/wp-json\/wp\/v2\/pages"}],"about":[{"href":"https:\/\/helloflowers.pl\/en\/wp-json\/wp\/v2\/types\/page"}],"author":[{"embeddable":true,"href":"https:\/\/helloflowers.pl\/en\/wp-json\/wp\/v2\/users\/1"}],"replies":[{"embeddable":true,"href":"https:\/\/helloflowers.pl\/en\/wp-json\/wp\/v2\/comments?post=18986"}],"version-history":[{"count":0,"href":"https:\/\/helloflowers.pl\/en\/wp-json\/wp\/v2\/pages\/18986\/revisions"}],"wp:attachment":[{"href":"https:\/\/helloflowers.pl\/en\/wp-json\/wp\/v2\/media?parent=18986"}],"curies":[{"name":"wp","href":"https:\/\/api.w.org\/{rel}","templated":true}]}}