{"id":19176,"date":"2017-08-29T10:03:33","date_gmt":"2017-08-29T08:03:33","guid":{"rendered":"http:\/\/helloflowers.pl\/?page_id=19176"},"modified":"2022-03-01T13:50:38","modified_gmt":"2022-03-01T12:50:38","slug":"duze-boxy-4","status":"publish","type":"page","link":"https:\/\/helloflowers.pl\/en\/duze-boxy-4\/","title":{"rendered":"Big boxes"},"content":{"rendered":"<div data-elementor-type=\"wp-page\" data-elementor-id=\"19176\" class=\"elementor elementor-19176\" data-elementor-post-type=\"page\">\n\t\t\t\t\t\t<section class=\"elementor-section elementor-top-section elementor-element elementor-element-6f15389 elementor-section-boxed elementor-section-height-default elementor-section-height-default\" data-id=\"6f15389\" data-element_type=\"section\" data-e-type=\"section\">\n\t\t\t\t\t\t<div class=\"elementor-container elementor-column-gap-default\">\n\t\t\t\t\t<div class=\"elementor-column elementor-col-100 elementor-top-column elementor-element elementor-element-249bb79\" data-id=\"249bb79\" data-element_type=\"column\" data-e-type=\"column\">\n\t\t\t<div class=\"elementor-widget-wrap elementor-element-populated\">\n\t\t\t\t\t\t<div class=\"elementor-element elementor-element-5ced9dbb elementor-widget elementor-widget-text-editor\" data-id=\"5ced9dbb\" data-element_type=\"widget\" data-e-type=\"widget\" data-widget_type=\"text-editor.default\">\n\t\t\t\t<div class=\"elementor-widget-container\">\n\t\t\t\t\t\t\t\t\t<h2>Du\u017ce boxy. Niezwyk\u0142y prezent na&nbsp;<span style=\"color: var( --e-global-color-text ); font-family: var( --e-global-typography-text-font-family ), Sans-serif;\">wyj\u0105tkow\u0105 okazj\u0119!<\/span><\/h2>\n<p>R\u00f3\u017ce, to pi\u0119kny, uniwersalny kwiat, kt\u00f3ry kocha ka\u017cda kobieta. Nasze flowerboxy pomagaj\u0105&nbsp;<span style=\"color: var( --e-global-color-text ); font-family: var( --e-global-typography-text-font-family ), Sans-serif;\">wyrazi\u0107 mi\u0142o\u015b\u0107, wdzi\u0119czno\u015b\u0107, zaufanie, czy po prostu sympati\u0119. Wype\u0142ni\u0105 elegancj\u0105 i<\/span><span style=\"color: var( --e-global-color-text ); font-family: var( --e-global-typography-text-font-family ), Sans-serif;\">dobrym stylem wn\u0119trze na d\u0142ugi czas! Wybierane przez Klient\u00f3w z okazji takich jak&nbsp;<\/span><span style=\"color: var( --e-global-color-text ); font-family: var( --e-global-typography-text-font-family ), Sans-serif;\">Walentynki, Dzie\u0144 Kobiet, Dzie\u0144 Matki, Urodziny. \u015awietnie sprawdz\u0105 si\u0119 r\u00f3wnie\u017c, w chwili&nbsp;<\/span><span style=\"color: var( --e-global-color-text ); font-family: var( --e-global-typography-text-font-family ), Sans-serif;\">gdy chcemy wyrazi\u0107 pozytywne emocje\u2026 tak po prostu zrobi\u0107 niespodziank\u0119 bliskiej&nbsp;<\/span><span style=\"color: var( --e-global-color-text ); font-family: var( --e-global-typography-text-font-family ), Sans-serif;\">osobie!<\/span><\/p>\n<h2><span style=\"color: var( --e-global-color-text ); font-family: var( --e-global-typography-text-font-family ), Sans-serif;\">Nie wiesz jakie du\u017ce boxy wybra\u0107? Pomo\u017cemy!<\/span><\/h2>\n<p>Dzia\u0142amy w bran\u017cy florystycznej ju\u017c wiele lat. Wiemy, jaki kolor r\u00f3\u017c pasuje do konkretnej okazji. Maj\u0105c t\u0105&nbsp;<span style=\"color: var( --e-global-color-text ); font-family: var( --e-global-typography-text-font-family ), Sans-serif;\">wiedz\u0119 pomo\u017cemy w wyborze najlepszej opcji. Bierzemy pod uwag\u0119 charakter okazji i gust&nbsp;<\/span><span style=\"color: var( --e-global-color-text ); font-family: var( --e-global-typography-text-font-family ), Sans-serif;\">osoby obdarowanej.<\/span><\/p>\n<p>Sprawd\u017a r\u00f3wnie\u017c&nbsp;<a href=\"https:\/\/helloflowers.pl\/en\/kategoria-produktu\/male-boxy\/\" target=\"_blank\">ma\u0142e boxy&nbsp;<\/a>dost\u0119pne w naszej ofercie!<\/p>\t\t\t\t\t\t\t\t<\/div>\n\t\t\t\t<\/div>\n\t\t\t\t\t<\/div>\n\t\t<\/div>\n\t\t\t\t\t<\/div>\n\t\t<\/section>\n\t\t\t\t<section class=\"elementor-section elementor-top-section elementor-element elementor-element-1bdcfa5 elementor-section-boxed elementor-section-height-default elementor-section-height-default\" data-id=\"1bdcfa5\" data-element_type=\"section\" data-e-type=\"section\">\n\t\t\t\t\t\t<div class=\"elementor-container elementor-column-gap-default\">\n\t\t\t\t\t<div class=\"elementor-column elementor-col-100 elementor-top-column elementor-element elementor-element-fcdcb70\" data-id=\"fcdcb70\" data-element_type=\"column\" data-e-type=\"column\">\n\t\t\t<div class=\"elementor-widget-wrap elementor-element-populated\">\n\t\t\t\t\t\t\t<\/div>\n\t\t<\/div>\n\t\t\t\t\t<\/div>\n\t\t<\/section>\n\t\t\t\t<\/div>","protected":false},"excerpt":{"rendered":"<p>Du\u017ce boxy. Niezwyk\u0142y prezent na&nbsp;wyj\u0105tkow\u0105 okazj\u0119! R\u00f3\u017ce, to pi\u0119kny, uniwersalny kwiat, kt\u00f3ry kocha ka\u017cda kobieta. Nasze flowerboxy pomagaj\u0105&nbsp;wyrazi\u0107 mi\u0142o\u015b\u0107, wdzi\u0119czno\u015b\u0107, zaufanie, czy po prostu sympati\u0119. Wype\u0142ni\u0105 elegancj\u0105 idobrym stylem wn\u0119trze na d\u0142ugi czas! Wybierane przez Klient\u00f3w z okazji takich jak&nbsp;Walentynki, Dzie\u0144 Kobiet, Dzie\u0144 Matki, Urodziny. \u015awietnie sprawdz\u0105 si\u0119 r\u00f3wnie\u017c, w chwili&nbsp;gdy chcemy wyrazi\u0107 pozytywne emocje\u2026 &#8230; <a title=\"Big boxes\" class=\"read-more\" href=\"https:\/\/helloflowers.pl\/en\/duze-boxy-4\/\" aria-label=\"More on Du\u017ce boxy\">Read more<\/a><\/p>","protected":false},"author":1,"featured_media":0,"parent":0,"menu_order":0,"comment_status":"closed","ping_status":"closed","template":"","meta":{"footnotes":""},"class_list":["post-19176","page","type-page","status-publish"],"aioseo_notices":[],"_links":{"self":[{"href":"https:\/\/helloflowers.pl\/en\/wp-json\/wp\/v2\/pages\/19176","targetHints":{"allow":["GET"]}}],"collection":[{"href":"https:\/\/helloflowers.pl\/en\/wp-json\/wp\/v2\/pages"}],"about":[{"href":"https:\/\/helloflowers.pl\/en\/wp-json\/wp\/v2\/types\/page"}],"author":[{"embeddable":true,"href":"https:\/\/helloflowers.pl\/en\/wp-json\/wp\/v2\/users\/1"}],"replies":[{"embeddable":true,"href":"https:\/\/helloflowers.pl\/en\/wp-json\/wp\/v2\/comments?post=19176"}],"version-history":[{"count":0,"href":"https:\/\/helloflowers.pl\/en\/wp-json\/wp\/v2\/pages\/19176\/revisions"}],"wp:attachment":[{"href":"https:\/\/helloflowers.pl\/en\/wp-json\/wp\/v2\/media?parent=19176"}],"curies":[{"name":"wp","href":"https:\/\/api.w.org\/{rel}","templated":true}]}}