{"id":20126,"date":"2019-02-27T16:51:12","date_gmt":"2019-02-27T15:51:12","guid":{"rendered":"https:\/\/helloflowers.pl\/?page_id=20126"},"modified":"2019-02-27T17:18:26","modified_gmt":"2019-02-27T16:18:26","slug":"premium","status":"publish","type":"page","link":"https:\/\/helloflowers.pl\/en\/premium\/","title":{"rendered":"PREMIUM"},"content":{"rendered":"<div class=\"woocommerce columns-4\"><ul class=\"products columns-4\">\n<li class=\"sales-flash-overlay woocommerce-text-align-center woocommerce-image-align-center do-quantity-buttons product type-product post-24573 status-publish first instock product_cat-edycja-limitowana product_cat-premium has-post-thumbnail shipping-taxable purchasable product-type-simple\">\n\t<a href=\"https:\/\/helloflowers.pl\/en\/sklep\/gozdziki-i-eukaliptus-w-malym-szarym-welurowym-boxie-kochanej-babci-kwiaty-w-pudelkach-flower-box-dzien-babci\/\" class=\"woocommerce-LoopProduct-link woocommerce-loop-product__link\"><img fetchpriority=\"high\" decoding=\"async\" width=\"500\" height=\"596\" src=\"https:\/\/helloflowers.pl\/wp-content\/uploads\/2024\/01\/DzienBabci_maly_szary-500x596.jpg\" class=\"attachment-woocommerce_thumbnail size-woocommerce_thumbnail\" alt=\"Bia\u0142e Go\u017adziki i Eukaliptus w ma\u0142ym szarym welurowym boxie Kochanej Babci - kwiaty w pude\u0142kach | flower box\" srcset=\"https:\/\/helloflowers.pl\/wp-content\/uploads\/2024\/01\/DzienBabci_maly_szary-500x596.jpg 500w, https:\/\/helloflowers.pl\/wp-content\/uploads\/2024\/01\/DzienBabci_maly_szary-252x300.jpg 252w, https:\/\/helloflowers.pl\/wp-content\/uploads\/2024\/01\/DzienBabci_maly_szary-10x12.jpg 10w, https:\/\/helloflowers.pl\/wp-content\/uploads\/2024\/01\/DzienBabci_maly_szary.jpg 503w\" sizes=\"(max-width: 500px) 100vw, 500px\" \/><h2 class=\"woocommerce-loop-product__title\">Bia\u0142e Go\u017adziki i Eukaliptus w ma\u0142ym szarym welurowym boxie Kochanej Babci &#8211; kwiaty w pude\u0142kach | flower box<\/h2>\n\t<span class=\"price\"><span class=\"woocommerce-Price-amount amount\"><bdi>170,00&nbsp;<span class=\"woocommerce-Price-currencySymbol\">&#122;&#322;<\/span><\/bdi><\/span><\/span>\n<\/a><a href=\"https:\/\/helloflowers.pl\/en\/sklep\/gozdziki-i-eukaliptus-w-malym-szarym-welurowym-boxie-kochanej-babci-kwiaty-w-pudelkach-flower-box-dzien-babci\/\" rel=\"nofollow\" data-product_id=\"24573\" data-product_sku=\"\" data-quantity=\"1\" class=\"button  product_type_simple\">View Product<\/a>\t<span id=\"woocommerce_loop_add_to_cart_link_describedby_24573\" class=\"screen-reader-text\">\n\t\t\t<\/span>\n<\/li>\n<li class=\"sales-flash-overlay woocommerce-text-align-center woocommerce-image-align-center do-quantity-buttons product type-product post-22111 status-publish instock product_cat-dzien-matki product_cat-edycja-limitowana product_cat-premium has-post-thumbnail shipping-taxable purchasable product-type-simple\">\n\t<a href=\"https:\/\/helloflowers.pl\/en\/sklep\/biale-roze-mini-moet-raffaello-w-boxie-serce-kwiaty-w-pudelkach-flower-box-heart\/\" class=\"woocommerce-LoopProduct-link woocommerce-loop-product__link\"><img decoding=\"async\" width=\"500\" height=\"600\" src=\"https:\/\/helloflowers.pl\/wp-content\/uploads\/2021\/01\/flowerbox_serce_bialeroze_moet.jpg\" class=\"attachment-woocommerce_thumbnail size-woocommerce_thumbnail\" alt=\"White roses + mini Mo\u00ebt + Raffaello in heart box - flowers in a box\" srcset=\"https:\/\/helloflowers.pl\/wp-content\/uploads\/2021\/01\/flowerbox_serce_bialeroze_moet.jpg 500w, https:\/\/helloflowers.pl\/wp-content\/uploads\/2021\/01\/flowerbox_serce_bialeroze_moet-250x300.jpg 250w, https:\/\/helloflowers.pl\/wp-content\/uploads\/2021\/01\/flowerbox_serce_bialeroze_moet-10x12.jpg 10w\" sizes=\"(max-width: 500px) 100vw, 500px\" \/><h2 class=\"woocommerce-loop-product__title\">White roses + mini Mo\u00ebt + Raffaello in heart box - flowers in a box<\/h2>\n\t<span class=\"price\"><span class=\"woocommerce-Price-amount amount\"><bdi>330,00&nbsp;<span class=\"woocommerce-Price-currencySymbol\">&#122;&#322;<\/span><\/bdi><\/span><\/span>\n<\/a><a href=\"https:\/\/helloflowers.pl\/en\/sklep\/biale-roze-mini-moet-raffaello-w-boxie-serce-kwiaty-w-pudelkach-flower-box-heart\/\" rel=\"nofollow\" data-product_id=\"22111\" data-product_sku=\"\" data-quantity=\"1\" class=\"button  product_type_simple\">View Product<\/a>\t<span id=\"woocommerce_loop_add_to_cart_link_describedby_22111\" class=\"screen-reader-text\">\n\t\t\t<\/span>\n<\/li>\n<li class=\"sales-flash-overlay woocommerce-text-align-center woocommerce-image-align-center do-quantity-buttons product type-product post-20757 status-publish instock product_cat-bukiety product_cat-premium has-post-thumbnail shipping-taxable purchasable product-type-simple\">\n\t<a href=\"https:\/\/helloflowers.pl\/en\/sklep\/bukiet-ze-101-czerwonych-roz-bukiet-kwiatowy\/\" class=\"woocommerce-LoopProduct-link woocommerce-loop-product__link\"><img decoding=\"async\" width=\"500\" height=\"510\" src=\"https:\/\/helloflowers.pl\/wp-content\/uploads\/2019\/09\/bukiet_101_czerwoneroze-500x510.jpg\" class=\"attachment-woocommerce_thumbnail size-woocommerce_thumbnail\" alt=\"Bukiet 101 czerwonych r\u00f3\u017c | bukiet kwiatowy w papierze ozdobnym\" srcset=\"https:\/\/helloflowers.pl\/wp-content\/uploads\/2019\/09\/bukiet_101_czerwoneroze-500x510.jpg 500w, https:\/\/helloflowers.pl\/wp-content\/uploads\/2019\/09\/bukiet_101_czerwoneroze-294x300.jpg 294w, https:\/\/helloflowers.pl\/wp-content\/uploads\/2019\/09\/bukiet_101_czerwoneroze-12x12.jpg 12w, https:\/\/helloflowers.pl\/wp-content\/uploads\/2019\/09\/bukiet_101_czerwoneroze.jpg 588w\" sizes=\"(max-width: 500px) 100vw, 500px\" \/><h2 class=\"woocommerce-loop-product__title\">Bukiet 101 czerwonych r\u00f3\u017c | bukiet kwiatowy w papierze ozdobnym<\/h2>\n\t<span class=\"price\"><span class=\"woocommerce-Price-amount amount\"><bdi>1300,00&nbsp;<span class=\"woocommerce-Price-currencySymbol\">&#122;&#322;<\/span><\/bdi><\/span><\/span>\n<\/a><a href=\"https:\/\/helloflowers.pl\/en\/sklep\/bukiet-ze-101-czerwonych-roz-bukiet-kwiatowy\/\" rel=\"nofollow\" data-product_id=\"20757\" data-product_sku=\"\" data-quantity=\"1\" class=\"button  product_type_simple\">View Product<\/a>\t<span id=\"woocommerce_loop_add_to_cart_link_describedby_20757\" class=\"screen-reader-text\">\n\t\t\t<\/span>\n<\/li>\n<li class=\"sales-flash-overlay woocommerce-text-align-center woocommerce-image-align-center do-quantity-buttons product type-product post-24328 status-publish last instock product_cat-bukiety product_cat-premium has-post-thumbnail shipping-taxable purchasable product-type-simple\">\n\t<a href=\"https:\/\/helloflowers.pl\/en\/sklep\/bukiet-140-rozowych-roz-bukiet-kwiatowy\/\" class=\"woocommerce-LoopProduct-link woocommerce-loop-product__link\"><img loading=\"lazy\" decoding=\"async\" width=\"449\" height=\"600\" src=\"https:\/\/helloflowers.pl\/wp-content\/uploads\/2023\/08\/bukiet_140roz_rozowe.jpg\" class=\"attachment-woocommerce_thumbnail size-woocommerce_thumbnail\" alt=\"Bukiet 140 r\u00f3\u017cowych r\u00f3\u017c | bukiet kwiatowy\" srcset=\"https:\/\/helloflowers.pl\/wp-content\/uploads\/2023\/08\/bukiet_140roz_rozowe.jpg 449w, https:\/\/helloflowers.pl\/wp-content\/uploads\/2023\/08\/bukiet_140roz_rozowe-225x300.jpg 225w, https:\/\/helloflowers.pl\/wp-content\/uploads\/2023\/08\/bukiet_140roz_rozowe-9x12.jpg 9w\" sizes=\"(max-width: 449px) 100vw, 449px\" \/><h2 class=\"woocommerce-loop-product__title\">Bukiet 140 r\u00f3\u017cowych r\u00f3\u017c | bukiet kwiatowy<\/h2>\n\t<span class=\"price\"><span class=\"woocommerce-Price-amount amount\"><bdi>1850,00&nbsp;<span class=\"woocommerce-Price-currencySymbol\">&#122;&#322;<\/span><\/bdi><\/span><\/span>\n<\/a><a href=\"https:\/\/helloflowers.pl\/en\/sklep\/bukiet-140-rozowych-roz-bukiet-kwiatowy\/\" rel=\"nofollow\" data-product_id=\"24328\" data-product_sku=\"\" data-quantity=\"1\" class=\"button  product_type_simple\">View Product<\/a>\t<span id=\"woocommerce_loop_add_to_cart_link_describedby_24328\" class=\"screen-reader-text\">\n\t\t\t<\/span>\n<\/li>\n<li class=\"sales-flash-overlay woocommerce-text-align-center woocommerce-image-align-center do-quantity-buttons product type-product post-24567 status-publish first instock product_cat-duze-boxy product_cat-edycja-limitowana product_cat-premium has-post-thumbnail shipping-taxable purchasable product-type-simple\">\n\t<a href=\"https:\/\/helloflowers.pl\/en\/sklep\/kompozycja-swiezych-kwiatow-w-srednim-welurowym-boxie-kochanej-babci-kwiaty-w-pudelkach-flower-box-dzien-babci\/\" class=\"woocommerce-LoopProduct-link woocommerce-loop-product__link\"><img loading=\"lazy\" decoding=\"async\" width=\"500\" height=\"539\" src=\"https:\/\/helloflowers.pl\/wp-content\/uploads\/2024\/01\/dzienbabci_pudelka_pudrowyroz-500x539.jpg\" class=\"attachment-woocommerce_thumbnail size-woocommerce_thumbnail\" alt=\"Bukiet flower box| Kompozycja \u015bwie\u017cych kwiat\u00f3w w \u015brednim welurowym boxie Kochanej Babci - kwiaty w pude\u0142kach\" srcset=\"https:\/\/helloflowers.pl\/wp-content\/uploads\/2024\/01\/dzienbabci_pudelka_pudrowyroz-500x539.jpg 500w, https:\/\/helloflowers.pl\/wp-content\/uploads\/2024\/01\/dzienbabci_pudelka_pudrowyroz-278x300.jpg 278w, https:\/\/helloflowers.pl\/wp-content\/uploads\/2024\/01\/dzienbabci_pudelka_pudrowyroz-11x12.jpg 11w, https:\/\/helloflowers.pl\/wp-content\/uploads\/2024\/01\/dzienbabci_pudelka_pudrowyroz.jpg 556w\" sizes=\"(max-width: 500px) 100vw, 500px\" \/><h2 class=\"woocommerce-loop-product__title\">Bukiet flower box| Kompozycja \u015bwie\u017cych kwiat\u00f3w w \u015brednim welurowym boxie Kochanej Babci &#8211; kwiaty w pude\u0142kach<\/h2>\n\t<span class=\"price\"><span class=\"woocommerce-Price-amount amount\"><bdi>240,00&nbsp;<span class=\"woocommerce-Price-currencySymbol\">&#122;&#322;<\/span><\/bdi><\/span><\/span>\n<\/a><a href=\"https:\/\/helloflowers.pl\/en\/sklep\/kompozycja-swiezych-kwiatow-w-srednim-welurowym-boxie-kochanej-babci-kwiaty-w-pudelkach-flower-box-dzien-babci\/\" rel=\"nofollow\" data-product_id=\"24567\" data-product_sku=\"\" data-quantity=\"1\" class=\"button  product_type_simple\">View Product<\/a>\t<span id=\"woocommerce_loop_add_to_cart_link_describedby_24567\" class=\"screen-reader-text\">\n\t\t\t<\/span>\n<\/li>\n<li class=\"sales-flash-overlay woocommerce-text-align-center woocommerce-image-align-center do-quantity-buttons product type-product post-21709 status-publish instock product_cat-edycja-limitowana product_cat-premium has-post-thumbnail shipping-taxable purchasable product-type-simple\">\n\t<a href=\"https:\/\/helloflowers.pl\/en\/sklep\/czerwone-roze-mini-moet-raffaello-w-boxie-serce-kwiaty-w-pudelkach-flower-box\/\" class=\"woocommerce-LoopProduct-link woocommerce-loop-product__link\"><img loading=\"lazy\" decoding=\"async\" width=\"500\" height=\"600\" src=\"https:\/\/helloflowers.pl\/wp-content\/uploads\/2020\/07\/serce_moet.jpg\" class=\"attachment-woocommerce_thumbnail size-woocommerce_thumbnail\" alt=\"Red roses + mini Mo\u00ebt + Raffaello in heart box - flowers in a box\" srcset=\"https:\/\/helloflowers.pl\/wp-content\/uploads\/2020\/07\/serce_moet.jpg 500w, https:\/\/helloflowers.pl\/wp-content\/uploads\/2020\/07\/serce_moet-250x300.jpg 250w\" sizes=\"(max-width: 500px) 100vw, 500px\" \/><h2 class=\"woocommerce-loop-product__title\">Red roses + mini Mo\u00ebt + Raffaello in heart box - flowers in a box<\/h2>\n\t<span class=\"price\"><span class=\"woocommerce-Price-amount amount\"><bdi>350,00&nbsp;<span class=\"woocommerce-Price-currencySymbol\">&#122;&#322;<\/span><\/bdi><\/span><\/span>\n<\/a><a href=\"https:\/\/helloflowers.pl\/en\/sklep\/czerwone-roze-mini-moet-raffaello-w-boxie-serce-kwiaty-w-pudelkach-flower-box\/\" rel=\"nofollow\" data-product_id=\"21709\" data-product_sku=\"\" data-quantity=\"1\" class=\"button  product_type_simple\">View Product<\/a>\t<span id=\"woocommerce_loop_add_to_cart_link_describedby_21709\" class=\"screen-reader-text\">\n\t\t\t<\/span>\n<\/li>\n<li class=\"sales-flash-overlay woocommerce-text-align-center woocommerce-image-align-center do-quantity-buttons product type-product post-21141 status-publish instock product_cat-edycja-limitowana product_cat-premium has-post-thumbnail shipping-taxable purchasable product-type-simple\">\n\t<a href=\"https:\/\/helloflowers.pl\/en\/sklep\/czerwone-roze-w-drewnianej-ramce-kwiaty-w-pudelku\/\" class=\"woocommerce-LoopProduct-link woocommerce-loop-product__link\"><img loading=\"lazy\" decoding=\"async\" width=\"496\" height=\"600\" src=\"https:\/\/helloflowers.pl\/wp-content\/uploads\/2020\/01\/ramka_czerwoneroze.jpg\" class=\"attachment-woocommerce_thumbnail size-woocommerce_thumbnail\" alt=\"Czerwone r\u00f3\u017ce w drewnianej d\u0119bowej ramce - kwiaty w pude\u0142ku\" srcset=\"https:\/\/helloflowers.pl\/wp-content\/uploads\/2020\/01\/ramka_czerwoneroze.jpg 496w, https:\/\/helloflowers.pl\/wp-content\/uploads\/2020\/01\/ramka_czerwoneroze-248x300.jpg 248w\" sizes=\"(max-width: 496px) 100vw, 496px\" \/><h2 class=\"woocommerce-loop-product__title\">Red roses in a wooden premium box - flowers in a box<\/h2>\n\t<span class=\"price\"><span class=\"woocommerce-Price-amount amount\"><bdi>275,00&nbsp;<span class=\"woocommerce-Price-currencySymbol\">&#122;&#322;<\/span><\/bdi><\/span><\/span>\n<\/a><a href=\"https:\/\/helloflowers.pl\/en\/sklep\/czerwone-roze-w-drewnianej-ramce-kwiaty-w-pudelku\/\" rel=\"nofollow\" data-product_id=\"21141\" data-product_sku=\"\" data-quantity=\"1\" class=\"button  product_type_simple\">View Product<\/a>\t<span id=\"woocommerce_loop_add_to_cart_link_describedby_21141\" class=\"screen-reader-text\">\n\t\t\t<\/span>\n<\/li>\n<li class=\"sales-flash-overlay woocommerce-text-align-center woocommerce-image-align-center do-quantity-buttons product type-product post-20644 status-publish last instock product_cat-edycja-limitowana product_cat-premium has-post-thumbnail featured shipping-taxable purchasable product-type-simple\">\n\t<a href=\"https:\/\/helloflowers.pl\/en\/sklep\/czerwone-roze-w-drewnianym-premium-boxie-kwiaty-w-pudelku\/\" class=\"woocommerce-LoopProduct-link woocommerce-loop-product__link\"><img loading=\"lazy\" decoding=\"async\" width=\"500\" height=\"600\" src=\"https:\/\/helloflowers.pl\/wp-content\/uploads\/2018\/08\/wood_box.jpg\" class=\"attachment-woocommerce_thumbnail size-woocommerce_thumbnail\" alt=\"Red roses in a wooden premium box - flowers in a box\" srcset=\"https:\/\/helloflowers.pl\/wp-content\/uploads\/2018\/08\/wood_box.jpg 500w, https:\/\/helloflowers.pl\/wp-content\/uploads\/2018\/08\/wood_box-250x300.jpg 250w, https:\/\/helloflowers.pl\/wp-content\/uploads\/2018\/08\/wood_box-10x12.jpg 10w\" sizes=\"(max-width: 500px) 100vw, 500px\" \/><h2 class=\"woocommerce-loop-product__title\">Red roses in a wooden premium box - flowers in a box<\/h2>\n\t<span class=\"price\"><span class=\"woocommerce-Price-amount amount\"><bdi>455,00&nbsp;<span class=\"woocommerce-Price-currencySymbol\">&#122;&#322;<\/span><\/bdi><\/span><\/span>\n<\/a><a href=\"https:\/\/helloflowers.pl\/en\/sklep\/czerwone-roze-w-drewnianym-premium-boxie-kwiaty-w-pudelku\/\" rel=\"nofollow\" data-product_id=\"20644\" data-product_sku=\"\" data-quantity=\"1\" class=\"button  product_type_simple\">View Product<\/a>\t<span id=\"woocommerce_loop_add_to_cart_link_describedby_20644\" class=\"screen-reader-text\">\n\t\t\t<\/span>\n<\/li>\n<li class=\"sales-flash-overlay woocommerce-text-align-center woocommerce-image-align-center do-quantity-buttons product type-product post-20647 status-publish first instock product_cat-edycja-limitowana product_cat-premium has-post-thumbnail shipping-taxable purchasable product-type-simple\">\n\t<a href=\"https:\/\/helloflowers.pl\/en\/sklep\/czerwone-roze-w-malym-drewnianym-premium-boxie-kwiaty-w-pudelku-2\/\" class=\"woocommerce-LoopProduct-link woocommerce-loop-product__link\"><img loading=\"lazy\" decoding=\"async\" width=\"500\" height=\"600\" src=\"https:\/\/helloflowers.pl\/wp-content\/uploads\/2019\/07\/mini_drewno-500x600.jpg\" class=\"attachment-woocommerce_thumbnail size-woocommerce_thumbnail\" alt=\"Czerwone r\u00f3\u017ce w ma\u0142ym drewnianym premium boxie - kwiaty w pude\u0142ku\" srcset=\"https:\/\/helloflowers.pl\/wp-content\/uploads\/2019\/07\/mini_drewno.jpg 500w, https:\/\/helloflowers.pl\/wp-content\/uploads\/2019\/07\/mini_drewno-250x300.jpg 250w\" sizes=\"(max-width: 500px) 100vw, 500px\" \/><h2 class=\"woocommerce-loop-product__title\">Red roses in a wooden premium box - flowers in a box<\/h2>\n\t<span class=\"price\"><span class=\"woocommerce-Price-amount amount\"><bdi>340,00&nbsp;<span class=\"woocommerce-Price-currencySymbol\">&#122;&#322;<\/span><\/bdi><\/span><\/span>\n<\/a><a href=\"https:\/\/helloflowers.pl\/en\/sklep\/czerwone-roze-w-malym-drewnianym-premium-boxie-kwiaty-w-pudelku-2\/\" rel=\"nofollow\" data-product_id=\"20647\" data-product_sku=\"\" data-quantity=\"1\" class=\"button  product_type_simple\">View Product<\/a>\t<span id=\"woocommerce_loop_add_to_cart_link_describedby_20647\" class=\"screen-reader-text\">\n\t\t\t<\/span>\n<\/li>\n<li class=\"sales-flash-overlay woocommerce-text-align-center woocommerce-image-align-center do-quantity-buttons product type-product post-24474 status-publish instock product_cat-duze-boxy product_cat-dzien-matki product_cat-edycja-limitowana product_cat-premium has-post-thumbnail shipping-taxable purchasable product-type-simple\">\n\t<a href=\"https:\/\/helloflowers.pl\/en\/sklep\/kolorowa-swieza-gipsowka-w-duzym-rozowym-welurowym-boxie-kwiaty-w-pudelkach-flower-box\/\" class=\"woocommerce-LoopProduct-link woocommerce-loop-product__link\"><img loading=\"lazy\" decoding=\"async\" width=\"445\" height=\"600\" src=\"https:\/\/helloflowers.pl\/wp-content\/uploads\/2023\/11\/gipskolor_duzywelur_roz.jpg\" class=\"attachment-woocommerce_thumbnail size-woocommerce_thumbnail\" alt=\"Kolorowa \u015bwie\u017ca GIPS\u00d3WKA w du\u017cym r\u00f3\u017cowym welurowym boxie - kwiaty w pude\u0142kach | flower box\" srcset=\"https:\/\/helloflowers.pl\/wp-content\/uploads\/2023\/11\/gipskolor_duzywelur_roz.jpg 445w, https:\/\/helloflowers.pl\/wp-content\/uploads\/2023\/11\/gipskolor_duzywelur_roz-223x300.jpg 223w, https:\/\/helloflowers.pl\/wp-content\/uploads\/2023\/11\/gipskolor_duzywelur_roz-9x12.jpg 9w\" sizes=\"(max-width: 445px) 100vw, 445px\" \/><h2 class=\"woocommerce-loop-product__title\">Kolorowa \u015bwie\u017ca GIPS\u00d3WKA w du\u017cym r\u00f3\u017cowym welurowym boxie &#8211; kwiaty w pude\u0142kach | flower box<\/h2>\n\t<span class=\"price\"><span class=\"woocommerce-Price-amount amount\"><bdi>220,00&nbsp;<span class=\"woocommerce-Price-currencySymbol\">&#122;&#322;<\/span><\/bdi><\/span><\/span>\n<\/a><a href=\"https:\/\/helloflowers.pl\/en\/sklep\/kolorowa-swieza-gipsowka-w-duzym-rozowym-welurowym-boxie-kwiaty-w-pudelkach-flower-box\/\" rel=\"nofollow\" data-product_id=\"24474\" data-product_sku=\"\" data-quantity=\"1\" class=\"button  product_type_simple\">View Product<\/a>\t<span id=\"woocommerce_loop_add_to_cart_link_describedby_24474\" class=\"screen-reader-text\">\n\t\t\t<\/span>\n<\/li>\n<li class=\"sales-flash-overlay woocommerce-text-align-center woocommerce-image-align-center do-quantity-buttons product type-product post-25586 status-publish instock product_cat-edycja-limitowana product_cat-premium has-post-thumbnail shipping-taxable purchasable product-type-simple\">\n\t<a href=\"https:\/\/helloflowers.pl\/en\/sklep\/kompozycja-walentynkowa-czerwone-roze-x-mis-x-praliny-lindt-kwiaty-w-pudelkach\/\" class=\"woocommerce-LoopProduct-link woocommerce-loop-product__link\"><img loading=\"lazy\" decoding=\"async\" width=\"500\" height=\"643\" src=\"https:\/\/helloflowers.pl\/wp-content\/uploads\/2026\/02\/walentynki_zestaw_2026.jpg\" class=\"attachment-woocommerce_thumbnail size-woocommerce_thumbnail\" alt=\"Kompozycja Prezentowa Czerwone R\u00f3\u017ce x Mi\u015b x Praliny Lindt - kwiaty w pude\u0142kach\" srcset=\"https:\/\/helloflowers.pl\/wp-content\/uploads\/2026\/02\/walentynki_zestaw_2026.jpg 500w, https:\/\/helloflowers.pl\/wp-content\/uploads\/2026\/02\/walentynki_zestaw_2026-233x300.jpg 233w, https:\/\/helloflowers.pl\/wp-content\/uploads\/2026\/02\/walentynki_zestaw_2026-9x12.jpg 9w\" sizes=\"(max-width: 500px) 100vw, 500px\" \/><h2 class=\"woocommerce-loop-product__title\">Kompozycja Prezentowa Czerwone R\u00f3\u017ce x Mi\u015b x Praliny Lindt &#8211; kwiaty w pude\u0142kach<\/h2>\n\t<span class=\"price\"><span class=\"woocommerce-Price-amount amount\"><bdi>310,00&nbsp;<span class=\"woocommerce-Price-currencySymbol\">&#122;&#322;<\/span><\/bdi><\/span><\/span>\n<\/a><a href=\"https:\/\/helloflowers.pl\/en\/sklep\/kompozycja-walentynkowa-czerwone-roze-x-mis-x-praliny-lindt-kwiaty-w-pudelkach\/\" rel=\"nofollow\" data-product_id=\"25586\" data-product_sku=\"\" data-quantity=\"1\" class=\"button  product_type_simple\">View Product<\/a>\t<span id=\"woocommerce_loop_add_to_cart_link_describedby_25586\" class=\"screen-reader-text\">\n\t\t\t<\/span>\n<\/li>\n<li class=\"sales-flash-overlay woocommerce-text-align-center woocommerce-image-align-center do-quantity-buttons product type-product post-25273 status-publish last instock product_cat-dzien-matki product_cat-edycja-limitowana product_cat-premium has-post-thumbnail shipping-taxable purchasable product-type-simple\">\n\t<a href=\"https:\/\/helloflowers.pl\/en\/sklep\/kompozycja-swiezych-kwiatow-na-dzien-matki-elegancka-kompozycja-w-brzoskwiniowym-pudelku-mom\/\" class=\"woocommerce-LoopProduct-link woocommerce-loop-product__link\"><img loading=\"lazy\" decoding=\"async\" width=\"500\" height=\"485\" src=\"https:\/\/helloflowers.pl\/wp-content\/uploads\/2025\/05\/brzoskwinia_dzienamatki-500x485.jpg\" class=\"attachment-woocommerce_thumbnail size-woocommerce_thumbnail\" alt=\"Kompozycja \u015bwie\u017cych kwiat\u00f3w Dla Mamy \u2013 elegancka kompozycja w brzoskwiniowym pude\u0142ku \u201eMOM\u201d\" srcset=\"https:\/\/helloflowers.pl\/wp-content\/uploads\/2025\/05\/brzoskwinia_dzienamatki-500x485.jpg 500w, https:\/\/helloflowers.pl\/wp-content\/uploads\/2025\/05\/brzoskwinia_dzienamatki-300x291.jpg 300w, https:\/\/helloflowers.pl\/wp-content\/uploads\/2025\/05\/brzoskwinia_dzienamatki-12x12.jpg 12w, https:\/\/helloflowers.pl\/wp-content\/uploads\/2025\/05\/brzoskwinia_dzienamatki.jpg 618w\" sizes=\"(max-width: 500px) 100vw, 500px\" \/><h2 class=\"woocommerce-loop-product__title\">Kompozycja \u015bwie\u017cych kwiat\u00f3w Dla Mamy \u2013 elegancka kompozycja w brzoskwiniowym pude\u0142ku \u201eMOM\u201d<\/h2>\n\t<span class=\"price\"><span class=\"woocommerce-Price-amount amount\"><bdi>180,00&nbsp;<span class=\"woocommerce-Price-currencySymbol\">&#122;&#322;<\/span><\/bdi><\/span><\/span>\n<\/a><a href=\"https:\/\/helloflowers.pl\/en\/sklep\/kompozycja-swiezych-kwiatow-na-dzien-matki-elegancka-kompozycja-w-brzoskwiniowym-pudelku-mom\/\" rel=\"nofollow\" data-product_id=\"25273\" data-product_sku=\"\" data-quantity=\"1\" class=\"button  product_type_simple\">View Product<\/a>\t<span id=\"woocommerce_loop_add_to_cart_link_describedby_25273\" class=\"screen-reader-text\">\n\t\t\t<\/span>\n<\/li>\n<\/ul>\n<\/div>","protected":false},"excerpt":{"rendered":"","protected":false},"author":2,"featured_media":0,"parent":0,"menu_order":0,"comment_status":"closed","ping_status":"closed","template":"","meta":{"footnotes":""},"class_list":["post-20126","page","type-page","status-publish"],"aioseo_notices":[],"_links":{"self":[{"href":"https:\/\/helloflowers.pl\/en\/wp-json\/wp\/v2\/pages\/20126","targetHints":{"allow":["GET"]}}],"collection":[{"href":"https:\/\/helloflowers.pl\/en\/wp-json\/wp\/v2\/pages"}],"about":[{"href":"https:\/\/helloflowers.pl\/en\/wp-json\/wp\/v2\/types\/page"}],"author":[{"embeddable":true,"href":"https:\/\/helloflowers.pl\/en\/wp-json\/wp\/v2\/users\/2"}],"replies":[{"embeddable":true,"href":"https:\/\/helloflowers.pl\/en\/wp-json\/wp\/v2\/comments?post=20126"}],"version-history":[{"count":0,"href":"https:\/\/helloflowers.pl\/en\/wp-json\/wp\/v2\/pages\/20126\/revisions"}],"wp:attachment":[{"href":"https:\/\/helloflowers.pl\/en\/wp-json\/wp\/v2\/media?parent=20126"}],"curies":[{"name":"wp","href":"https:\/\/api.w.org\/{rel}","templated":true}]}}