{"id":22435,"date":"2021-03-30T20:48:05","date_gmt":"2021-03-30T19:48:05","guid":{"rendered":"https:\/\/helloflowers.pl\/?page_id=22435"},"modified":"2025-12-29T14:08:36","modified_gmt":"2025-12-29T13:08:36","slug":"kwiatomat-24-7","status":"publish","type":"page","link":"https:\/\/helloflowers.pl\/en\/kwiatomat-24-7\/","title":{"rendered":"Kwiatomat 24\/7"},"content":{"rendered":"<div data-elementor-type=\"wp-page\" data-elementor-id=\"22435\" class=\"elementor elementor-22435\" data-elementor-post-type=\"page\">\n\t\t\t\t\t\t<section class=\"elementor-section elementor-top-section elementor-element elementor-element-7a7ee44 elementor-section-boxed elementor-section-height-default elementor-section-height-default\" data-id=\"7a7ee44\" data-element_type=\"section\" data-e-type=\"section\">\n\t\t\t\t\t\t<div class=\"elementor-container elementor-column-gap-default\">\n\t\t\t\t\t<div class=\"elementor-column elementor-col-100 elementor-top-column elementor-element elementor-element-13ae999\" data-id=\"13ae999\" data-element_type=\"column\" data-e-type=\"column\">\n\t\t\t<div class=\"elementor-widget-wrap elementor-element-populated\">\n\t\t\t\t\t\t<div class=\"elementor-element elementor-element-2846a37 elementor-widget elementor-widget-image\" data-id=\"2846a37\" data-element_type=\"widget\" data-e-type=\"widget\" data-widget_type=\"image.default\">\n\t\t\t\t<div class=\"elementor-widget-container\">\n\t\t\t\t\t\t\t\t\t\t\t\t\t\t\t<img fetchpriority=\"high\" decoding=\"async\" width=\"424\" height=\"600\" src=\"https:\/\/helloflowers.pl\/wp-content\/uploads\/2021\/04\/kwiatomat_247.jpg\" class=\"attachment-large size-large wp-image-22474\" alt=\"\" srcset=\"https:\/\/helloflowers.pl\/wp-content\/uploads\/2021\/04\/kwiatomat_247.jpg 424w, https:\/\/helloflowers.pl\/wp-content\/uploads\/2021\/04\/kwiatomat_247-212x300.jpg 212w, https:\/\/helloflowers.pl\/wp-content\/uploads\/2021\/04\/kwiatomat_247-8x12.jpg 8w\" sizes=\"(max-width: 424px) 100vw, 424px\" \/>\t\t\t\t\t\t\t\t\t\t\t\t\t\t\t<\/div>\n\t\t\t\t<\/div>\n\t\t\t\t<div class=\"elementor-element elementor-element-94c5064 elementor-widget elementor-widget-text-editor\" data-id=\"94c5064\" data-element_type=\"widget\" data-e-type=\"widget\" data-widget_type=\"text-editor.default\">\n\t\t\t\t<div class=\"elementor-widget-container\">\n\t\t\t\t\t\t\t\t\t<h2>Kwiatomat 24\/7 &#8211; kupuj kwiaty o dowolnej porze, spraw rado\u015b\u0107\u00a0bliskiej osobie!<\/h2><p style=\"margin-bottom: 0px; font-stretch: normal; line-height: normal;\">Czy kiedykolwiek marzy\u0142e\u015b o dost\u0119pie do \u015bwie\u017cych kwiat\u00f3w o ka\u017cdej porze dnia i nocy? Kwiatomat to odpowied\u017a na Twoje pragnienia! Zapraszamy do odkrycia innowacyjnego rozwi\u0105zania, kt\u00f3re przybli\u017ca pi\u0119kno natury w najbardziej dost\u0119pny spos\u00f3b. Chcesz wyrazi\u0107 uczucie ukochanej nocn\u0105 por\u0105? A mo\u017ce nie zd\u0105\u017cy\u0142e\u015b kupi\u0107 kwiat\u00f3w na <span style=\"color: var( --e-global-color-text ); font-family: var( --e-global-typography-text-font-family ), Sans-serif;\">wa\u017cn\u0105 okazj\u0119 przed zamkni\u0119ciem kwiaciarni? Nic nie szkodzi. Teraz, dzi\u0119ki naszej us\u0142udze <\/span><span style=\"color: var( --e-global-color-text ); font-family: var( --e-global-typography-text-font-family ), Sans-serif;\">kwiaciarnia\u00a0<\/span><span style=\"color: var( --e-global-color-text ); font-family: var( --e-global-typography-text-font-family ), Sans-serif;\">24\/7 mo\u017cesz kupi\u0107 odpowiedni bukiet przez 24 godziny na dob\u0119, 7 dni w tygodniu .<\/span><\/p><p style=\"margin-bottom: 0px; font-stretch: normal; line-height: normal;\"><span style=\"color: var( --e-global-color-text ); font-family: var( --e-global-typography-text-font-family ), Sans-serif;\">\u00a0<\/span><\/p><h2>Korzystaj z kwiatomatu 24\/7, gdzie Tobie wygodnie &#8211; w Gda\u0144sku lub Gdyni!<\/h2><p style=\"margin-bottom: 0px; font-stretch: normal; line-height: normal;\">Nasze kwiatomaty znajduj\u0105 si\u0119 w Gda\u0144sku i Gdyni. Dzi\u0119ki temu masz odpowiedni bukiet na <span style=\"color: var( --e-global-color-text ); font-family: var( --e-global-typography-text-font-family ), Sans-serif;\">wyci\u0105gni\u0119cie r\u0119ki. O ka\u017cdej porze. Wygodna obs\u0142uga i du\u017cy wyb\u00f3r zar\u00f3wno box\u00f3w kwiatowych, jak i\u00a0<\/span><span style=\"color: var( --e-global-color-text ); font-family: var( --e-global-typography-text-font-family ), Sans-serif;\">dekoracji kwiatowych sprawia, \u017ce ka\u017cdy znajdzie co\u015b dla siebie. Na ka\u017cd\u0105 okazj\u0119.<\/span><\/p><p style=\"margin-bottom: 0px; font-stretch: normal; line-height: normal;\"><span style=\"color: var( --e-global-color-text ); font-family: var( --e-global-typography-text-font-family ), Sans-serif;\">\u00a0<\/span><\/p><h2>Bezproblemowa obs\u0142uga, dowolne systemy p\u0142atno\u015bci!\u00a0<\/h2><p style=\"margin-bottom: 0px; font-stretch: normal; line-height: normal;\">Korzystanie z kwiatomatu Hello Flowers jest proste i wygodne. Po dotarciu do maszyny, wybierasz spo\u015br\u00f3d r\u00f3\u017cnorodnych bukiet\u00f3w, kt\u00f3re widzisz przez szyb\u0119. Nast\u0119pnie dokonujesz p\u0142atno\u015bci za pomoc\u0105 r\u00f3\u017cnych metod &#8211; kart\u0105 p\u0142atnicz\u0105 zbli\u017ceniow\u0105 lub BLIK. Kwiatomat zatwierdza transakcj\u0119 i w kilka chwil wydaje wybrany bukiet, gotowy do zabrania.<\/p><p style=\"margin-bottom: 0px; font-stretch: normal; line-height: normal;\"><span style=\"color: var( --e-global-color-text ); font-family: var( --e-global-typography-text-font-family ), Sans-serif;\">Szybko, bezpiecznie &#8211; z zamierzonym efektem ko\u0144cowym w postaci pi\u0119knych\u00a0<\/span><span style=\"color: var( --e-global-color-text ); font-family: var( --e-global-typography-text-font-family ), Sans-serif;\">kwiat\u00f3w w r\u0119ku!\u00a0<\/span><\/p><p style=\"margin-bottom: 0px; font-stretch: normal; line-height: normal;\"><span style=\"color: var( --e-global-color-text ); font-family: var( --e-global-typography-text-font-family ), Sans-serif;\">\u00a0<\/span><\/p><p style=\"margin-bottom: 0px; font-stretch: normal; line-height: normal;\"><span style=\"color: var( --e-global-color-text ); font-family: var( --e-global-typography-text-font-family ), Sans-serif;\">Kim jeste\u015bmy i dlaczego warto wybiera\u0107 kwiaty z naszych kwiatomat\u00f3w? Sprawd\u017a\u00a0<\/span><a href=\"https:\/\/helloflowers.pl\/en\/o-nas\/\" target=\"_blank\" rel=\"noopener\">o nas<\/a><span style=\"color: var( --e-global-color-text ); font-family: var( --e-global-typography-text-font-family ), Sans-serif;\">!<\/span><\/p><p style=\"margin-bottom: 0px; font-stretch: normal; line-height: normal;\"><span style=\"color: var( --e-global-color-text ); font-family: var( --e-global-typography-text-font-family ), Sans-serif;\">\u00a0<\/span><\/p><p style=\"margin-bottom: 0px; font-stretch: normal; line-height: normal;\"><span style=\"color: var( --e-global-color-text ); font-family: var( --e-global-typography-text-font-family ), Sans-serif;\">Najwi\u0119ksza sie\u0107 i jedne z pierwszych w Polsce! Pierwsze w regionie i Tr\u00f3jmie\u015bcie Kwiatomaty 24\/7 Hello Flowers<\/span><\/p>\t\t\t\t\t\t\t\t<\/div>\n\t\t\t\t<\/div>\n\t\t\t\t\t<\/div>\n\t\t<\/div>\n\t\t\t\t\t<\/div>\n\t\t<\/section>\n\t\t\t\t<section class=\"elementor-section elementor-top-section elementor-element elementor-element-49778d0 elementor-section-boxed elementor-section-height-default elementor-section-height-default\" data-id=\"49778d0\" data-element_type=\"section\" data-e-type=\"section\">\n\t\t\t\t\t\t<div class=\"elementor-container elementor-column-gap-default\">\n\t\t\t\t\t<div class=\"elementor-column elementor-col-100 elementor-top-column elementor-element elementor-element-bebf941\" data-id=\"bebf941\" data-element_type=\"column\" data-e-type=\"column\">\n\t\t\t<div class=\"elementor-widget-wrap elementor-element-populated\">\n\t\t\t\t\t\t<div class=\"elementor-element elementor-element-f79da7c elementor-widget elementor-widget-text-editor\" data-id=\"f79da7c\" data-element_type=\"widget\" data-e-type=\"widget\" data-widget_type=\"text-editor.default\">\n\t\t\t\t<div class=\"elementor-widget-container\">\n\t\t\t\t\t\t\t\t\t<h2>Kwiatomat 24\/7 &#8211; nasze lokalizacje<\/h2>\n<h2 style=\"font-family: 'Open Sans', sans-serif; font-style: normal;\"><span style=\"caret-color: #313131; color: #313131; font-family: Helvetica; font-size: 19px; font-weight: bold; -webkit-text-stroke: #313131;\">Kwiaciarnia ca\u0142odobowa 24\/7 Gda\u0144sk CENTRUM STARE MIASTO<\/span><\/h2>\n<p style=\"font-size: 17px;\"><span style=\"color: var( --e-global-color-text ); font-family: var( --e-global-typography-text-font-family ), Sans-serif;\">Gda\u0144sk ul. Pszenna 5 &#8211; Chmielna Grano Residence&nbsp;<\/span><\/p>\n<h2><span style=\"caret-color: #313131; color: #313131; font-family: Helvetica; font-size: 19px; font-weight: bold; -webkit-text-stroke-color: #313131; -webkit-text-stroke-width: initial;\">Kwiaciarnia ca\u0142odobowa 24\/7 Gda\u0144sk Sopot Gdynia<\/span><\/h2>\n<p><span style=\"color: var( --e-global-color-text ); font-family: var( --e-global-typography-text-font-family ), Sans-serif;\">Gda\u0144sk ul. Czerwony Dw\u00f3r 24<\/span><\/p>\n<h2 style=\"font-family: 'Open Sans', sans-serif; font-style: normal;\"><span style=\"caret-color: #313131; color: #313131; font-family: Helvetica; font-size: 19px; font-weight: bold; -webkit-text-stroke: #313131;\">Kwiaciarnia ca\u0142odobowa 24\/7 Gda\u0144sk Sopot Gdynia<\/span><\/h2>\n<div>\n<p>Gda\u0144sk ul. Jab\u0142oniowa 29A<\/p>\n<h2 style=\"border: 0px; margin: 0px 0px 20px; padding: 0px; font-family: 'Open Sans', sans-serif; font-size: 30px; font-style: normal; font-weight: 300; line-height: 1.2em; text-transform: none; box-sizing: border-box; color: #7a7a7a; font-variant-ligatures: normal; font-variant-caps: normal; letter-spacing: normal; orphans: 2; text-align: center; text-indent: 0px; widows: 2; word-spacing: 0px; -webkit-text-stroke-width: 0px; white-space: normal; background-color: #ffffff; text-decoration-thickness: initial; text-decoration-style: initial; text-decoration-color: initial;\"><span style=\"border: 0px; margin: 0px; padding: 0px; box-sizing: border-box; caret-color: #313131; color: #313131; font-family: Helvetica; font-size: 19px; font-weight: bold; -webkit-text-stroke: #313131;\">Kwiaciarnia ca\u0142odobowa 24\/7 Gda\u0144sk Sopot Gdynia<\/span><\/h2>\n<div>\n<p style=\"color: #7a7a7a; font-family: 'Open Sans', sans-serif; font-size: 17px; font-weight: 400;\">Gda\u0144sk ul. Spacerowa 48 CH OSOWA&nbsp;<\/p>\n<\/div>\n<h2 style=\"border: 0px; margin: 0px 0px 20px; padding: 0px; font-family: 'Open Sans', sans-serif; font-size: 30px; font-style: normal; font-weight: 300; line-height: 1.2em; text-transform: none; box-sizing: border-box; color: #7a7a7a; font-variant-ligatures: normal; font-variant-caps: normal; letter-spacing: normal; orphans: 2; text-align: center; text-indent: 0px; widows: 2; word-spacing: 0px; -webkit-text-stroke-width: 0px; white-space: normal; background-color: #ffffff; text-decoration-thickness: initial; text-decoration-style: initial; text-decoration-color: initial;\"><span style=\"border: 0px; margin: 0px; padding: 0px; box-sizing: border-box; caret-color: #313131; color: #313131; font-family: Helvetica; font-size: 19px; font-weight: bold; -webkit-text-stroke: #313131;\">Kwiaciarnia ca\u0142odobowa 24\/7 Gda\u0144sk Kowale Szemud Borkowo<\/span><\/h2>\n<div>\n<p style=\"color: #7a7a7a; font-family: 'Open Sans', sans-serif; font-size: 17px; font-weight: 400;\">Gda\u0144sk &#8211; KOWALE ul. Zeusa 14&nbsp;<\/p>\n<\/div>\n<\/div>\n<p><span style=\"font-weight: bold; caret-color: #313131; color: #313131; font-family: Helvetica; font-size: 19px; -webkit-text-stroke-color: #313131; -webkit-text-stroke-width: initial;\">Kwiaciarnia ca\u0142odobowa 24\/7 Gdynia \u015ar\u00f3dmie\u015bcie Rumia Reda<\/span><span style=\"color: var( --e-global-color-text ); font-family: var( --e-global-typography-text-font-family ), Sans-serif;\"><br><\/span><\/p>\n<p><span style=\"font-family: var( --e-global-typography-text-font-family ), Sans-serif;\"><span style=\"color: var( --e-global-color-text );\">Gdynia ul. Kazimierza G\u00f3rskiego 2 CH RIVIERA za przystankiem autobusowym<\/span><\/span><\/p>\n<p><span style=\"color: #313131; font-family: Helvetica; font-size: 19px; font-weight: bold; -webkit-text-stroke-color: #313131; caret-color: #313131;\">Kwiaciarnia ca\u0142odobowa 24\/7 Gdynia Chwarzno Wiczlino<\/span><\/p>\n<p><span style=\"font-family: var( --e-global-typography-text-font-family ), Sans-serif;\">Gdynia ul. Stanis\u0142awa Zauchy 1<\/span><\/p>\t\t\t\t\t\t\t\t<\/div>\n\t\t\t\t<\/div>\n\t\t\t\t\t<\/div>\n\t\t<\/div>\n\t\t\t\t\t<\/div>\n\t\t<\/section>\n\t\t\t\t<\/div>","protected":false},"excerpt":{"rendered":"<p>Kwiatomat 24\/7 &#8211; kupuj kwiaty o dowolnej porze, spraw rado\u015b\u0107\u00a0bliskiej osobie! Czy kiedykolwiek marzy\u0142e\u015b o dost\u0119pie do \u015bwie\u017cych kwiat\u00f3w o ka\u017cdej porze dnia i nocy? Kwiatomat to odpowied\u017a na Twoje pragnienia! Zapraszamy do odkrycia innowacyjnego rozwi\u0105zania, kt\u00f3re przybli\u017ca pi\u0119kno natury w najbardziej dost\u0119pny spos\u00f3b. Chcesz wyrazi\u0107 uczucie ukochanej nocn\u0105 por\u0105? A mo\u017ce nie zd\u0105\u017cy\u0142e\u015b kupi\u0107 &#8230; <a title=\"Kwiatomat 24\/7\" class=\"read-more\" href=\"https:\/\/helloflowers.pl\/en\/kwiatomat-24-7\/\" aria-label=\"More on Kwiatomat 24\/7\">Read more<\/a><\/p>","protected":false},"author":2,"featured_media":0,"parent":0,"menu_order":0,"comment_status":"closed","ping_status":"closed","template":"","meta":{"footnotes":""},"class_list":["post-22435","page","type-page","status-publish"],"aioseo_notices":[],"_links":{"self":[{"href":"https:\/\/helloflowers.pl\/en\/wp-json\/wp\/v2\/pages\/22435","targetHints":{"allow":["GET"]}}],"collection":[{"href":"https:\/\/helloflowers.pl\/en\/wp-json\/wp\/v2\/pages"}],"about":[{"href":"https:\/\/helloflowers.pl\/en\/wp-json\/wp\/v2\/types\/page"}],"author":[{"embeddable":true,"href":"https:\/\/helloflowers.pl\/en\/wp-json\/wp\/v2\/users\/2"}],"replies":[{"embeddable":true,"href":"https:\/\/helloflowers.pl\/en\/wp-json\/wp\/v2\/comments?post=22435"}],"version-history":[{"count":39,"href":"https:\/\/helloflowers.pl\/en\/wp-json\/wp\/v2\/pages\/22435\/revisions"}],"predecessor-version":[{"id":25538,"href":"https:\/\/helloflowers.pl\/en\/wp-json\/wp\/v2\/pages\/22435\/revisions\/25538"}],"wp:attachment":[{"href":"https:\/\/helloflowers.pl\/en\/wp-json\/wp\/v2\/media?parent=22435"}],"curies":[{"name":"wp","href":"https:\/\/api.w.org\/{rel}","templated":true}]}}