{"id":19046,"date":"2017-08-18T14:11:15","date_gmt":"2017-08-18T13:11:15","guid":{"rendered":"http:\/\/helloflowers.pl\/?post_type=product&#038;p=19046"},"modified":"2018-12-28T10:16:14","modified_gmt":"2018-12-28T09:16:14","slug":"biale-roze-w-duzym-mietowym-boxie","status":"publish","type":"product","link":"https:\/\/helloflowers.pl\/en\/sklep\/biale-roze-w-duzym-mietowym-boxie\/","title":{"rendered":"Bia\u0142e r\u00f3\u017ce w du\u017cym mi\u0119towym boxie &#8211; kwiaty w pude\u0142ku | flower box"},"content":{"rendered":"","protected":false},"excerpt":{"rendered":"<p>Wyj\u0105tkowa kompozycja z 20 \u015bwie\u017cymi r\u00f3\u017cami.<\/p>\n<p>Kwiaty umieszczone s\u0105 w du\u017cym, r\u0119cznie wykonanym pude\u0142ku.<\/p>\n<p>Du\u017cy box znakomicie sprawdza si\u0119 przy wyra\u017ceniu mi\u0142o\u015bci, zar\u0119czynach czy rocznicy \u015blubu.<\/p>\n<p>COMMENTS:<\/p>\n<ul>\n<li>Ilo\u015b\u0107 r\u00f3\u017c \u2013 20 sztuk<\/li>\n<li>Wymiary du\u017cego pude\u0142ka: \u015brednica \u2013 19 cm, wysoko\u015b\u0107 &#8211; 23 cm<\/li>\n<li>Roses are placed in a floral sponge soaked in water - their freshness is the same as that of flowers in a vase<\/li>\n<li>The color of the roses will be similar to roses presented in the picture<\/li>\n<\/ul>","protected":false},"featured_media":19225,"template":"","meta":[],"product_brand":[],"product_cat":[129],"product_tag":[],"class_list":{"0":"post-19046","1":"product","2":"type-product","3":"status-publish","4":"has-post-thumbnail","6":"product_cat-duze-boxy","7":"sales-flash-overlay","8":"woocommerce-text-align-center","9":"woocommerce-image-align-center","10":"do-quantity-buttons","12":"first","13":"outofstock","14":"sale","15":"shipping-taxable","16":"purchasable","17":"product-type-simple"},"aioseo_notices":[],"_links":{"self":[{"href":"https:\/\/helloflowers.pl\/en\/wp-json\/wp\/v2\/product\/19046","targetHints":{"allow":["GET"]}}],"collection":[{"href":"https:\/\/helloflowers.pl\/en\/wp-json\/wp\/v2\/product"}],"about":[{"href":"https:\/\/helloflowers.pl\/en\/wp-json\/wp\/v2\/types\/product"}],"wp:featuredmedia":[{"embeddable":true,"href":"https:\/\/helloflowers.pl\/en\/wp-json\/wp\/v2\/media\/19225"}],"wp:attachment":[{"href":"https:\/\/helloflowers.pl\/en\/wp-json\/wp\/v2\/media?parent=19046"}],"wp:term":[{"taxonomy":"product_brand","embeddable":true,"href":"https:\/\/helloflowers.pl\/en\/wp-json\/wp\/v2\/product_brand?post=19046"},{"taxonomy":"product_cat","embeddable":true,"href":"https:\/\/helloflowers.pl\/en\/wp-json\/wp\/v2\/product_cat?post=19046"},{"taxonomy":"product_tag","embeddable":true,"href":"https:\/\/helloflowers.pl\/en\/wp-json\/wp\/v2\/product_tag?post=19046"}],"curies":[{"name":"wp","href":"https:\/\/api.w.org\/{rel}","templated":true}]}}