{"id":19112,"date":"2017-08-21T10:38:33","date_gmt":"2017-08-21T09:38:33","guid":{"rendered":"http:\/\/helloflowers.pl\/?post_type=product&#038;p=19112"},"modified":"2019-02-07T21:12:54","modified_gmt":"2019-02-07T20:12:54","slug":"biale-roze-w-malym-szarym-boxie","status":"publish","type":"product","link":"https:\/\/helloflowers.pl\/en\/sklep\/biale-roze-w-malym-szarym-boxie\/","title":{"rendered":"Bia\u0142e r\u00f3\u017ce w ma\u0142ym szarym boxie &#8211; kwiaty w pude\u0142ku | flower box"},"content":{"rendered":"","protected":false},"excerpt":{"rendered":"<p>Classic composition with 10 fresh roses.<\/p>\n<p>The flowers are placed in a small, hand-made box.<\/p>\n<p>A small box is great for surprise.<\/p>\n<p>COMMENTS:<\/p>\n<ul>\n<li>10 roses<\/li>\n<li>Wymiary ma\u0142ego pude\u0142ka: \u015brednica \u2013 12,5 cm, wysoko\u015b\u0107 &#8211; 15 cm<\/li>\n<li>Roses are placed in a floral sponge soaked in water - their freshness is the same as that of flowers in a vase<\/li>\n<li>The color of the roses will be similar to roses presented in the picture<\/li>\n<\/ul>","protected":false},"featured_media":19259,"template":"","meta":[],"product_brand":[],"product_cat":[130],"product_tag":[],"class_list":{"0":"post-19112","1":"product","2":"type-product","3":"status-publish","4":"has-post-thumbnail","6":"product_cat-male-boxy","7":"sales-flash-overlay","8":"woocommerce-text-align-center","9":"woocommerce-image-align-center","10":"do-quantity-buttons","12":"first","13":"outofstock","14":"shipping-taxable","15":"purchasable","16":"product-type-simple"},"aioseo_notices":[],"_links":{"self":[{"href":"https:\/\/helloflowers.pl\/en\/wp-json\/wp\/v2\/product\/19112","targetHints":{"allow":["GET"]}}],"collection":[{"href":"https:\/\/helloflowers.pl\/en\/wp-json\/wp\/v2\/product"}],"about":[{"href":"https:\/\/helloflowers.pl\/en\/wp-json\/wp\/v2\/types\/product"}],"wp:featuredmedia":[{"embeddable":true,"href":"https:\/\/helloflowers.pl\/en\/wp-json\/wp\/v2\/media\/19259"}],"wp:attachment":[{"href":"https:\/\/helloflowers.pl\/en\/wp-json\/wp\/v2\/media?parent=19112"}],"wp:term":[{"taxonomy":"product_brand","embeddable":true,"href":"https:\/\/helloflowers.pl\/en\/wp-json\/wp\/v2\/product_brand?post=19112"},{"taxonomy":"product_cat","embeddable":true,"href":"https:\/\/helloflowers.pl\/en\/wp-json\/wp\/v2\/product_cat?post=19112"},{"taxonomy":"product_tag","embeddable":true,"href":"https:\/\/helloflowers.pl\/en\/wp-json\/wp\/v2\/product_tag?post=19112"}],"curies":[{"name":"wp","href":"https:\/\/api.w.org\/{rel}","templated":true}]}}