{"id":19917,"date":"2018-10-24T19:27:47","date_gmt":"2018-10-24T18:27:47","guid":{"rendered":"https:\/\/helloflowers.pl\/?post_type=product&#038;p=19917"},"modified":"2026-02-08T10:28:02","modified_gmt":"2026-02-08T09:28:02","slug":"kwiatowa-litera-w-czarnym-mega-boxie-kwiaty-w-pudelku-flower-box","status":"publish","type":"product","link":"https:\/\/helloflowers.pl\/en\/sklep\/kwiatowa-litera-w-czarnym-mega-boxie-kwiaty-w-pudelku-flower-box\/","title":{"rendered":"Kwiatowa litera w czarnym mega boxie &#8211; kwiaty w pude\u0142ku | flower box"},"content":{"rendered":"","protected":false},"excerpt":{"rendered":"<p><strong>Ca\u0142kowita nowo\u015b\u0107! Twoja litera ze \u015bwie\u017cych kwiat\u00f3w w mega boxie!<\/strong><\/p>\n<p>Kwiatowa kompozycja z 35-40 \u015bwie\u017cymi r\u00f3\u017cami w kolorze bia\u0142ym oraz czerwonym.<\/p>\n<p>Kwiaty umieszczone s\u0105 w naszym najwi\u0119kszym, r\u0119cznie wykonanym pude\u0142ku w kolorze czarnym.<\/p>\n<p>COMMENTS:<\/p>\n<ul>\n<li><strong>Po dokonaniu zakupu prze\u015blij nam wiadomo\u015b\u0107 odno\u015bnie litery, kt\u00f3r\u0105 mamy dla Ciebie wykona\u0107<\/strong><\/li>\n<li>Ilo\u015b\u0107 r\u00f3\u017c \u2013 35-40 sztuk w zale\u017cno\u015bci od wybranej litery<\/li>\n<li>Wymiary mega pude\u0142ka (bez kompozycji): \u015brednica \u2013 30 cm, wysoko\u015b\u0107 &#8211; 13 cm<\/li>\n<li>Roses are placed in a floral sponge soaked in water - their freshness is the same as that of flowers in a vase<\/li>\n<li>Wybrana litera zostanie wykonana z r\u00f3\u017c w kolorze bia\u0142ym<\/li>\n<li>The color of the roses will be similar to roses presented in the picture<\/li>\n<\/ul>","protected":false},"featured_media":19918,"template":"","meta":[],"product_brand":[],"product_cat":[132],"product_tag":[],"class_list":{"0":"post-19917","1":"product","2":"type-product","3":"status-publish","4":"has-post-thumbnail","6":"product_cat-edycja-limitowana","7":"sales-flash-overlay","8":"woocommerce-text-align-center","9":"woocommerce-image-align-center","10":"do-quantity-buttons","12":"first","13":"instock","14":"shipping-taxable","15":"purchasable","16":"product-type-simple"},"aioseo_notices":[],"_links":{"self":[{"href":"https:\/\/helloflowers.pl\/en\/wp-json\/wp\/v2\/product\/19917","targetHints":{"allow":["GET"]}}],"collection":[{"href":"https:\/\/helloflowers.pl\/en\/wp-json\/wp\/v2\/product"}],"about":[{"href":"https:\/\/helloflowers.pl\/en\/wp-json\/wp\/v2\/types\/product"}],"wp:featuredmedia":[{"embeddable":true,"href":"https:\/\/helloflowers.pl\/en\/wp-json\/wp\/v2\/media\/19918"}],"wp:attachment":[{"href":"https:\/\/helloflowers.pl\/en\/wp-json\/wp\/v2\/media?parent=19917"}],"wp:term":[{"taxonomy":"product_brand","embeddable":true,"href":"https:\/\/helloflowers.pl\/en\/wp-json\/wp\/v2\/product_brand?post=19917"},{"taxonomy":"product_cat","embeddable":true,"href":"https:\/\/helloflowers.pl\/en\/wp-json\/wp\/v2\/product_cat?post=19917"},{"taxonomy":"product_tag","embeddable":true,"href":"https:\/\/helloflowers.pl\/en\/wp-json\/wp\/v2\/product_tag?post=19917"}],"curies":[{"name":"wp","href":"https:\/\/api.w.org\/{rel}","templated":true}]}}