{"id":20564,"date":"2019-07-09T17:25:39","date_gmt":"2019-07-09T16:25:39","guid":{"rendered":"https:\/\/helloflowers.pl\/?post_type=product&#038;p=20564"},"modified":"2019-12-22T23:05:06","modified_gmt":"2019-12-22T22:05:06","slug":"czerwone-roze-w-malym-bladorozowym-boxie-kwiaty-w-pudelku-flower-box","status":"publish","type":"product","link":"https:\/\/helloflowers.pl\/en\/sklep\/czerwone-roze-w-malym-bladorozowym-boxie-kwiaty-w-pudelku-flower-box\/","title":{"rendered":"Czerwone r\u00f3\u017ce w ma\u0142ym blador\u00f3\u017cowym boxie &#8211; kwiaty w pude\u0142ku | flower box"},"content":{"rendered":"","protected":false},"excerpt":{"rendered":"<p>Kompozycja z 10 \u015bwie\u017cymi r\u00f3\u017cami w kolorze czerwonym.<\/p>\n<p>The flowers are placed in a small, hand-made box.<\/p>\n<p>A small box is great for surprise.<\/p>\n<p>COMMENTS:<\/p>\n<ul>\n<li>10 roses<\/li>\n<li>Dimensions of a small box (without composition): diameter - 12.5 cm, height - 15 cm<\/li>\n<li>Roses are placed in a floral sponge soaked in water - their freshness is the same as that of flowers in a vase<\/li>\n<li>The color of the roses will be similar to roses presented in the picture<\/li>\n<\/ul>","protected":false},"featured_media":20565,"template":"","meta":[],"product_brand":[],"product_cat":[130],"product_tag":[],"class_list":{"0":"post-20564","1":"product","2":"type-product","3":"status-publish","4":"has-post-thumbnail","6":"product_cat-male-boxy","7":"sales-flash-overlay","8":"woocommerce-text-align-center","9":"woocommerce-image-align-center","10":"do-quantity-buttons","12":"first","13":"outofstock","14":"shipping-taxable","15":"purchasable","16":"product-type-simple"},"aioseo_notices":[],"_links":{"self":[{"href":"https:\/\/helloflowers.pl\/en\/wp-json\/wp\/v2\/product\/20564","targetHints":{"allow":["GET"]}}],"collection":[{"href":"https:\/\/helloflowers.pl\/en\/wp-json\/wp\/v2\/product"}],"about":[{"href":"https:\/\/helloflowers.pl\/en\/wp-json\/wp\/v2\/types\/product"}],"wp:featuredmedia":[{"embeddable":true,"href":"https:\/\/helloflowers.pl\/en\/wp-json\/wp\/v2\/media\/20565"}],"wp:attachment":[{"href":"https:\/\/helloflowers.pl\/en\/wp-json\/wp\/v2\/media?parent=20564"}],"wp:term":[{"taxonomy":"product_brand","embeddable":true,"href":"https:\/\/helloflowers.pl\/en\/wp-json\/wp\/v2\/product_brand?post=20564"},{"taxonomy":"product_cat","embeddable":true,"href":"https:\/\/helloflowers.pl\/en\/wp-json\/wp\/v2\/product_cat?post=20564"},{"taxonomy":"product_tag","embeddable":true,"href":"https:\/\/helloflowers.pl\/en\/wp-json\/wp\/v2\/product_tag?post=20564"}],"curies":[{"name":"wp","href":"https:\/\/api.w.org\/{rel}","templated":true}]}}