{"id":20628,"date":"2019-07-19T11:37:03","date_gmt":"2019-07-19T10:37:03","guid":{"rendered":"https:\/\/helloflowers.pl\/?post_type=product&#038;p=20628"},"modified":"2025-03-12T16:54:56","modified_gmt":"2025-03-12T15:54:56","slug":"rozowe-roze-w-duzym-bialym-boxie-kwiaty-w-pudelku-flower-box","status":"publish","type":"product","link":"https:\/\/helloflowers.pl\/en\/sklep\/rozowe-roze-w-duzym-bialym-boxie-kwiaty-w-pudelku-flower-box\/","title":{"rendered":"Pink roses in a big white box - flowers in a box | flower box"},"content":{"rendered":"","protected":false},"excerpt":{"rendered":"<p>Wyj\u0105tkowa kompozycja z 20 \u015bwie\u017cymi r\u00f3\u017cami w kolorze r\u00f3\u017cowym.<\/p>\n<p>Kwiaty umieszczone s\u0105 w du\u017cym, r\u0119cznie wykonanym pude\u0142ku typu flower box.<\/p>\n<p>Du\u017cy box znakomicie sprawdza si\u0119 przy wyra\u017ceniu mi\u0142o\u015bci, zar\u0119czynach czy rocznicy \u015blubu.<\/p>\n<p>COMMENTS:<\/p>\n<ul>\n<li>Ilo\u015b\u0107 r\u00f3\u017c \u2013 20 sztuk<\/li>\n<li>Wymiary du\u017cego pude\u0142ka (bez kompozycji): \u015brednica \u2013 19 cm, wysoko\u015b\u0107 &#8211; 23 cm<\/li>\n<li>Roses are placed in a floral sponge soaked in water - their freshness is the same as that of flowers in a vase<\/li>\n<li>The color of the roses will be similar to roses presented in the picture<\/li>\n<\/ul>","protected":false},"featured_media":19386,"template":"","meta":[],"product_brand":[],"product_cat":[129],"product_tag":[],"class_list":{"0":"post-20628","1":"product","2":"type-product","3":"status-publish","4":"has-post-thumbnail","6":"product_cat-duze-boxy","7":"sales-flash-overlay","8":"woocommerce-text-align-center","9":"woocommerce-image-align-center","10":"do-quantity-buttons","12":"first","13":"outofstock","14":"shipping-taxable","15":"purchasable","16":"product-type-simple"},"aioseo_notices":[],"_links":{"self":[{"href":"https:\/\/helloflowers.pl\/en\/wp-json\/wp\/v2\/product\/20628","targetHints":{"allow":["GET"]}}],"collection":[{"href":"https:\/\/helloflowers.pl\/en\/wp-json\/wp\/v2\/product"}],"about":[{"href":"https:\/\/helloflowers.pl\/en\/wp-json\/wp\/v2\/types\/product"}],"wp:featuredmedia":[{"embeddable":true,"href":"https:\/\/helloflowers.pl\/en\/wp-json\/wp\/v2\/media\/19386"}],"wp:attachment":[{"href":"https:\/\/helloflowers.pl\/en\/wp-json\/wp\/v2\/media?parent=20628"}],"wp:term":[{"taxonomy":"product_brand","embeddable":true,"href":"https:\/\/helloflowers.pl\/en\/wp-json\/wp\/v2\/product_brand?post=20628"},{"taxonomy":"product_cat","embeddable":true,"href":"https:\/\/helloflowers.pl\/en\/wp-json\/wp\/v2\/product_cat?post=20628"},{"taxonomy":"product_tag","embeddable":true,"href":"https:\/\/helloflowers.pl\/en\/wp-json\/wp\/v2\/product_tag?post=20628"}],"curies":[{"name":"wp","href":"https:\/\/api.w.org\/{rel}","templated":true}]}}