{"id":20635,"date":"2019-07-19T11:44:47","date_gmt":"2019-07-19T10:44:47","guid":{"rendered":"https:\/\/helloflowers.pl\/?post_type=product&#038;p=20635"},"modified":"2023-09-04T21:21:27","modified_gmt":"2023-09-04T20:21:27","slug":"rozowe-roze-w-malym-czarnym-boxie-kwiaty-w-pudelku-flower-box","status":"publish","type":"product","link":"https:\/\/helloflowers.pl\/en\/sklep\/rozowe-roze-w-malym-czarnym-boxie-kwiaty-w-pudelku-flower-box\/","title":{"rendered":"Pink roses in a small black box - flowers in a box | flower box"},"content":{"rendered":"","protected":false},"excerpt":{"rendered":"<p>Kompozycja z 10 \u015bwie\u017cymi r\u00f3\u017cami.<\/p>\n<p>The flowers are placed in a small, hand-made box.<\/p>\n<p>A small box is great for surprise.<\/p>\n<p>COMMENTS:<\/p>\n<ul>\n<li>10 roses<\/li>\n<li>Dimensions of a small box (without composition): diameter - 12.5 cm, height - 15 cm<\/li>\n<li>Roses are placed in a floral sponge soaked in water - their freshness is the same as that of flowers in a vase<\/li>\n<li>The color of the roses will be similar to roses presented in the picture<\/li>\n<\/ul>","protected":false},"featured_media":19634,"template":"","meta":[],"product_brand":[],"product_cat":[130],"product_tag":[],"class_list":{"0":"post-20635","1":"product","2":"type-product","3":"status-publish","4":"has-post-thumbnail","6":"product_cat-male-boxy","7":"sales-flash-overlay","8":"woocommerce-text-align-center","9":"woocommerce-image-align-center","10":"do-quantity-buttons","12":"first","13":"outofstock","14":"shipping-taxable","15":"purchasable","16":"product-type-simple"},"aioseo_notices":[],"_links":{"self":[{"href":"https:\/\/helloflowers.pl\/en\/wp-json\/wp\/v2\/product\/20635","targetHints":{"allow":["GET"]}}],"collection":[{"href":"https:\/\/helloflowers.pl\/en\/wp-json\/wp\/v2\/product"}],"about":[{"href":"https:\/\/helloflowers.pl\/en\/wp-json\/wp\/v2\/types\/product"}],"wp:featuredmedia":[{"embeddable":true,"href":"https:\/\/helloflowers.pl\/en\/wp-json\/wp\/v2\/media\/19634"}],"wp:attachment":[{"href":"https:\/\/helloflowers.pl\/en\/wp-json\/wp\/v2\/media?parent=20635"}],"wp:term":[{"taxonomy":"product_brand","embeddable":true,"href":"https:\/\/helloflowers.pl\/en\/wp-json\/wp\/v2\/product_brand?post=20635"},{"taxonomy":"product_cat","embeddable":true,"href":"https:\/\/helloflowers.pl\/en\/wp-json\/wp\/v2\/product_cat?post=20635"},{"taxonomy":"product_tag","embeddable":true,"href":"https:\/\/helloflowers.pl\/en\/wp-json\/wp\/v2\/product_tag?post=20635"}],"curies":[{"name":"wp","href":"https:\/\/api.w.org\/{rel}","templated":true}]}}