{"id":20642,"date":"2019-07-19T11:45:17","date_gmt":"2019-07-19T10:45:17","guid":{"rendered":"https:\/\/helloflowers.pl\/?post_type=product&#038;p=20642"},"modified":"2021-10-28T19:32:30","modified_gmt":"2021-10-28T18:32:30","slug":"jasnorozowe-piwonie-w-malym-bialym-boxie-sztuczne-kwiaty-w-pudelku-flower-box","status":"publish","type":"product","link":"https:\/\/helloflowers.pl\/en\/sklep\/jasnorozowe-piwonie-w-malym-bialym-boxie-sztuczne-kwiaty-w-pudelku-flower-box\/","title":{"rendered":"Pale pink peonies in a small white box - artificial flowers in a box | flower box"},"content":{"rendered":"","protected":false},"excerpt":{"rendered":"<p>Kompozycja ze sztucznymi piwoniami wysokiej jako\u015bci, kt\u00f3re idealnie imituj\u0105 \u015bwie\u017ce kwiaty.<\/p>\n<p>The flowers are placed in a small, hand-made box.<\/p>\n<p>Ca\u0142o\u015b\u0107 ozdobiona wst\u0105\u017ck\u0105 dekoracyjn\u0105.<\/p>\n<p>Box ze sztucznymi kwiatami znakomicie sprawdza si\u0119 w formie wystroju wn\u0119trz, biur, hoteli, salon\u00f3w kosmetologicznych.<\/p>\n<p>COMMENTS:<\/p>\n<ul>\n<li>Ilo\u015b\u0107 kwiat\u00f3w \u2013 oko\u0142o 13 sztuk<\/li>\n<li>Dimensions of a small box (without composition): diameter - 12.5 cm, height - 15 cm<\/li>\n<li>The color of the roses will be similar to roses presented in the picture<\/li>\n<\/ul>\n<p>&nbsp;<\/p>\n<p>It is possible to send artificial flowers in Poland. For details, please contact us via email.<\/p>","protected":false},"featured_media":19558,"template":"","meta":[],"product_brand":[],"product_cat":[203],"product_tag":[],"class_list":{"0":"post-20642","1":"product","2":"type-product","3":"status-publish","4":"has-post-thumbnail","6":"product_cat-sztuczne-kwiaty-dekoracje","7":"sales-flash-overlay","8":"woocommerce-text-align-center","9":"woocommerce-image-align-center","10":"do-quantity-buttons","12":"first","13":"outofstock","14":"shipping-taxable","15":"purchasable","16":"product-type-simple"},"aioseo_notices":[],"_links":{"self":[{"href":"https:\/\/helloflowers.pl\/en\/wp-json\/wp\/v2\/product\/20642","targetHints":{"allow":["GET"]}}],"collection":[{"href":"https:\/\/helloflowers.pl\/en\/wp-json\/wp\/v2\/product"}],"about":[{"href":"https:\/\/helloflowers.pl\/en\/wp-json\/wp\/v2\/types\/product"}],"wp:featuredmedia":[{"embeddable":true,"href":"https:\/\/helloflowers.pl\/en\/wp-json\/wp\/v2\/media\/19558"}],"wp:attachment":[{"href":"https:\/\/helloflowers.pl\/en\/wp-json\/wp\/v2\/media?parent=20642"}],"wp:term":[{"taxonomy":"product_brand","embeddable":true,"href":"https:\/\/helloflowers.pl\/en\/wp-json\/wp\/v2\/product_brand?post=20642"},{"taxonomy":"product_cat","embeddable":true,"href":"https:\/\/helloflowers.pl\/en\/wp-json\/wp\/v2\/product_cat?post=20642"},{"taxonomy":"product_tag","embeddable":true,"href":"https:\/\/helloflowers.pl\/en\/wp-json\/wp\/v2\/product_tag?post=20642"}],"curies":[{"name":"wp","href":"https:\/\/api.w.org\/{rel}","templated":true}]}}