{"id":20649,"date":"2019-07-19T11:51:13","date_gmt":"2019-07-19T10:51:13","guid":{"rendered":"https:\/\/helloflowers.pl\/?post_type=product&#038;p=20649"},"modified":"2026-01-12T19:37:37","modified_gmt":"2026-01-12T18:37:37","slug":"mix-kwiatow-w-duzym-bezowym-welurowym-boxie-kwiaty-w-pudelkach-flower-box-2","status":"publish","type":"product","link":"https:\/\/helloflowers.pl\/en\/sklep\/mix-kwiatow-w-duzym-bezowym-welurowym-boxie-kwiaty-w-pudelkach-flower-box-2\/","title":{"rendered":"Mix of fresh flowers in a big beige velor box - flowers in boxes | flower box"},"content":{"rendered":"","protected":false},"excerpt":{"rendered":"<p>Du\u017cy okr\u0105g\u0142y box pokryty welurowym materia\u0142em o strukturze linie papilarnych to nasza nowa kolekcja PREMIUM. W zestawie ze \u015bwie\u017cymi eustomami, jaskrami, r\u00f3\u017c\u0105 ga\u0142\u0105zkow\u0105 oraz dodatkami w postaci bruni i eukaliptusa zrobi wra\u017cenie na osobie obdarowanej zar\u00f3wno pod wzgl\u0119dem wygl\u0105du jak i cudownego zapachu.<\/p>\n<p>Kwiaty umieszczone s\u0105 w r\u0119cznie wykonanym pude\u0142ku flower box, kt\u00f3ry pokryty jest przyjemnym w dotyku welurowym materia\u0142em. Pude\u0142ko jest w kolorze be\u017cowym. Logo Hello Flowers mo\u017ce r\u00f3\u017cni\u0107 si\u0119 wielko\u015bci\u0105.<\/p>\n<p>The composition is completed with a decorative ribbon.<\/p>\n<p>COMMENTS:<\/p>\n<ul>\n<li>Flowers are placed in a floral sponge soaked in water - their freshness is the same as that of flowers in a vase<\/li>\n<li>The final appearance of the bouquet may differ slightly from the composition shown in the photo, and its composition depends on the availability and seasonality of flowers.<\/li>\n<li>Dimensions (without composition): 20 \u00d7 22 cm<\/li>\n<li><\/li>\n<\/ul>","protected":false},"featured_media":20125,"template":"","meta":[],"product_brand":[],"product_cat":[207],"product_tag":[],"class_list":{"0":"post-20649","1":"product","2":"type-product","3":"status-publish","4":"has-post-thumbnail","6":"product_cat-premium","7":"sales-flash-overlay","8":"woocommerce-text-align-center","9":"woocommerce-image-align-center","10":"do-quantity-buttons","12":"first","13":"instock","14":"shipping-taxable","15":"purchasable","16":"product-type-simple"},"aioseo_notices":[],"_links":{"self":[{"href":"https:\/\/helloflowers.pl\/en\/wp-json\/wp\/v2\/product\/20649","targetHints":{"allow":["GET"]}}],"collection":[{"href":"https:\/\/helloflowers.pl\/en\/wp-json\/wp\/v2\/product"}],"about":[{"href":"https:\/\/helloflowers.pl\/en\/wp-json\/wp\/v2\/types\/product"}],"wp:featuredmedia":[{"embeddable":true,"href":"https:\/\/helloflowers.pl\/en\/wp-json\/wp\/v2\/media\/20125"}],"wp:attachment":[{"href":"https:\/\/helloflowers.pl\/en\/wp-json\/wp\/v2\/media?parent=20649"}],"wp:term":[{"taxonomy":"product_brand","embeddable":true,"href":"https:\/\/helloflowers.pl\/en\/wp-json\/wp\/v2\/product_brand?post=20649"},{"taxonomy":"product_cat","embeddable":true,"href":"https:\/\/helloflowers.pl\/en\/wp-json\/wp\/v2\/product_cat?post=20649"},{"taxonomy":"product_tag","embeddable":true,"href":"https:\/\/helloflowers.pl\/en\/wp-json\/wp\/v2\/product_tag?post=20649"}],"curies":[{"name":"wp","href":"https:\/\/api.w.org\/{rel}","templated":true}]}}