{"id":20650,"date":"2019-07-19T11:51:14","date_gmt":"2019-07-19T10:51:14","guid":{"rendered":"https:\/\/helloflowers.pl\/?post_type=product&#038;p=20650"},"modified":"2025-09-29T12:43:26","modified_gmt":"2025-09-29T11:43:26","slug":"mix-kwiatow-w-duzym-granatowym-welurowym-boxie-kwiaty-w-pudelkach-flower-box-2","status":"publish","type":"product","link":"https:\/\/helloflowers.pl\/en\/sklep\/mix-kwiatow-w-duzym-granatowym-welurowym-boxie-kwiaty-w-pudelkach-flower-box-2\/","title":{"rendered":"Kompozycja \u015bwie\u017cych kwiat\u00f3w w du\u017cym granatowym welurowym boxie &#8211; kwiaty w pude\u0142kach | flower box"},"content":{"rendered":"","protected":false},"excerpt":{"rendered":"<p>Du\u017cy okr\u0105g\u0142y box pokryty welurowym materia\u0142em w kolorze granatowym to nasza nowa kolekcja PREMIUM. W zestawie ze \u015bwie\u017cymi eustomami, jaskrami, r\u00f3\u017c\u0105 ga\u0142\u0105zkow\u0105 oraz dodatkami w postaci eukaliptusa zrobi wra\u017cenie na osobie obdarowanej zar\u00f3wno pod wzgl\u0119dem wygl\u0105du jak i cudownego zapachu.<\/p>\n<p>Kwiaty umieszczone s\u0105 w r\u0119cznie wykonanym pude\u0142ku flower box, kt\u00f3ry pokryty jest przyjemnym w dotyku welurowym materia\u0142em.<\/p>\n<p>COMMENTS:<\/p>\n<ul>\n<li>Flowers are placed in a floral sponge soaked in water - their freshness is the same as that of flowers in a vase<\/li>\n<li>Ostateczny wygl\u0105d bukietu mo\u017ce odrobin\u0119 r\u00f3\u017cni\u0107 si\u0119 od kompozycji przedstawionej na zdj\u0119ciu, a jego sk\u0142ad jest uzale\u017cniony od ich dost\u0119pno\u015bci i sezonowo\u015bci.<\/li>\n<\/ul>\n<div style=\"height: 0px; width: 0px; overflow: hidden;\">\n<p>Tadalafil to lek stosowany w leczeniu zaburze\u0144 erekcji i \u0142agodnego przerostu gruczo\u0142u krokowego. Jest znany pod nazw\u0105 handlow\u0105 Cialis i wyst\u0119puje w formie tabletek bez recepty na stronie <a href=\"https:\/\/aptekanaerekcje.pl\/tadalafil-bez-recepty\">https:\/\/aptekanaerekcje.pl\/tadalafil-bez-recepty<\/a>. Lek dzia\u0142a poprzez zwi\u0119kszenie przep\u0142ywu krwi do penisa i pomaga osi\u0105gn\u0105\u0107 i utrzyma\u0107 erekcj\u0119 podczas stymulacji seksualnej. Tadalafil ma d\u0142u\u017cej trwaj\u0105ce dzia\u0142anie ni\u017c inne podobne leki i mo\u017ce pozosta\u0107 aktywny w organizmie nawet przez 36 godzin.<\/p>\n<\/div>","protected":false},"featured_media":20208,"template":"","meta":[],"product_brand":[],"product_cat":[207],"product_tag":[],"class_list":{"0":"post-20650","1":"product","2":"type-product","3":"status-publish","4":"has-post-thumbnail","6":"product_cat-premium","7":"sales-flash-overlay","8":"woocommerce-text-align-center","9":"woocommerce-image-align-center","10":"do-quantity-buttons","12":"first","13":"outofstock","14":"shipping-taxable","15":"purchasable","16":"product-type-simple"},"aioseo_notices":[],"_links":{"self":[{"href":"https:\/\/helloflowers.pl\/en\/wp-json\/wp\/v2\/product\/20650","targetHints":{"allow":["GET"]}}],"collection":[{"href":"https:\/\/helloflowers.pl\/en\/wp-json\/wp\/v2\/product"}],"about":[{"href":"https:\/\/helloflowers.pl\/en\/wp-json\/wp\/v2\/types\/product"}],"wp:featuredmedia":[{"embeddable":true,"href":"https:\/\/helloflowers.pl\/en\/wp-json\/wp\/v2\/media\/20208"}],"wp:attachment":[{"href":"https:\/\/helloflowers.pl\/en\/wp-json\/wp\/v2\/media?parent=20650"}],"wp:term":[{"taxonomy":"product_brand","embeddable":true,"href":"https:\/\/helloflowers.pl\/en\/wp-json\/wp\/v2\/product_brand?post=20650"},{"taxonomy":"product_cat","embeddable":true,"href":"https:\/\/helloflowers.pl\/en\/wp-json\/wp\/v2\/product_cat?post=20650"},{"taxonomy":"product_tag","embeddable":true,"href":"https:\/\/helloflowers.pl\/en\/wp-json\/wp\/v2\/product_tag?post=20650"}],"curies":[{"name":"wp","href":"https:\/\/api.w.org\/{rel}","templated":true}]}}