{"id":20657,"date":"2019-07-19T11:51:31","date_gmt":"2019-07-19T10:51:31","guid":{"rendered":"https:\/\/helloflowers.pl\/?post_type=product&#038;p=20657"},"modified":"2021-11-30T20:27:14","modified_gmt":"2021-11-30T19:27:14","slug":"mix-sztucznych-kwiatow-w-duzym-bialym-boxie-sztuczne-kwiaty-w-pudelku-flower-box","status":"publish","type":"product","link":"https:\/\/helloflowers.pl\/en\/sklep\/mix-sztucznych-kwiatow-w-duzym-bialym-boxie-sztuczne-kwiaty-w-pudelku-flower-box\/","title":{"rendered":"Mix sztucznych kwiat\u00f3w w du\u017cym bia\u0142ym boxie &#8211; sztuczne kwiaty w pude\u0142ku | flower box"},"content":{"rendered":"","protected":false},"excerpt":{"rendered":"<p>Kompozycja ze sztucznymi kwiatami wysokiej jako\u015bci, kt\u00f3re idealnie imituj\u0105 \u015bwie\u017ce kwiaty. Zestaw zawiera sztuczne kamelie, piwonie oraz r\u00f3\u017ce.<\/p>\n<p>The flowers are placed in a large, hand-made box. The composition is completed with a decorative ribbon.<\/p>\n<p>Box ze sztucznymi kwiatami znakomicie sprawdza si\u0119 w formie wystroju wn\u0119trz, biur, hoteli, salon\u00f3w kosmetologicznych.<\/p>\n<p>COMMENTS:<\/p>\n<ul>\n<li>Wymiary du\u017cego pude\u0142ka (bez kompozycji): \u015brednica \u2013 18 cm, wysoko\u015b\u0107 \u2013 22 cm<\/li>\n<li>The color of the roses will be similar to roses presented in the picture<\/li>\n<\/ul>","protected":false},"featured_media":21453,"template":"","meta":[],"product_brand":[],"product_cat":[203],"product_tag":[],"class_list":{"0":"post-20657","1":"product","2":"type-product","3":"status-publish","4":"has-post-thumbnail","6":"product_cat-sztuczne-kwiaty-dekoracje","7":"sales-flash-overlay","8":"woocommerce-text-align-center","9":"woocommerce-image-align-center","10":"do-quantity-buttons","12":"first","13":"outofstock","14":"shipping-taxable","15":"purchasable","16":"product-type-simple"},"aioseo_notices":[],"_links":{"self":[{"href":"https:\/\/helloflowers.pl\/en\/wp-json\/wp\/v2\/product\/20657","targetHints":{"allow":["GET"]}}],"collection":[{"href":"https:\/\/helloflowers.pl\/en\/wp-json\/wp\/v2\/product"}],"about":[{"href":"https:\/\/helloflowers.pl\/en\/wp-json\/wp\/v2\/types\/product"}],"wp:featuredmedia":[{"embeddable":true,"href":"https:\/\/helloflowers.pl\/en\/wp-json\/wp\/v2\/media\/21453"}],"wp:attachment":[{"href":"https:\/\/helloflowers.pl\/en\/wp-json\/wp\/v2\/media?parent=20657"}],"wp:term":[{"taxonomy":"product_brand","embeddable":true,"href":"https:\/\/helloflowers.pl\/en\/wp-json\/wp\/v2\/product_brand?post=20657"},{"taxonomy":"product_cat","embeddable":true,"href":"https:\/\/helloflowers.pl\/en\/wp-json\/wp\/v2\/product_cat?post=20657"},{"taxonomy":"product_tag","embeddable":true,"href":"https:\/\/helloflowers.pl\/en\/wp-json\/wp\/v2\/product_tag?post=20657"}],"curies":[{"name":"wp","href":"https:\/\/api.w.org\/{rel}","templated":true}]}}