{"id":20659,"date":"2019-07-19T12:17:50","date_gmt":"2019-07-19T11:17:50","guid":{"rendered":"https:\/\/helloflowers.pl\/?post_type=product&#038;p=20659"},"modified":"2026-01-08T12:49:12","modified_gmt":"2026-01-08T11:49:12","slug":"czerwone-roze-w-bialym-mega-boxie-kwiaty-w-pudelku-flower-box-2","status":"publish","type":"product","link":"https:\/\/helloflowers.pl\/en\/sklep\/czerwone-roze-w-bialym-mega-boxie-kwiaty-w-pudelku-flower-box-2\/","title":{"rendered":"Czerwone r\u00f3\u017ce w bia\u0142ym mega boxie &#8211; kwiaty w pude\u0142ku | flower box"},"content":{"rendered":"","protected":false},"excerpt":{"rendered":"<p>Nasza najwi\u0119ksza, a jednocze\u015bnie limitowana kompozycja z 40 \u015bwie\u017cymi r\u00f3\u017cami w kolorze czerwonym.<\/p>\n<p>Mega box idealnie sprawdza si\u0119 przy okazjach takich jak zar\u0119czyny, rocznica czy urodziny bliskiej osoby.<\/p>\n<p>Kwiaty umieszczone s\u0105 w r\u0119cznie wykonanym pude\u0142ku w kolorze bia\u0142ym. Ca\u0142o\u015b\u0107 wyko\u0144czona wst\u0105\u017ck\u0105 ozdobn\u0105.<\/p>\n<p>COMMENTS:<\/p>\n<ul>\n<li>Ilo\u015b\u0107 r\u00f3\u017c \u2013 40 sztuk<\/li>\n<li>Wymiary pude\u0142ka (bez kompozycji): \u015brednica \u2013 30 cm, wysoko\u015b\u0107 &#8211; 13 cm<\/li>\n<li>Roses are placed in a floral sponge soaked in water - their freshness is the same as that of flowers in a vase<\/li>\n<li>The color of the roses will be similar to roses presented in the picture<\/li>\n<\/ul>","protected":false},"featured_media":20567,"template":"","meta":[],"product_brand":[],"product_cat":[132],"product_tag":[],"class_list":{"0":"post-20659","1":"product","2":"type-product","3":"status-publish","4":"has-post-thumbnail","6":"product_cat-edycja-limitowana","7":"sales-flash-overlay","8":"woocommerce-text-align-center","9":"woocommerce-image-align-center","10":"do-quantity-buttons","12":"first","13":"outofstock","14":"shipping-taxable","15":"purchasable","16":"product-type-simple"},"aioseo_notices":[],"_links":{"self":[{"href":"https:\/\/helloflowers.pl\/en\/wp-json\/wp\/v2\/product\/20659","targetHints":{"allow":["GET"]}}],"collection":[{"href":"https:\/\/helloflowers.pl\/en\/wp-json\/wp\/v2\/product"}],"about":[{"href":"https:\/\/helloflowers.pl\/en\/wp-json\/wp\/v2\/types\/product"}],"wp:featuredmedia":[{"embeddable":true,"href":"https:\/\/helloflowers.pl\/en\/wp-json\/wp\/v2\/media\/20567"}],"wp:attachment":[{"href":"https:\/\/helloflowers.pl\/en\/wp-json\/wp\/v2\/media?parent=20659"}],"wp:term":[{"taxonomy":"product_brand","embeddable":true,"href":"https:\/\/helloflowers.pl\/en\/wp-json\/wp\/v2\/product_brand?post=20659"},{"taxonomy":"product_cat","embeddable":true,"href":"https:\/\/helloflowers.pl\/en\/wp-json\/wp\/v2\/product_cat?post=20659"},{"taxonomy":"product_tag","embeddable":true,"href":"https:\/\/helloflowers.pl\/en\/wp-json\/wp\/v2\/product_tag?post=20659"}],"curies":[{"name":"wp","href":"https:\/\/api.w.org\/{rel}","templated":true}]}}