{"id":20757,"date":"2019-09-06T16:44:56","date_gmt":"2019-09-06T15:44:56","guid":{"rendered":"https:\/\/helloflowers.pl\/?post_type=product&#038;p=20757"},"modified":"2026-03-01T19:36:47","modified_gmt":"2026-03-01T18:36:47","slug":"bukiet-ze-101-czerwonych-roz-bukiet-kwiatowy","status":"publish","type":"product","link":"https:\/\/helloflowers.pl\/en\/sklep\/bukiet-ze-101-czerwonych-roz-bukiet-kwiatowy\/","title":{"rendered":"Bukiet 101 czerwonych r\u00f3\u017c | bukiet kwiatowy w papierze ozdobnym"},"content":{"rendered":"","protected":false},"excerpt":{"rendered":"<p>Kompozycja kwiatowa sk\u0142adaj\u0105ca si\u0119 z 101 r\u00f3\u017c w kolorze czerwonym wykonana w kszta\u0142cie p\u00f3\u0142kuli.<\/p>\n<p>COMMENTS:<\/p>\n<ul>\n<li>Ilo\u015b\u0107 r\u00f3\u017c \u2013 101 sztuk<\/li>\n<li>D\u0142ugo\u015b\u0107 r\u00f3\u017c &#8211; 60-70 cm<\/li>\n<li>Odcie\u0144 r\u00f3\u017c oraz ostateczny wygl\u0105d kompozycji b\u0119dzie jak najbardziej zbli\u017cony do prezentowanego na zdj\u0119ciu<\/li>\n<\/ul>","protected":false},"featured_media":24335,"template":"","meta":[],"product_brand":[],"product_cat":[220,207],"product_tag":[],"class_list":{"0":"post-20757","1":"product","2":"type-product","3":"status-publish","4":"has-post-thumbnail","6":"product_cat-bukiety","7":"product_cat-premium","8":"sales-flash-overlay","9":"woocommerce-text-align-center","10":"woocommerce-image-align-center","11":"do-quantity-buttons","13":"first","14":"instock","15":"shipping-taxable","16":"purchasable","17":"product-type-simple"},"aioseo_notices":[],"_links":{"self":[{"href":"https:\/\/helloflowers.pl\/en\/wp-json\/wp\/v2\/product\/20757","targetHints":{"allow":["GET"]}}],"collection":[{"href":"https:\/\/helloflowers.pl\/en\/wp-json\/wp\/v2\/product"}],"about":[{"href":"https:\/\/helloflowers.pl\/en\/wp-json\/wp\/v2\/types\/product"}],"wp:featuredmedia":[{"embeddable":true,"href":"https:\/\/helloflowers.pl\/en\/wp-json\/wp\/v2\/media\/24335"}],"wp:attachment":[{"href":"https:\/\/helloflowers.pl\/en\/wp-json\/wp\/v2\/media?parent=20757"}],"wp:term":[{"taxonomy":"product_brand","embeddable":true,"href":"https:\/\/helloflowers.pl\/en\/wp-json\/wp\/v2\/product_brand?post=20757"},{"taxonomy":"product_cat","embeddable":true,"href":"https:\/\/helloflowers.pl\/en\/wp-json\/wp\/v2\/product_cat?post=20757"},{"taxonomy":"product_tag","embeddable":true,"href":"https:\/\/helloflowers.pl\/en\/wp-json\/wp\/v2\/product_tag?post=20757"}],"curies":[{"name":"wp","href":"https:\/\/api.w.org\/{rel}","templated":true}]}}