{"id":20799,"date":"2019-10-02T17:37:06","date_gmt":"2019-10-02T16:37:06","guid":{"rendered":"https:\/\/helloflowers.pl\/?post_type=product&#038;p=20799"},"modified":"2025-08-12T12:16:40","modified_gmt":"2025-08-12T11:16:40","slug":"trawa-pampasowa-suszona-cortaderia-5-lodyg","status":"publish","type":"product","link":"https:\/\/helloflowers.pl\/en\/sklep\/trawa-pampasowa-suszona-cortaderia-5-lodyg\/","title":{"rendered":"Pampas grass, dried natural pampas cortaderia - 5 stems"},"content":{"rendered":"","protected":false},"excerpt":{"rendered":"<p style=\"text-align: left;\">Naturalna, suszona trawa pampasowa o obfitym pi\u00f3ropuszu. Idealna do wystroju ka\u017cdego wn\u0119trza dzi\u0119ki swojemu uniwersalnemu wygl\u0105dowi.<\/p>\n<p>Zestaw zawiera 5 ga\u0142\u0105zek suszonej trawy (jak na zdj\u0119ciu podgl\u0105dowym).<\/p>\n<p>Pampasy wysokiej jako\u015bci sprowadzone prosto z W\u0142och.<\/p>\n<p>COMMENTS:<\/p>\n<ul>\n<li>Ilo\u015b\u0107 \u0142odyg \u2013 5 sztuk<\/li>\n<li>Wysoko\u015b\u0107 ca\u0142kowita &#8211; oko\u0142o 110 cm<\/li>\n<\/ul>\n<p>Trawa pampasowa to obecny hit Pinterest&#8217;a i Instagram&#8217;a!<\/p>\n<p>Dostawa na terenie ca\u0142ej Polski.<\/p>\n<p>&nbsp;<\/p>","protected":false},"featured_media":21827,"template":"","meta":[],"product_brand":[],"product_cat":[203],"product_tag":[],"class_list":{"0":"post-20799","1":"product","2":"type-product","3":"status-publish","4":"has-post-thumbnail","6":"product_cat-sztuczne-kwiaty-dekoracje","7":"sales-flash-overlay","8":"woocommerce-text-align-center","9":"woocommerce-image-align-center","10":"do-quantity-buttons","12":"first","13":"instock","14":"shipping-taxable","15":"purchasable","16":"product-type-simple"},"aioseo_notices":[],"_links":{"self":[{"href":"https:\/\/helloflowers.pl\/en\/wp-json\/wp\/v2\/product\/20799","targetHints":{"allow":["GET"]}}],"collection":[{"href":"https:\/\/helloflowers.pl\/en\/wp-json\/wp\/v2\/product"}],"about":[{"href":"https:\/\/helloflowers.pl\/en\/wp-json\/wp\/v2\/types\/product"}],"wp:featuredmedia":[{"embeddable":true,"href":"https:\/\/helloflowers.pl\/en\/wp-json\/wp\/v2\/media\/21827"}],"wp:attachment":[{"href":"https:\/\/helloflowers.pl\/en\/wp-json\/wp\/v2\/media?parent=20799"}],"wp:term":[{"taxonomy":"product_brand","embeddable":true,"href":"https:\/\/helloflowers.pl\/en\/wp-json\/wp\/v2\/product_brand?post=20799"},{"taxonomy":"product_cat","embeddable":true,"href":"https:\/\/helloflowers.pl\/en\/wp-json\/wp\/v2\/product_cat?post=20799"},{"taxonomy":"product_tag","embeddable":true,"href":"https:\/\/helloflowers.pl\/en\/wp-json\/wp\/v2\/product_tag?post=20799"}],"curies":[{"name":"wp","href":"https:\/\/api.w.org\/{rel}","templated":true}]}}