{"id":20899,"date":"2019-11-04T20:00:24","date_gmt":"2019-11-04T19:00:24","guid":{"rendered":"https:\/\/helloflowers.pl\/?post_type=product&#038;p=20899"},"modified":"2019-12-19T09:56:19","modified_gmt":"2019-12-19T08:56:19","slug":"sztuczna-choinka-na-pniu-swierk-50-cm-mint","status":"publish","type":"product","link":"https:\/\/helloflowers.pl\/en\/sklep\/sztuczna-choinka-na-pniu-swierk-50-cm-mint\/","title":{"rendered":"Sztuczna choinka na pniu \u015bwierk 50 cm &#8211; Mint"},"content":{"rendered":"","protected":false},"excerpt":{"rendered":"<p>Sztuczna choinka \u015bnie\u017cona na ko\u0142ku, r\u0119cznie dekorowana.\u00a0Wykonana z wysokiej jako\u015bci materia\u0142\u00f3w idealnie imituj\u0105cych naturalne drzewo &#8211; \u015bwierk.<\/p>\n<p>Pie\u0144 choinki wykonany jest z naturalnego drewna.\u00a0Ca\u0142o\u015b\u0107 udekorowana wst\u0105\u017ckami ozdobnymi oraz workiem jutowym.<\/p>\n<p>COMMENTS:<\/p>\n<ul>\n<li>Wysoko\u015b\u0107 ca\u0142kowita &#8211; 50 cm<\/li>\n<li>Kolorystyka &#8211; bia\u0142o-mi\u0119towa<\/li>\n<li>Choinka dekorowana r\u0119cznie<\/li>\n<\/ul>\n<p>&nbsp;<\/p>","protected":false},"featured_media":20901,"template":"","meta":[],"product_brand":[],"product_cat":[222],"product_tag":[],"class_list":{"0":"post-20899","1":"product","2":"type-product","3":"status-publish","4":"has-post-thumbnail","6":"product_cat-dekoracje-swiateczne","7":"sales-flash-overlay","8":"woocommerce-text-align-center","9":"woocommerce-image-align-center","10":"do-quantity-buttons","12":"first","13":"outofstock","14":"shipping-taxable","15":"purchasable","16":"product-type-simple"},"aioseo_notices":[],"_links":{"self":[{"href":"https:\/\/helloflowers.pl\/en\/wp-json\/wp\/v2\/product\/20899","targetHints":{"allow":["GET"]}}],"collection":[{"href":"https:\/\/helloflowers.pl\/en\/wp-json\/wp\/v2\/product"}],"about":[{"href":"https:\/\/helloflowers.pl\/en\/wp-json\/wp\/v2\/types\/product"}],"wp:featuredmedia":[{"embeddable":true,"href":"https:\/\/helloflowers.pl\/en\/wp-json\/wp\/v2\/media\/20901"}],"wp:attachment":[{"href":"https:\/\/helloflowers.pl\/en\/wp-json\/wp\/v2\/media?parent=20899"}],"wp:term":[{"taxonomy":"product_brand","embeddable":true,"href":"https:\/\/helloflowers.pl\/en\/wp-json\/wp\/v2\/product_brand?post=20899"},{"taxonomy":"product_cat","embeddable":true,"href":"https:\/\/helloflowers.pl\/en\/wp-json\/wp\/v2\/product_cat?post=20899"},{"taxonomy":"product_tag","embeddable":true,"href":"https:\/\/helloflowers.pl\/en\/wp-json\/wp\/v2\/product_tag?post=20899"}],"curies":[{"name":"wp","href":"https:\/\/api.w.org\/{rel}","templated":true}]}}