{"id":20907,"date":"2019-11-04T20:29:28","date_gmt":"2019-11-04T19:29:28","guid":{"rendered":"https:\/\/helloflowers.pl\/?post_type=product&#038;p=20907"},"modified":"2022-03-09T20:15:46","modified_gmt":"2022-03-09T19:15:46","slug":"sztuczny-rozek-dekorowany-swierk-40-cm-christmas-pink","status":"publish","type":"product","link":"https:\/\/helloflowers.pl\/en\/sklep\/sztuczny-rozek-dekorowany-swierk-40-cm-christmas-pink\/","title":{"rendered":"Sztuczny ro\u017cek dekorowany \u015bwierk 40 cm &#8211; Christmas Pink"},"content":{"rendered":"","protected":false},"excerpt":{"rendered":"<p>Sztuczny ro\u017cek \u015bnie\u017cony, r\u0119cznie dekorowany.\u00a0Wykonany z wysokiej jako\u015bci materia\u0142\u00f3w idealnie imituj\u0105cych naturalne drzewo &#8211; \u015bwierk.<\/p>\n<p>Ca\u0142o\u015b\u0107 udekorowana wst\u0105\u017ckami ozdobnymi.<\/p>\n<p>COMMENTS:<\/p>\n<ul>\n<li>D\u0142ugo\u015b\u0107 ca\u0142kowita &#8211; 40 cm<\/li>\n<li>Kolorystyka &#8211; bia\u0142o-r\u00f3\u017cowa<\/li>\n<li>Ro\u017cek dekorowany r\u0119cznie<\/li>\n<\/ul>\n<p>&nbsp;<\/p>","protected":false},"featured_media":20908,"template":"","meta":[],"product_brand":[],"product_cat":[222],"product_tag":[],"class_list":{"0":"post-20907","1":"product","2":"type-product","3":"status-publish","4":"has-post-thumbnail","6":"product_cat-dekoracje-swiateczne","7":"sales-flash-overlay","8":"woocommerce-text-align-center","9":"woocommerce-image-align-center","10":"do-quantity-buttons","12":"first","13":"outofstock","14":"sale","15":"shipping-taxable","16":"purchasable","17":"product-type-simple"},"aioseo_notices":[],"_links":{"self":[{"href":"https:\/\/helloflowers.pl\/en\/wp-json\/wp\/v2\/product\/20907","targetHints":{"allow":["GET"]}}],"collection":[{"href":"https:\/\/helloflowers.pl\/en\/wp-json\/wp\/v2\/product"}],"about":[{"href":"https:\/\/helloflowers.pl\/en\/wp-json\/wp\/v2\/types\/product"}],"wp:featuredmedia":[{"embeddable":true,"href":"https:\/\/helloflowers.pl\/en\/wp-json\/wp\/v2\/media\/20908"}],"wp:attachment":[{"href":"https:\/\/helloflowers.pl\/en\/wp-json\/wp\/v2\/media?parent=20907"}],"wp:term":[{"taxonomy":"product_brand","embeddable":true,"href":"https:\/\/helloflowers.pl\/en\/wp-json\/wp\/v2\/product_brand?post=20907"},{"taxonomy":"product_cat","embeddable":true,"href":"https:\/\/helloflowers.pl\/en\/wp-json\/wp\/v2\/product_cat?post=20907"},{"taxonomy":"product_tag","embeddable":true,"href":"https:\/\/helloflowers.pl\/en\/wp-json\/wp\/v2\/product_tag?post=20907"}],"curies":[{"name":"wp","href":"https:\/\/api.w.org\/{rel}","templated":true}]}}