{"id":20917,"date":"2019-11-04T20:40:26","date_gmt":"2019-11-04T19:40:26","guid":{"rendered":"https:\/\/helloflowers.pl\/?post_type=product&#038;p=20917"},"modified":"2021-12-13T13:42:44","modified_gmt":"2021-12-13T12:42:44","slug":"sztuczna-choinka-na-pniu-swierk-80-cm-snow","status":"publish","type":"product","link":"https:\/\/helloflowers.pl\/en\/sklep\/sztuczna-choinka-na-pniu-swierk-80-cm-snow\/","title":{"rendered":"Sztuczna choinka na pniu \u015bwierk 80 cm &#8211; Snow"},"content":{"rendered":"","protected":false},"excerpt":{"rendered":"<p>UWAGA! PRODUKT NA ZAM\u00d3WIENIE!<\/p>\n<p>Wysy\u0142ka mo\u017cliwa na pocz\u0105tku grudnia 2021!!!<\/p>\n<p>Sztuczna choinka \u015bnie\u017cona na ko\u0142ku, r\u0119cznie dekorowana.\u00a0Wykonana z wysokiej jako\u015bci materia\u0142\u00f3w idealnie imituj\u0105cych naturalne drzewo &#8211; \u015bwierk.<\/p>\n<p>Pie\u0144 choinki wykonany jest z naturalnego drewna.\u00a0Ca\u0142o\u015b\u0107 udekorowana wst\u0105\u017ckami ozdobnymi oraz workiem jutowym.<\/p>\n<p>COMMENTS:<\/p>\n<ul>\n<li>Wysoko\u015b\u0107 ca\u0142kowita &#8211; 80 cm<\/li>\n<li>Kolorystyka &#8211; niebieska<\/li>\n<li>Choinka dekorowana r\u0119cznie<\/li>\n<\/ul>\n<p>&nbsp;<\/p>","protected":false},"featured_media":21024,"template":"","meta":[],"product_brand":[],"product_cat":[222],"product_tag":[],"class_list":{"0":"post-20917","1":"product","2":"type-product","3":"status-publish","4":"has-post-thumbnail","6":"product_cat-dekoracje-swiateczne","7":"sales-flash-overlay","8":"woocommerce-text-align-center","9":"woocommerce-image-align-center","10":"do-quantity-buttons","12":"first","13":"outofstock","14":"shipping-taxable","15":"purchasable","16":"product-type-simple"},"aioseo_notices":[],"_links":{"self":[{"href":"https:\/\/helloflowers.pl\/en\/wp-json\/wp\/v2\/product\/20917","targetHints":{"allow":["GET"]}}],"collection":[{"href":"https:\/\/helloflowers.pl\/en\/wp-json\/wp\/v2\/product"}],"about":[{"href":"https:\/\/helloflowers.pl\/en\/wp-json\/wp\/v2\/types\/product"}],"wp:featuredmedia":[{"embeddable":true,"href":"https:\/\/helloflowers.pl\/en\/wp-json\/wp\/v2\/media\/21024"}],"wp:attachment":[{"href":"https:\/\/helloflowers.pl\/en\/wp-json\/wp\/v2\/media?parent=20917"}],"wp:term":[{"taxonomy":"product_brand","embeddable":true,"href":"https:\/\/helloflowers.pl\/en\/wp-json\/wp\/v2\/product_brand?post=20917"},{"taxonomy":"product_cat","embeddable":true,"href":"https:\/\/helloflowers.pl\/en\/wp-json\/wp\/v2\/product_cat?post=20917"},{"taxonomy":"product_tag","embeddable":true,"href":"https:\/\/helloflowers.pl\/en\/wp-json\/wp\/v2\/product_tag?post=20917"}],"curies":[{"name":"wp","href":"https:\/\/api.w.org\/{rel}","templated":true}]}}