{"id":20947,"date":"2019-11-13T16:13:08","date_gmt":"2019-11-13T15:13:08","guid":{"rendered":"https:\/\/helloflowers.pl\/?post_type=product&#038;p=20947"},"modified":"2025-12-15T17:55:50","modified_gmt":"2025-12-15T16:55:50","slug":"mix-sztucznych-kwiatow-w-szklanej-kopule","status":"publish","type":"product","link":"https:\/\/helloflowers.pl\/en\/sklep\/mix-sztucznych-kwiatow-w-szklanej-kopule\/","title":{"rendered":"Mix of artificial flowers in a glass dome"},"content":{"rendered":"","protected":false},"excerpt":{"rendered":"<p>A composition of artificial flowers made on a wooden trunk and covered with a glass shade.<\/p>\n<p>Decorated with a decorative ribbon.<\/p>\n<p>COMMENTS:<\/p>\n<ul>\n<li>Wysoko\u015b\u0107 ca\u0142kowita &#8211; 42 cm<\/li>\n<li>Wysoko\u015b\u0107 kopu\u0142y &#8211; 36 cm<\/li>\n<li>\u015arednica kopu\u0142y &#8211; 24 cm<\/li>\n<li>Kolorystyka &#8211; odcienie bieli, fioletu, r\u00f3\u017cu<\/li>\n<li>Rodzaj kwiat\u00f3w &#8211; go\u017adziki, hortensje, jaskry, kamelie, piwonie, r\u00f3\u017ce<\/li>\n<\/ul>\n<p>&nbsp;<\/p>","protected":false},"featured_media":21303,"template":"","meta":[],"product_brand":[],"product_cat":[203,132,207],"product_tag":[],"class_list":{"0":"post-20947","1":"product","2":"type-product","3":"status-publish","4":"has-post-thumbnail","6":"product_cat-sztuczne-kwiaty-dekoracje","7":"product_cat-edycja-limitowana","8":"product_cat-premium","9":"sales-flash-overlay","10":"woocommerce-text-align-center","11":"woocommerce-image-align-center","12":"do-quantity-buttons","14":"first","15":"instock","16":"shipping-taxable","17":"purchasable","18":"product-type-simple"},"aioseo_notices":[],"_links":{"self":[{"href":"https:\/\/helloflowers.pl\/en\/wp-json\/wp\/v2\/product\/20947","targetHints":{"allow":["GET"]}}],"collection":[{"href":"https:\/\/helloflowers.pl\/en\/wp-json\/wp\/v2\/product"}],"about":[{"href":"https:\/\/helloflowers.pl\/en\/wp-json\/wp\/v2\/types\/product"}],"wp:featuredmedia":[{"embeddable":true,"href":"https:\/\/helloflowers.pl\/en\/wp-json\/wp\/v2\/media\/21303"}],"wp:attachment":[{"href":"https:\/\/helloflowers.pl\/en\/wp-json\/wp\/v2\/media?parent=20947"}],"wp:term":[{"taxonomy":"product_brand","embeddable":true,"href":"https:\/\/helloflowers.pl\/en\/wp-json\/wp\/v2\/product_brand?post=20947"},{"taxonomy":"product_cat","embeddable":true,"href":"https:\/\/helloflowers.pl\/en\/wp-json\/wp\/v2\/product_cat?post=20947"},{"taxonomy":"product_tag","embeddable":true,"href":"https:\/\/helloflowers.pl\/en\/wp-json\/wp\/v2\/product_tag?post=20947"}],"curies":[{"name":"wp","href":"https:\/\/api.w.org\/{rel}","templated":true}]}}