{"id":21048,"date":"2019-12-05T18:52:26","date_gmt":"2019-12-05T17:52:26","guid":{"rendered":"https:\/\/helloflowers.pl\/?post_type=product&#038;p=21048"},"modified":"2019-12-10T15:22:04","modified_gmt":"2019-12-10T14:22:04","slug":"swiateczna-kompozycja-w-mini-szklanej-kopule-35-cm","status":"publish","type":"product","link":"https:\/\/helloflowers.pl\/en\/sklep\/swiateczna-kompozycja-w-mini-szklanej-kopule-35-cm\/","title":{"rendered":"\u015awi\u0105teczna kompozycja w mini szklanej kopule 35 cm"},"content":{"rendered":"","protected":false},"excerpt":{"rendered":"<p>\u015awi\u0105teczna kompozycja zamkni\u0119ta w szklanej kopule. Klimatyczny zestaw udekorowany sztucznym \u015bniegiem, kt\u00f3ry idealnie nadaje \u015bwi\u0105teczny charakter ka\u017cdemu wn\u0119trzu.<\/p>\n<p>Ca\u0142o\u015b\u0107 udekorowana ozdobn\u0105 wst\u0105\u017ck\u0105 z napisem Weso\u0142ych \u015awi\u0105t.<\/p>\n<p>COMMENTS:<\/p>\n<ul>\n<li>Wysoko\u015b\u0107 ca\u0142kowita &#8211; 35 cm<\/li>\n<li>Kolorystyka &#8211; biel, ziele\u0144, z\u0142oto<\/li>\n<li>Zawarto\u015b\u0107 kopu\u0142ki &#8211; Dziadek do orzech\u00f3w, renifer, pod\u015bwietlany domek, choinka z lampkami o barwie ciep\u0142ej<\/li>\n<li>Lampki w postaci gwiazdek s\u0105 do\u0142\u0105czone do zestawu<\/li>\n<\/ul>\n<p>&nbsp;<\/p>","protected":false},"featured_media":21049,"template":"","meta":[],"product_brand":[],"product_cat":[203,222],"product_tag":[],"class_list":{"0":"post-21048","1":"product","2":"type-product","3":"status-publish","4":"has-post-thumbnail","6":"product_cat-sztuczne-kwiaty-dekoracje","7":"product_cat-dekoracje-swiateczne","8":"sales-flash-overlay","9":"woocommerce-text-align-center","10":"woocommerce-image-align-center","11":"do-quantity-buttons","13":"first","14":"outofstock","15":"shipping-taxable","16":"purchasable","17":"product-type-simple"},"aioseo_notices":[],"_links":{"self":[{"href":"https:\/\/helloflowers.pl\/en\/wp-json\/wp\/v2\/product\/21048","targetHints":{"allow":["GET"]}}],"collection":[{"href":"https:\/\/helloflowers.pl\/en\/wp-json\/wp\/v2\/product"}],"about":[{"href":"https:\/\/helloflowers.pl\/en\/wp-json\/wp\/v2\/types\/product"}],"wp:featuredmedia":[{"embeddable":true,"href":"https:\/\/helloflowers.pl\/en\/wp-json\/wp\/v2\/media\/21049"}],"wp:attachment":[{"href":"https:\/\/helloflowers.pl\/en\/wp-json\/wp\/v2\/media?parent=21048"}],"wp:term":[{"taxonomy":"product_brand","embeddable":true,"href":"https:\/\/helloflowers.pl\/en\/wp-json\/wp\/v2\/product_brand?post=21048"},{"taxonomy":"product_cat","embeddable":true,"href":"https:\/\/helloflowers.pl\/en\/wp-json\/wp\/v2\/product_cat?post=21048"},{"taxonomy":"product_tag","embeddable":true,"href":"https:\/\/helloflowers.pl\/en\/wp-json\/wp\/v2\/product_tag?post=21048"}],"curies":[{"name":"wp","href":"https:\/\/api.w.org\/{rel}","templated":true}]}}