{"id":21062,"date":"2019-12-11T16:31:45","date_gmt":"2019-12-11T15:31:45","guid":{"rendered":"https:\/\/helloflowers.pl\/?post_type=product&#038;p=21062"},"modified":"2025-12-15T17:55:19","modified_gmt":"2025-12-15T16:55:19","slug":"mix-sztucznych-kwiatow-w-szklanej-kopule-wersja-swiateczna","status":"publish","type":"product","link":"https:\/\/helloflowers.pl\/en\/sklep\/mix-sztucznych-kwiatow-w-szklanej-kopule-wersja-swiateczna\/","title":{"rendered":"Kompozycja sztucznych kwiat\u00f3w w szklanej kopule &#8211; wersja \u015bwi\u0105teczna"},"content":{"rendered":"","protected":false},"excerpt":{"rendered":"<p>Kompozycja sztucznych kwiat\u00f3w wykonana na drewnianym pniu i przykryta o\u015bnie\u017con\u0105 szklan\u0105 kopu\u0142\u0105.<\/p>\n<p>Composition is decorated with warm-colored LED lamps.<\/p>\n<p>COMMENTS:<\/p>\n<ul>\n<li>Wysoko\u015b\u0107 ca\u0142kowita &#8211; oko\u0142o 40 cm<\/li>\n<li>Wysoko\u015b\u0107 kopu\u0142y &#8211; oko\u0142o 36 cm<\/li>\n<li>\u015arednica \u00a0&#8211; oko\u0142o 25 cm<\/li>\n<li>Kolorystyka &#8211; odcienie fioletu<\/li>\n<li>Rodzaj kwiat\u00f3w &#8211; go\u017adziki, hortensje, jarz\u0119bina, jaskier, piwonie<\/li>\n<\/ul>\n<p>&nbsp;<\/p>","protected":false},"featured_media":21063,"template":"","meta":[],"product_brand":[],"product_cat":[222,207,132,203],"product_tag":[],"class_list":{"0":"post-21062","1":"product","2":"type-product","3":"status-publish","4":"has-post-thumbnail","6":"product_cat-dekoracje-swiateczne","7":"product_cat-premium","8":"product_cat-edycja-limitowana","9":"product_cat-sztuczne-kwiaty-dekoracje","10":"sales-flash-overlay","11":"woocommerce-text-align-center","12":"woocommerce-image-align-center","13":"do-quantity-buttons","15":"first","16":"instock","17":"shipping-taxable","18":"purchasable","19":"product-type-simple"},"aioseo_notices":[],"_links":{"self":[{"href":"https:\/\/helloflowers.pl\/en\/wp-json\/wp\/v2\/product\/21062","targetHints":{"allow":["GET"]}}],"collection":[{"href":"https:\/\/helloflowers.pl\/en\/wp-json\/wp\/v2\/product"}],"about":[{"href":"https:\/\/helloflowers.pl\/en\/wp-json\/wp\/v2\/types\/product"}],"wp:featuredmedia":[{"embeddable":true,"href":"https:\/\/helloflowers.pl\/en\/wp-json\/wp\/v2\/media\/21063"}],"wp:attachment":[{"href":"https:\/\/helloflowers.pl\/en\/wp-json\/wp\/v2\/media?parent=21062"}],"wp:term":[{"taxonomy":"product_brand","embeddable":true,"href":"https:\/\/helloflowers.pl\/en\/wp-json\/wp\/v2\/product_brand?post=21062"},{"taxonomy":"product_cat","embeddable":true,"href":"https:\/\/helloflowers.pl\/en\/wp-json\/wp\/v2\/product_cat?post=21062"},{"taxonomy":"product_tag","embeddable":true,"href":"https:\/\/helloflowers.pl\/en\/wp-json\/wp\/v2\/product_tag?post=21062"}],"curies":[{"name":"wp","href":"https:\/\/api.w.org\/{rel}","templated":true}]}}