{"id":21085,"date":"2019-12-27T13:27:51","date_gmt":"2019-12-27T12:27:51","guid":{"rendered":"https:\/\/helloflowers.pl\/?post_type=product&#038;p=21085"},"modified":"2025-10-30T13:33:29","modified_gmt":"2025-10-30T12:33:29","slug":"mix-sztucznych-kwiatow-w-szklanej-kopule-wersja-z-lampkami","status":"publish","type":"product","link":"https:\/\/helloflowers.pl\/en\/sklep\/mix-sztucznych-kwiatow-w-szklanej-kopule-wersja-z-lampkami\/","title":{"rendered":"Composition of artificial flowers in glass - version with lamps"},"content":{"rendered":"","protected":false},"excerpt":{"rendered":"<p style=\"text-align: left;\">A composition of artificial flowers made on a wooden trunk and covered with a glass shade.<\/p>\n<p>Composition is decorated with warm-colored LED lamps.<\/p>\n<p>COMMENTS:<\/p>\n<ul>\n<li>Wysoko\u015b\u0107 ca\u0142kowita &#8211; oko\u0142o 40 cm<\/li>\n<li>Wysoko\u015b\u0107 kopu\u0142y &#8211; oko\u0142o 36 cm<\/li>\n<li>\u015arednica \u00a0&#8211; oko\u0142o 22 cm<\/li>\n<li>Kolorystyka &#8211; odcienie fioletu<\/li>\n<li>Rodzaj kwiat\u00f3w &#8211; hortensje, jaskier, piwonie.<\/li>\n<\/ul>\n<p>&nbsp;<\/p>","protected":false},"featured_media":21086,"template":"","meta":[],"product_brand":[],"product_cat":[203,132,207],"product_tag":[],"class_list":{"0":"post-21085","1":"product","2":"type-product","3":"status-publish","4":"has-post-thumbnail","6":"product_cat-sztuczne-kwiaty-dekoracje","7":"product_cat-edycja-limitowana","8":"product_cat-premium","9":"sales-flash-overlay","10":"woocommerce-text-align-center","11":"woocommerce-image-align-center","12":"do-quantity-buttons","14":"first","15":"instock","16":"shipping-taxable","17":"purchasable","18":"product-type-simple"},"aioseo_notices":[],"_links":{"self":[{"href":"https:\/\/helloflowers.pl\/en\/wp-json\/wp\/v2\/product\/21085","targetHints":{"allow":["GET"]}}],"collection":[{"href":"https:\/\/helloflowers.pl\/en\/wp-json\/wp\/v2\/product"}],"about":[{"href":"https:\/\/helloflowers.pl\/en\/wp-json\/wp\/v2\/types\/product"}],"wp:featuredmedia":[{"embeddable":true,"href":"https:\/\/helloflowers.pl\/en\/wp-json\/wp\/v2\/media\/21086"}],"wp:attachment":[{"href":"https:\/\/helloflowers.pl\/en\/wp-json\/wp\/v2\/media?parent=21085"}],"wp:term":[{"taxonomy":"product_brand","embeddable":true,"href":"https:\/\/helloflowers.pl\/en\/wp-json\/wp\/v2\/product_brand?post=21085"},{"taxonomy":"product_cat","embeddable":true,"href":"https:\/\/helloflowers.pl\/en\/wp-json\/wp\/v2\/product_cat?post=21085"},{"taxonomy":"product_tag","embeddable":true,"href":"https:\/\/helloflowers.pl\/en\/wp-json\/wp\/v2\/product_tag?post=21085"}],"curies":[{"name":"wp","href":"https:\/\/api.w.org\/{rel}","templated":true}]}}