{"id":21141,"date":"2020-01-23T14:57:18","date_gmt":"2020-01-23T13:57:18","guid":{"rendered":"https:\/\/helloflowers.pl\/?post_type=product&#038;p=21141"},"modified":"2026-01-13T13:39:10","modified_gmt":"2026-01-13T12:39:10","slug":"czerwone-roze-w-drewnianej-ramce-kwiaty-w-pudelku","status":"publish","type":"product","link":"https:\/\/helloflowers.pl\/en\/sklep\/czerwone-roze-w-drewnianej-ramce-kwiaty-w-pudelku\/","title":{"rendered":"Red roses in a wooden premium box - flowers in a box"},"content":{"rendered":"","protected":false},"excerpt":{"rendered":"<p>Najnowszy produkt w ofercie z kolekcji PREMIUM, kt\u00f3ry zosta\u0142 zrealizowany na nasze indywidualne zam\u00f3wienie.<\/p>\n<p>Ramka kwiatowa wykonana z dba\u0142o\u015bci\u0105 o ka\u017cdy szczeg\u00f3\u0142 w 100% z drewna d\u0119bowego.<\/p>\n<p>Zestaw posiada mocny i wytrzyma\u0142y sznurek, dzi\u0119ki kt\u00f3remu ramk\u0119 mo\u017cna zawiesi\u0107.<\/p>\n<p>COMMENTS:<\/p>\n<ul>\n<li>Ilo\u015b\u0107 kwiat\u00f3w: 5 r\u00f3\u017c<\/li>\n<li>Wymiary ramki: 40&#215;37 cm<\/li>\n<li>The flowers are placed in vials filled with water with a special nutrient<\/li>\n<li>The color of the roses will be similar to roses presented in the picture<\/li>\n<\/ul>\n<p>Ramka dzi\u0119ki swojej funkcjonalno\u015bci, po przekwitni\u0119ciu kwiat\u00f3w spe\u0142nia rol\u0119 mebla &#8211; wazonu.<\/p>","protected":false},"featured_media":21142,"template":"","meta":[],"product_brand":[],"product_cat":[132,207],"product_tag":[],"class_list":{"0":"post-21141","1":"product","2":"type-product","3":"status-publish","4":"has-post-thumbnail","6":"product_cat-edycja-limitowana","7":"product_cat-premium","8":"sales-flash-overlay","9":"woocommerce-text-align-center","10":"woocommerce-image-align-center","11":"do-quantity-buttons","13":"first","14":"instock","15":"shipping-taxable","16":"purchasable","17":"product-type-simple"},"aioseo_notices":[],"_links":{"self":[{"href":"https:\/\/helloflowers.pl\/en\/wp-json\/wp\/v2\/product\/21141","targetHints":{"allow":["GET"]}}],"collection":[{"href":"https:\/\/helloflowers.pl\/en\/wp-json\/wp\/v2\/product"}],"about":[{"href":"https:\/\/helloflowers.pl\/en\/wp-json\/wp\/v2\/types\/product"}],"wp:featuredmedia":[{"embeddable":true,"href":"https:\/\/helloflowers.pl\/en\/wp-json\/wp\/v2\/media\/21142"}],"wp:attachment":[{"href":"https:\/\/helloflowers.pl\/en\/wp-json\/wp\/v2\/media?parent=21141"}],"wp:term":[{"taxonomy":"product_brand","embeddable":true,"href":"https:\/\/helloflowers.pl\/en\/wp-json\/wp\/v2\/product_brand?post=21141"},{"taxonomy":"product_cat","embeddable":true,"href":"https:\/\/helloflowers.pl\/en\/wp-json\/wp\/v2\/product_cat?post=21141"},{"taxonomy":"product_tag","embeddable":true,"href":"https:\/\/helloflowers.pl\/en\/wp-json\/wp\/v2\/product_tag?post=21141"}],"curies":[{"name":"wp","href":"https:\/\/api.w.org\/{rel}","templated":true}]}}