{"id":21410,"date":"2020-04-02T11:24:47","date_gmt":"2020-04-02T10:24:47","guid":{"rendered":"https:\/\/helloflowers.pl\/?post_type=product&#038;p=21410"},"modified":"2023-09-01T19:54:39","modified_gmt":"2023-09-01T18:54:39","slug":"mix-sztucznych-kwiatow-w-malym-bialym-boxie-sztuczne-kwiaty-w-pudelku-flower-box","status":"publish","type":"product","link":"https:\/\/helloflowers.pl\/en\/sklep\/mix-sztucznych-kwiatow-w-malym-bialym-boxie-sztuczne-kwiaty-w-pudelku-flower-box\/","title":{"rendered":"Kompozycja sztucznych kwiat\u00f3w w ma\u0142ym bia\u0142ym boxie &#8211; sztuczne kwiaty w pude\u0142ku | flower box"},"content":{"rendered":"","protected":false},"excerpt":{"rendered":"<p>Kompozycja sztucznych kwiat\u00f3w w ma\u0142ym bia\u0142ym pude\u0142ku.<\/p>\n<p>Zestaw wykonany r\u0119cznie z u\u017cyciem sztucznych materia\u0142\u00f3w wysokiej jako\u015bci, kt\u00f3re idealnie imituj\u0105 naturalne kwiaty.<\/p>\n<p>Decorated with a decorative ribbon.<\/p>\n<p>COMMENTS:<\/p>\n<ul>\n<li>Wymiary pude\u0142ka (bez kompozycji): \u015brednica \u2013 12,5 cm, wysoko\u015b\u0107 \u2013 15 cm<\/li>\n<li>Wszystkie elementy u\u017cyte do realizacji kompozycji s\u0105 sztuczne<\/li>\n<li>Kolorystyka oraz wykonanie b\u0119dzie jak najbardziej zbli\u017cone do kompozycji prezentowanej na zdj\u0119ciu<\/li>\n<\/ul>\n<p>Je\u017celi chcesz, aby Tw\u00f3j zestaw by\u0142 w innej kolorystyce daj nam zna\u0107! Wykonamy go wed\u0142ug wszelkich wytycznych.<\/p>","protected":false},"featured_media":21412,"template":"","meta":[],"product_brand":[],"product_cat":[203],"product_tag":[],"class_list":{"0":"post-21410","1":"product","2":"type-product","3":"status-publish","4":"has-post-thumbnail","6":"product_cat-sztuczne-kwiaty-dekoracje","7":"sales-flash-overlay","8":"woocommerce-text-align-center","9":"woocommerce-image-align-center","10":"do-quantity-buttons","12":"first","13":"outofstock","14":"shipping-taxable","15":"purchasable","16":"product-type-simple"},"aioseo_notices":[],"_links":{"self":[{"href":"https:\/\/helloflowers.pl\/en\/wp-json\/wp\/v2\/product\/21410","targetHints":{"allow":["GET"]}}],"collection":[{"href":"https:\/\/helloflowers.pl\/en\/wp-json\/wp\/v2\/product"}],"about":[{"href":"https:\/\/helloflowers.pl\/en\/wp-json\/wp\/v2\/types\/product"}],"wp:featuredmedia":[{"embeddable":true,"href":"https:\/\/helloflowers.pl\/en\/wp-json\/wp\/v2\/media\/21412"}],"wp:attachment":[{"href":"https:\/\/helloflowers.pl\/en\/wp-json\/wp\/v2\/media?parent=21410"}],"wp:term":[{"taxonomy":"product_brand","embeddable":true,"href":"https:\/\/helloflowers.pl\/en\/wp-json\/wp\/v2\/product_brand?post=21410"},{"taxonomy":"product_cat","embeddable":true,"href":"https:\/\/helloflowers.pl\/en\/wp-json\/wp\/v2\/product_cat?post=21410"},{"taxonomy":"product_tag","embeddable":true,"href":"https:\/\/helloflowers.pl\/en\/wp-json\/wp\/v2\/product_tag?post=21410"}],"curies":[{"name":"wp","href":"https:\/\/api.w.org\/{rel}","templated":true}]}}