{"id":21468,"date":"2020-04-29T16:58:23","date_gmt":"2020-04-29T15:58:23","guid":{"rendered":"https:\/\/helloflowers.pl\/?post_type=product&#038;p=21468"},"modified":"2020-06-29T13:57:14","modified_gmt":"2020-06-29T12:57:14","slug":"mix-swiezych-kwiatow-w-bialej-kopercie-kwiaty-w-pudelkach-koperta-kwiatowa","status":"publish","type":"product","link":"https:\/\/helloflowers.pl\/en\/sklep\/mix-swiezych-kwiatow-w-bialej-kopercie-kwiaty-w-pudelkach-koperta-kwiatowa\/","title":{"rendered":"Mix \u015bwie\u017cych kwiat\u00f3w w bia\u0142ej kopercie | kwiaty w pude\u0142kach | koperta kwiatowa"},"content":{"rendered":"","protected":false},"excerpt":{"rendered":"<p>Koperta kwiatowa to nasz produkt z EDYCJI LIMITOWANEJ przygotowany na specjalne okazje.\u00a0Przy naszej pomocy mo\u017cesz wys\u0142a\u0107 pi\u0119knie pachn\u0105cy list pe\u0142en \u015bwie\u017cych kwiat\u00f3w zapakowany w kopert\u0119.<\/p>\n<p>Zestaw wykonany w mieszanej kolorystyce, zawieraj\u0105cy chamelaucium, dmuszek jajowaty, eustom\u0119 oraz dodatki w postaci zieleniny.\u00a0Kompozycja wyko\u0144czona wst\u0105\u017ck\u0105 ozdobn\u0105.<\/p>\n<p>COMMENTS:<\/p>\n<ul>\n<li>Wymiary koperty bez kompozycji: 20 x 30 cm<\/li>\n<li>Kolorystyka oraz odmiana kwiat\u00f3w w miar\u0119 dost\u0119pno\u015bci b\u0119dzie jak najbardziej zbli\u017cona do prezentowanych na zdj\u0119ciu<\/li>\n<\/ul>\n<p>&nbsp;<\/p>","protected":false},"featured_media":21469,"template":"","meta":[],"product_brand":[],"product_cat":[132],"product_tag":[],"class_list":{"0":"post-21468","1":"product","2":"type-product","3":"status-publish","4":"has-post-thumbnail","6":"product_cat-edycja-limitowana","7":"sales-flash-overlay","8":"woocommerce-text-align-center","9":"woocommerce-image-align-center","10":"do-quantity-buttons","12":"first","13":"outofstock","14":"shipping-taxable","15":"purchasable","16":"product-type-simple"},"aioseo_notices":[],"_links":{"self":[{"href":"https:\/\/helloflowers.pl\/en\/wp-json\/wp\/v2\/product\/21468","targetHints":{"allow":["GET"]}}],"collection":[{"href":"https:\/\/helloflowers.pl\/en\/wp-json\/wp\/v2\/product"}],"about":[{"href":"https:\/\/helloflowers.pl\/en\/wp-json\/wp\/v2\/types\/product"}],"wp:featuredmedia":[{"embeddable":true,"href":"https:\/\/helloflowers.pl\/en\/wp-json\/wp\/v2\/media\/21469"}],"wp:attachment":[{"href":"https:\/\/helloflowers.pl\/en\/wp-json\/wp\/v2\/media?parent=21468"}],"wp:term":[{"taxonomy":"product_brand","embeddable":true,"href":"https:\/\/helloflowers.pl\/en\/wp-json\/wp\/v2\/product_brand?post=21468"},{"taxonomy":"product_cat","embeddable":true,"href":"https:\/\/helloflowers.pl\/en\/wp-json\/wp\/v2\/product_cat?post=21468"},{"taxonomy":"product_tag","embeddable":true,"href":"https:\/\/helloflowers.pl\/en\/wp-json\/wp\/v2\/product_tag?post=21468"}],"curies":[{"name":"wp","href":"https:\/\/api.w.org\/{rel}","templated":true}]}}