{"id":21480,"date":"2020-05-05T16:40:50","date_gmt":"2020-05-05T15:40:50","guid":{"rendered":"https:\/\/helloflowers.pl\/?post_type=product&#038;p=21480"},"modified":"2021-07-21T21:18:09","modified_gmt":"2021-07-21T20:18:09","slug":"bukiet-10-rozowych-piwonii-bukiet-kwiatowy-bukiet-peonii","status":"publish","type":"product","link":"https:\/\/helloflowers.pl\/en\/sklep\/bukiet-10-rozowych-piwonii-bukiet-kwiatowy-bukiet-peonii\/","title":{"rendered":"Bukiet 10 r\u00f3\u017cowych piwonii | bukiet kwiatowy | bukiet peonii"},"content":{"rendered":"","protected":false},"excerpt":{"rendered":"<p>Kompozycja kwiatowa sk\u0142adaj\u0105ca si\u0119 z 10 piwonii w kolorze r\u00f3\u017cowym. Bukiet uzupe\u0142niony zielenin\u0105. Ca\u0142o\u015b\u0107 estetycznie zapakowana w papier ozdobny.<\/p>\n<p>COMMENTS:<\/p>\n<ul>\n<li>Ilo\u015b\u0107 piwonii \u2013 10 sztuk<\/li>\n<li>Kompozycja b\u0119dzie jak najbardziej zbli\u017cona do prezentowanej na zdj\u0119ciu<\/li>\n<\/ul>","protected":false},"featured_media":21481,"template":"","meta":[],"product_brand":[],"product_cat":[220],"product_tag":[],"class_list":{"0":"post-21480","1":"product","2":"type-product","3":"status-publish","4":"has-post-thumbnail","6":"product_cat-bukiety","7":"sales-flash-overlay","8":"woocommerce-text-align-center","9":"woocommerce-image-align-center","10":"do-quantity-buttons","12":"first","13":"outofstock","14":"shipping-taxable","15":"purchasable","16":"product-type-simple"},"aioseo_notices":[],"_links":{"self":[{"href":"https:\/\/helloflowers.pl\/en\/wp-json\/wp\/v2\/product\/21480","targetHints":{"allow":["GET"]}}],"collection":[{"href":"https:\/\/helloflowers.pl\/en\/wp-json\/wp\/v2\/product"}],"about":[{"href":"https:\/\/helloflowers.pl\/en\/wp-json\/wp\/v2\/types\/product"}],"wp:featuredmedia":[{"embeddable":true,"href":"https:\/\/helloflowers.pl\/en\/wp-json\/wp\/v2\/media\/21481"}],"wp:attachment":[{"href":"https:\/\/helloflowers.pl\/en\/wp-json\/wp\/v2\/media?parent=21480"}],"wp:term":[{"taxonomy":"product_brand","embeddable":true,"href":"https:\/\/helloflowers.pl\/en\/wp-json\/wp\/v2\/product_brand?post=21480"},{"taxonomy":"product_cat","embeddable":true,"href":"https:\/\/helloflowers.pl\/en\/wp-json\/wp\/v2\/product_cat?post=21480"},{"taxonomy":"product_tag","embeddable":true,"href":"https:\/\/helloflowers.pl\/en\/wp-json\/wp\/v2\/product_tag?post=21480"}],"curies":[{"name":"wp","href":"https:\/\/api.w.org\/{rel}","templated":true}]}}