{"id":21518,"date":"2020-05-14T10:07:37","date_gmt":"2020-05-14T09:07:37","guid":{"rendered":"https:\/\/helloflowers.pl\/?post_type=product&#038;p=21518"},"modified":"2026-04-09T11:52:15","modified_gmt":"2026-04-09T10:52:15","slug":"bukiet-z-50-rozowych-roz-bukiet-kwiatowy","status":"publish","type":"product","link":"https:\/\/helloflowers.pl\/en\/sklep\/bukiet-z-50-rozowych-roz-bukiet-kwiatowy\/","title":{"rendered":"Bouquet of 50 pink roses | floral bouquet"},"content":{"rendered":"","protected":false},"excerpt":{"rendered":"<p>Kompozycja kwiatowa sk\u0142adaj\u0105ca si\u0119 z 50 r\u00f3\u017c w kolorze r\u00f3\u017cowym wykonana w kszta\u0142cie p\u00f3\u0142kuli.<\/p>\n<p>COMMENTS:<\/p>\n<ul>\n<li>Ilo\u015b\u0107 r\u00f3\u017c \u2013 50 sztuk<\/li>\n<li>D\u0142ugo\u015b\u0107 r\u00f3\u017c &#8211; oko\u0142o 60-70 cm<\/li>\n<li>The color of the roses will be similar to roses presented in the picture<\/li>\n<\/ul>","protected":false},"featured_media":21516,"template":"","meta":[],"product_brand":[],"product_cat":[220],"product_tag":[],"class_list":{"0":"post-21518","1":"product","2":"type-product","3":"status-publish","4":"has-post-thumbnail","6":"product_cat-bukiety","7":"sales-flash-overlay","8":"woocommerce-text-align-center","9":"woocommerce-image-align-center","10":"do-quantity-buttons","12":"first","13":"instock","14":"shipping-taxable","15":"purchasable","16":"product-type-simple"},"aioseo_notices":[],"_links":{"self":[{"href":"https:\/\/helloflowers.pl\/en\/wp-json\/wp\/v2\/product\/21518","targetHints":{"allow":["GET"]}}],"collection":[{"href":"https:\/\/helloflowers.pl\/en\/wp-json\/wp\/v2\/product"}],"about":[{"href":"https:\/\/helloflowers.pl\/en\/wp-json\/wp\/v2\/types\/product"}],"wp:featuredmedia":[{"embeddable":true,"href":"https:\/\/helloflowers.pl\/en\/wp-json\/wp\/v2\/media\/21516"}],"wp:attachment":[{"href":"https:\/\/helloflowers.pl\/en\/wp-json\/wp\/v2\/media?parent=21518"}],"wp:term":[{"taxonomy":"product_brand","embeddable":true,"href":"https:\/\/helloflowers.pl\/en\/wp-json\/wp\/v2\/product_brand?post=21518"},{"taxonomy":"product_cat","embeddable":true,"href":"https:\/\/helloflowers.pl\/en\/wp-json\/wp\/v2\/product_cat?post=21518"},{"taxonomy":"product_tag","embeddable":true,"href":"https:\/\/helloflowers.pl\/en\/wp-json\/wp\/v2\/product_tag?post=21518"}],"curies":[{"name":"wp","href":"https:\/\/api.w.org\/{rel}","templated":true}]}}