{"id":21616,"date":"2020-06-03T14:10:35","date_gmt":"2020-06-03T13:10:35","guid":{"rendered":"https:\/\/helloflowers.pl\/?post_type=product&#038;p=21616"},"modified":"2026-05-09T08:40:09","modified_gmt":"2026-05-09T07:40:09","slug":"mix-swiezych-kwiatow-w-duzym-bezowym-welurowym-boxie-kwiaty-w-pudelkach-flower-box","status":"publish","type":"product","link":"https:\/\/helloflowers.pl\/en\/sklep\/mix-swiezych-kwiatow-w-duzym-bezowym-welurowym-boxie-kwiaty-w-pudelkach-flower-box\/","title":{"rendered":"Kompozycja \u015bwie\u017cych kwiat\u00f3w w du\u017cym jasnobe\u017cowym welurowym boxie &#8211; kwiaty w pude\u0142kach | flower box"},"content":{"rendered":"","protected":false},"excerpt":{"rendered":"<p>Du\u017cy okr\u0105g\u0142y box pokryty welurowym materia\u0142em to nasza nowa kolekcja PREMIUM. W zestawie ze \u015bwie\u017cymi eustomami, lewkoni\u0105, piwoniami, r\u00f3\u017c\u0105 ga\u0142\u0105zkow\u0105 oraz zielonymi dodatkami zrobi wra\u017cenie na osobie obdarowanej zar\u00f3wno pod wzgl\u0119dem wygl\u0105du jak i cudownego zapachu.<\/p>\n<p>Kwiaty umieszczone s\u0105 w r\u0119cznie wykonanym pude\u0142ku flower box, kt\u00f3ry pokryty jest przyjemnym w dotyku welurowym materia\u0142em. Pude\u0142ko jest w kolorze be\u017cowym.<\/p>\n<p>The composition is completed with a decorative ribbon.<\/p>\n<p>COMMENTS:<\/p>\n<ul>\n<li>Flowers are placed in a floral sponge soaked in water - their freshness is the same as that of flowers in a vase<\/li>\n<li>The final appearance of the bouquet may differ slightly from the composition shown in the photo, and its composition depends on the availability and seasonality of flowers.<\/li>\n<li>Dimensions (without composition): 20 \u00d7 22 cm<\/li>\n<\/ul>","protected":false},"featured_media":21617,"template":"","meta":[],"product_brand":[],"product_cat":[273,207],"product_tag":[],"class_list":{"0":"post-21616","1":"product","2":"type-product","3":"status-publish","4":"has-post-thumbnail","6":"product_cat-dzien-matki","7":"product_cat-premium","8":"sales-flash-overlay","9":"woocommerce-text-align-center","10":"woocommerce-image-align-center","11":"do-quantity-buttons","13":"first","14":"instock","15":"shipping-taxable","16":"purchasable","17":"product-type-simple"},"aioseo_notices":[],"_links":{"self":[{"href":"https:\/\/helloflowers.pl\/en\/wp-json\/wp\/v2\/product\/21616","targetHints":{"allow":["GET"]}}],"collection":[{"href":"https:\/\/helloflowers.pl\/en\/wp-json\/wp\/v2\/product"}],"about":[{"href":"https:\/\/helloflowers.pl\/en\/wp-json\/wp\/v2\/types\/product"}],"wp:featuredmedia":[{"embeddable":true,"href":"https:\/\/helloflowers.pl\/en\/wp-json\/wp\/v2\/media\/21617"}],"wp:attachment":[{"href":"https:\/\/helloflowers.pl\/en\/wp-json\/wp\/v2\/media?parent=21616"}],"wp:term":[{"taxonomy":"product_brand","embeddable":true,"href":"https:\/\/helloflowers.pl\/en\/wp-json\/wp\/v2\/product_brand?post=21616"},{"taxonomy":"product_cat","embeddable":true,"href":"https:\/\/helloflowers.pl\/en\/wp-json\/wp\/v2\/product_cat?post=21616"},{"taxonomy":"product_tag","embeddable":true,"href":"https:\/\/helloflowers.pl\/en\/wp-json\/wp\/v2\/product_tag?post=21616"}],"curies":[{"name":"wp","href":"https:\/\/api.w.org\/{rel}","templated":true}]}}