{"id":21709,"date":"2020-07-29T13:57:21","date_gmt":"2020-07-29T12:57:21","guid":{"rendered":"https:\/\/helloflowers.pl\/?post_type=product&#038;p=21709"},"modified":"2026-05-04T08:24:50","modified_gmt":"2026-05-04T07:24:50","slug":"czerwone-roze-mini-moet-raffaello-w-boxie-serce-kwiaty-w-pudelkach-flower-box","status":"publish","type":"product","link":"https:\/\/helloflowers.pl\/en\/sklep\/czerwone-roze-mini-moet-raffaello-w-boxie-serce-kwiaty-w-pudelkach-flower-box\/","title":{"rendered":"Red roses + mini Mo\u00ebt + Raffaello in heart box - flowers in a box"},"content":{"rendered":"","protected":false},"excerpt":{"rendered":"<p>Limitowana kompozycja prezentowa &#8211; idealna na Walentynki b\u0105d\u017a upominek urodzinowy\/imieninowy.<\/p>\n<p>Zestaw zawiera czerwone r\u00f3\u017ce, 200 ml szampana Mo\u00ebt&amp;Chandon oraz Raffaello (klasyczne)<\/p>\n<p>A combination of beauty, sweetness and dryness placed in a heart-shaped flower box.<\/p>\n<p>COMMENTS:<\/p>\n<ul>\n<li>Flowers are placed in a floral sponge soaked in water - their freshness is the same as that of flowers in a vase<\/li>\n<li>15-17 roses depending on the size of the rose head on the day of purchase<\/li>\n<li>Raffaello &#8211; bia\u0142e klasyczne<\/li>\n<li>The color of the roses will be similar to roses presented in the picture<\/li>\n<\/ul>","protected":false},"featured_media":21710,"template":"","meta":[],"product_brand":[],"product_cat":[132,207],"product_tag":[],"class_list":{"0":"post-21709","1":"product","2":"type-product","3":"status-publish","4":"has-post-thumbnail","6":"product_cat-edycja-limitowana","7":"product_cat-premium","8":"sales-flash-overlay","9":"woocommerce-text-align-center","10":"woocommerce-image-align-center","11":"do-quantity-buttons","13":"first","14":"instock","15":"shipping-taxable","16":"purchasable","17":"product-type-simple"},"aioseo_notices":[],"_links":{"self":[{"href":"https:\/\/helloflowers.pl\/en\/wp-json\/wp\/v2\/product\/21709","targetHints":{"allow":["GET"]}}],"collection":[{"href":"https:\/\/helloflowers.pl\/en\/wp-json\/wp\/v2\/product"}],"about":[{"href":"https:\/\/helloflowers.pl\/en\/wp-json\/wp\/v2\/types\/product"}],"wp:featuredmedia":[{"embeddable":true,"href":"https:\/\/helloflowers.pl\/en\/wp-json\/wp\/v2\/media\/21710"}],"wp:attachment":[{"href":"https:\/\/helloflowers.pl\/en\/wp-json\/wp\/v2\/media?parent=21709"}],"wp:term":[{"taxonomy":"product_brand","embeddable":true,"href":"https:\/\/helloflowers.pl\/en\/wp-json\/wp\/v2\/product_brand?post=21709"},{"taxonomy":"product_cat","embeddable":true,"href":"https:\/\/helloflowers.pl\/en\/wp-json\/wp\/v2\/product_cat?post=21709"},{"taxonomy":"product_tag","embeddable":true,"href":"https:\/\/helloflowers.pl\/en\/wp-json\/wp\/v2\/product_tag?post=21709"}],"curies":[{"name":"wp","href":"https:\/\/api.w.org\/{rel}","templated":true}]}}