{"id":21762,"date":"2020-09-02T20:06:14","date_gmt":"2020-09-02T19:06:14","guid":{"rendered":"https:\/\/helloflowers.pl\/?post_type=product&#038;p=21762"},"modified":"2021-05-10T17:37:39","modified_gmt":"2021-05-10T16:37:39","slug":"mix-sztucznych-kwiatow-w-duzym-welurowym-rozowym-boxie-sztuczne-kwiaty-w-pudelku-flower-box","status":"publish","type":"product","link":"https:\/\/helloflowers.pl\/en\/sklep\/mix-sztucznych-kwiatow-w-duzym-welurowym-rozowym-boxie-sztuczne-kwiaty-w-pudelku-flower-box\/","title":{"rendered":"Mix sztucznych kwiat\u00f3w w du\u017cym welurowym r\u00f3\u017cowym boxie &#8211; sztuczne kwiaty w pude\u0142ku | flower box"},"content":{"rendered":"","protected":false},"excerpt":{"rendered":"<p>Kompozycja sztucznych kwiat\u00f3w w du\u017cym jasnor\u00f3\u017cowym welurowym pude\u0142ku z kolekcji PREMIUM. Doskona\u0142a, d\u0142ugowieczna dekoracja do ka\u017cdego wn\u0119trza.<\/p>\n<p>Zestaw wykonany r\u0119cznie z u\u017cyciem sztucznych materia\u0142\u00f3w wysokiej jako\u015bci, kt\u00f3re idealnie imituj\u0105 naturalne kwiaty.<\/p>\n<p>COMMENTS:<\/p>\n<ul>\n<li>Wymiary pude\u0142ka (bez kompozycji): \u015brednica \u2013 20 cm, wysoko\u015b\u0107 \u2013 22 cm<\/li>\n<li>Wszystkie elementy u\u017cyte do realizacji kompozycji s\u0105 sztuczne<\/li>\n<li>Zestaw mo\u017ce finalnie delikatnie odbiega\u0107 od prezentowanego na zdj\u0119ciu. Kolorystyka oraz wykonanie b\u0119dzie jak najbardziej zbli\u017cone do przedstawionej kompozycji.<\/li>\n<\/ul>\n<p>Je\u017celi chcesz, aby Tw\u00f3j zestaw by\u0142 w innej kolorystyce daj nam zna\u0107! Wykonamy go wed\u0142ug wszelkich wytycznych.<\/p>","protected":false},"featured_media":21763,"template":"","meta":[],"product_brand":[],"product_cat":[203,207],"product_tag":[],"class_list":{"0":"post-21762","1":"product","2":"type-product","3":"status-publish","4":"has-post-thumbnail","6":"product_cat-sztuczne-kwiaty-dekoracje","7":"product_cat-premium","8":"sales-flash-overlay","9":"woocommerce-text-align-center","10":"woocommerce-image-align-center","11":"do-quantity-buttons","13":"first","14":"outofstock","15":"shipping-taxable","16":"purchasable","17":"product-type-simple"},"aioseo_notices":[],"_links":{"self":[{"href":"https:\/\/helloflowers.pl\/en\/wp-json\/wp\/v2\/product\/21762","targetHints":{"allow":["GET"]}}],"collection":[{"href":"https:\/\/helloflowers.pl\/en\/wp-json\/wp\/v2\/product"}],"about":[{"href":"https:\/\/helloflowers.pl\/en\/wp-json\/wp\/v2\/types\/product"}],"wp:featuredmedia":[{"embeddable":true,"href":"https:\/\/helloflowers.pl\/en\/wp-json\/wp\/v2\/media\/21763"}],"wp:attachment":[{"href":"https:\/\/helloflowers.pl\/en\/wp-json\/wp\/v2\/media?parent=21762"}],"wp:term":[{"taxonomy":"product_brand","embeddable":true,"href":"https:\/\/helloflowers.pl\/en\/wp-json\/wp\/v2\/product_brand?post=21762"},{"taxonomy":"product_cat","embeddable":true,"href":"https:\/\/helloflowers.pl\/en\/wp-json\/wp\/v2\/product_cat?post=21762"},{"taxonomy":"product_tag","embeddable":true,"href":"https:\/\/helloflowers.pl\/en\/wp-json\/wp\/v2\/product_tag?post=21762"}],"curies":[{"name":"wp","href":"https:\/\/api.w.org\/{rel}","templated":true}]}}