{"id":21840,"date":"2020-09-29T13:49:58","date_gmt":"2020-09-29T12:49:58","guid":{"rendered":"https:\/\/helloflowers.pl\/?post_type=product&#038;p=21840"},"modified":"2020-10-26T17:18:54","modified_gmt":"2020-10-26T16:18:54","slug":"teczowa-wieczna-roza-w-mini-czarnym-boxie-kwiaty-w-pudelku-flower-box","status":"publish","type":"product","link":"https:\/\/helloflowers.pl\/en\/sklep\/teczowa-wieczna-roza-w-mini-czarnym-boxie-kwiaty-w-pudelku-flower-box\/","title":{"rendered":"T\u0119czowa wieczna r\u00f3\u017ca w mini czarnym boxie | kwiaty w pude\u0142ku &#8211; flower box"},"content":{"rendered":"","protected":false},"excerpt":{"rendered":"<p>Roses stabilized - colloquially eternal roses are flowers that, thanks to the unique stabilization process, retain their natural appearance and freshness.<\/p>\n<p>The rose is placed in a hand-made mini flower box, which is covered with a pleasant velor material.<\/p>\n<p>The average shelf life of flowers is around 16-18 months.<\/p>\n<p>COMMENTS:<\/p>\n<ul>\n<li>Ilo\u015b\u0107 r\u00f3\u017c: 1 sztuka<\/li>\n<li>Wysoko\u015b\u0107 pude\u0142ka z wieczn\u0105 r\u00f3\u017c\u0105: 13,5 cm<\/li>\n<li>\u015arednica g\u0142\u00f3wki r\u00f3\u017cy &#8211; 6 cm<\/li>\n<\/ul>","protected":false},"featured_media":21842,"template":"","meta":[],"product_brand":[],"product_cat":[208],"product_tag":[],"class_list":{"0":"post-21840","1":"product","2":"type-product","3":"status-publish","4":"has-post-thumbnail","6":"product_cat-wieczne-roze","7":"sales-flash-overlay","8":"woocommerce-text-align-center","9":"woocommerce-image-align-center","10":"do-quantity-buttons","12":"first","13":"outofstock","14":"shipping-taxable","15":"purchasable","16":"product-type-simple"},"aioseo_notices":[],"_links":{"self":[{"href":"https:\/\/helloflowers.pl\/en\/wp-json\/wp\/v2\/product\/21840","targetHints":{"allow":["GET"]}}],"collection":[{"href":"https:\/\/helloflowers.pl\/en\/wp-json\/wp\/v2\/product"}],"about":[{"href":"https:\/\/helloflowers.pl\/en\/wp-json\/wp\/v2\/types\/product"}],"wp:featuredmedia":[{"embeddable":true,"href":"https:\/\/helloflowers.pl\/en\/wp-json\/wp\/v2\/media\/21842"}],"wp:attachment":[{"href":"https:\/\/helloflowers.pl\/en\/wp-json\/wp\/v2\/media?parent=21840"}],"wp:term":[{"taxonomy":"product_brand","embeddable":true,"href":"https:\/\/helloflowers.pl\/en\/wp-json\/wp\/v2\/product_brand?post=21840"},{"taxonomy":"product_cat","embeddable":true,"href":"https:\/\/helloflowers.pl\/en\/wp-json\/wp\/v2\/product_cat?post=21840"},{"taxonomy":"product_tag","embeddable":true,"href":"https:\/\/helloflowers.pl\/en\/wp-json\/wp\/v2\/product_tag?post=21840"}],"curies":[{"name":"wp","href":"https:\/\/api.w.org\/{rel}","templated":true}]}}