{"id":21853,"date":"2020-09-30T17:19:33","date_gmt":"2020-09-30T16:19:33","guid":{"rendered":"https:\/\/helloflowers.pl\/?post_type=product&#038;p=21853"},"modified":"2022-12-07T13:31:22","modified_gmt":"2022-12-07T12:31:22","slug":"jesienna-kompozycja-sztucznych-kwiatow-w-szklanej-kopule-lilac","status":"publish","type":"product","link":"https:\/\/helloflowers.pl\/en\/sklep\/jesienna-kompozycja-sztucznych-kwiatow-w-szklanej-kopule-lilac\/","title":{"rendered":"Jesienna kompozycja sztucznych kwiat\u00f3w w szklanej kopule &#8211; Lilac"},"content":{"rendered":"","protected":false},"excerpt":{"rendered":"<p>Kompozycja sztucznych kwiat\u00f3w wykonana na drewnianym pniu, przykryta szklan\u0105 kopu\u0142\u0105.<\/p>\n<p>Decorated with a decorative ribbon.<\/p>\n<p>Zestaw zawiera sztuczne kwiaty w kolorystyce jesiennej.<\/p>\n<p>COMMENTS:<\/p>\n<ul>\n<li>Wysoko\u015b\u0107 ca\u0142kowita &#8211; oko\u0142o 34 cm<\/li>\n<li>\u015arednica ca\u0142kowita &#8211; oko\u0142o 25 cm<\/li>\n<li>Kolorystyka &#8211; odcienie fioletu, pomara\u0144czu, r\u00f3\u017cu oraz \u017c\u00f3\u0142ci.<\/li>\n<\/ul>\n<p>&nbsp;<\/p>","protected":false},"featured_media":21851,"template":"","meta":[],"product_brand":[],"product_cat":[207,132,203],"product_tag":[],"class_list":{"0":"post-21853","1":"product","2":"type-product","3":"status-publish","4":"has-post-thumbnail","6":"product_cat-premium","7":"product_cat-edycja-limitowana","8":"product_cat-sztuczne-kwiaty-dekoracje","9":"sales-flash-overlay","10":"woocommerce-text-align-center","11":"woocommerce-image-align-center","12":"do-quantity-buttons","14":"first","15":"outofstock","16":"shipping-taxable","17":"purchasable","18":"product-type-simple"},"aioseo_notices":[],"_links":{"self":[{"href":"https:\/\/helloflowers.pl\/en\/wp-json\/wp\/v2\/product\/21853","targetHints":{"allow":["GET"]}}],"collection":[{"href":"https:\/\/helloflowers.pl\/en\/wp-json\/wp\/v2\/product"}],"about":[{"href":"https:\/\/helloflowers.pl\/en\/wp-json\/wp\/v2\/types\/product"}],"wp:featuredmedia":[{"embeddable":true,"href":"https:\/\/helloflowers.pl\/en\/wp-json\/wp\/v2\/media\/21851"}],"wp:attachment":[{"href":"https:\/\/helloflowers.pl\/en\/wp-json\/wp\/v2\/media?parent=21853"}],"wp:term":[{"taxonomy":"product_brand","embeddable":true,"href":"https:\/\/helloflowers.pl\/en\/wp-json\/wp\/v2\/product_brand?post=21853"},{"taxonomy":"product_cat","embeddable":true,"href":"https:\/\/helloflowers.pl\/en\/wp-json\/wp\/v2\/product_cat?post=21853"},{"taxonomy":"product_tag","embeddable":true,"href":"https:\/\/helloflowers.pl\/en\/wp-json\/wp\/v2\/product_tag?post=21853"}],"curies":[{"name":"wp","href":"https:\/\/api.w.org\/{rel}","templated":true}]}}