{"id":21946,"date":"2020-11-07T11:39:02","date_gmt":"2020-11-07T10:39:02","guid":{"rendered":"https:\/\/helloflowers.pl\/?post_type=product&#038;p=21946"},"modified":"2021-02-03T14:16:21","modified_gmt":"2021-02-03T13:16:21","slug":"swiateczna-kompozycja-w-malym-szarym-boxie-zestaw-w-pudelku-flower-box","status":"publish","type":"product","link":"https:\/\/helloflowers.pl\/en\/sklep\/swiateczna-kompozycja-w-malym-szarym-boxie-zestaw-w-pudelku-flower-box\/","title":{"rendered":"\u015awi\u0105teczna kompozycja w ma\u0142ym szarym boxie &#8211; zestaw w pude\u0142ku flower box"},"content":{"rendered":"","protected":false},"excerpt":{"rendered":"<p>R\u0119cznie zdobiona \u015bwi\u0105teczna kompozycja wykonana w ma\u0142ym szarym pude\u0142ku typu flower box.<\/p>\n<p>Klimatyczny zestaw ozdobiony dodatkowo z\u0142ot\u0105 wst\u0105\u017ck\u0105 dekoracyjn\u0105.<\/p>\n<p>COMMENTS:<\/p>\n<ul>\n<li>Wysoko\u015b\u0107 ca\u0142kowita &#8211; oko\u0142o 20 cm<\/li>\n<li>\u015arednica &#8211; oko\u0142o 20 cm<\/li>\n<li>Zawarto\u015b\u0107 zestawu &#8211; Auto dekoracyjne z choink\u0105, 2 choinki dekoracyjne oraz r\u0119cznie wykonana z suszu dekoracyjnego podstawa w kolorystyce naturalnej z dodatkami czerwieni i z\u0142ota.<\/li>\n<li>Kompozycja wykonywana od podstaw &#8211; jej ostateczny wygl\u0105d b\u0119dzie jak najbardziej zbli\u017cony do przedstawionego na zdj\u0119ciu.<\/li>\n<\/ul>\n<p>*Dziadek do orzech\u00f3w oraz lizaki nie wchodz\u0105 w sk\u0142ad zestawu<\/p>\n<p>&nbsp;<\/p>","protected":false},"featured_media":21940,"template":"","meta":[],"product_brand":[],"product_cat":[222,130,203],"product_tag":[],"class_list":{"0":"post-21946","1":"product","2":"type-product","3":"status-publish","4":"has-post-thumbnail","6":"product_cat-dekoracje-swiateczne","7":"product_cat-male-boxy","8":"product_cat-sztuczne-kwiaty-dekoracje","9":"sales-flash-overlay","10":"woocommerce-text-align-center","11":"woocommerce-image-align-center","12":"do-quantity-buttons","14":"first","15":"outofstock","16":"sale","17":"shipping-taxable","18":"purchasable","19":"product-type-simple"},"aioseo_notices":[],"_links":{"self":[{"href":"https:\/\/helloflowers.pl\/en\/wp-json\/wp\/v2\/product\/21946","targetHints":{"allow":["GET"]}}],"collection":[{"href":"https:\/\/helloflowers.pl\/en\/wp-json\/wp\/v2\/product"}],"about":[{"href":"https:\/\/helloflowers.pl\/en\/wp-json\/wp\/v2\/types\/product"}],"wp:featuredmedia":[{"embeddable":true,"href":"https:\/\/helloflowers.pl\/en\/wp-json\/wp\/v2\/media\/21940"}],"wp:attachment":[{"href":"https:\/\/helloflowers.pl\/en\/wp-json\/wp\/v2\/media?parent=21946"}],"wp:term":[{"taxonomy":"product_brand","embeddable":true,"href":"https:\/\/helloflowers.pl\/en\/wp-json\/wp\/v2\/product_brand?post=21946"},{"taxonomy":"product_cat","embeddable":true,"href":"https:\/\/helloflowers.pl\/en\/wp-json\/wp\/v2\/product_cat?post=21946"},{"taxonomy":"product_tag","embeddable":true,"href":"https:\/\/helloflowers.pl\/en\/wp-json\/wp\/v2\/product_tag?post=21946"}],"curies":[{"name":"wp","href":"https:\/\/api.w.org\/{rel}","templated":true}]}}