{"id":22065,"date":"2020-12-27T21:44:29","date_gmt":"2020-12-27T20:44:29","guid":{"rendered":"https:\/\/helloflowers.pl\/?post_type=product&#038;p=22065"},"modified":"2023-10-17T20:34:30","modified_gmt":"2023-10-17T19:34:30","slug":"czerwone-wieczne-roze-w-duzym-czarnym-welurowym-boxie-kwiaty-w-pudelku-flower-box","status":"publish","type":"product","link":"https:\/\/helloflowers.pl\/en\/sklep\/czerwone-wieczne-roze-w-duzym-czarnym-welurowym-boxie-kwiaty-w-pudelku-flower-box\/","title":{"rendered":"Red eternal roses in a big black velvet box - flowers in a box | flower box"},"content":{"rendered":"","protected":false},"excerpt":{"rendered":"<p>Roses stabilized - colloquially eternal roses are flowers that, thanks to the unique stabilization process, retain their natural appearance and freshness.<\/p>\n<p>R\u00f3\u017ce umieszczone s\u0105 w r\u0119cznie wykonanym du\u017cym pude\u0142ku flower box, kt\u00f3ry pokryty jest przyjemnym w dotyku welurowym materia\u0142em.<\/p>\n<p>The average shelf life of flowers is around 16-18 months.<\/p>\n<p>COMMENTS:<\/p>\n<ul>\n<li>Ilo\u015b\u0107 r\u00f3\u017c: 20-21 sztuk<\/li>\n<li>Wymiary pude\u0142ka bez kompozycji: 20&#215;22 cm<\/li>\n<li>\u015arednica g\u0142\u00f3wki r\u00f3\u017cy &#8211; 6 cm<\/li>\n<\/ul>","protected":false},"featured_media":22066,"template":"","meta":[],"product_brand":[],"product_cat":[208],"product_tag":[],"class_list":{"0":"post-22065","1":"product","2":"type-product","3":"status-publish","4":"has-post-thumbnail","6":"product_cat-wieczne-roze","7":"sales-flash-overlay","8":"woocommerce-text-align-center","9":"woocommerce-image-align-center","10":"do-quantity-buttons","12":"first","13":"outofstock","14":"sale","15":"shipping-taxable","16":"purchasable","17":"product-type-simple"},"aioseo_notices":[],"_links":{"self":[{"href":"https:\/\/helloflowers.pl\/en\/wp-json\/wp\/v2\/product\/22065","targetHints":{"allow":["GET"]}}],"collection":[{"href":"https:\/\/helloflowers.pl\/en\/wp-json\/wp\/v2\/product"}],"about":[{"href":"https:\/\/helloflowers.pl\/en\/wp-json\/wp\/v2\/types\/product"}],"wp:featuredmedia":[{"embeddable":true,"href":"https:\/\/helloflowers.pl\/en\/wp-json\/wp\/v2\/media\/22066"}],"wp:attachment":[{"href":"https:\/\/helloflowers.pl\/en\/wp-json\/wp\/v2\/media?parent=22065"}],"wp:term":[{"taxonomy":"product_brand","embeddable":true,"href":"https:\/\/helloflowers.pl\/en\/wp-json\/wp\/v2\/product_brand?post=22065"},{"taxonomy":"product_cat","embeddable":true,"href":"https:\/\/helloflowers.pl\/en\/wp-json\/wp\/v2\/product_cat?post=22065"},{"taxonomy":"product_tag","embeddable":true,"href":"https:\/\/helloflowers.pl\/en\/wp-json\/wp\/v2\/product_tag?post=22065"}],"curies":[{"name":"wp","href":"https:\/\/api.w.org\/{rel}","templated":true}]}}