{"id":22195,"date":"2021-02-02T19:24:53","date_gmt":"2021-02-02T18:24:53","guid":{"rendered":"https:\/\/helloflowers.pl\/?post_type=product&#038;p=22195"},"modified":"2023-02-08T13:54:15","modified_gmt":"2023-02-08T12:54:15","slug":"trawa-pampasowa-suszona-pampas-puszysta-140-cm-5-lodyg","status":"publish","type":"product","link":"https:\/\/helloflowers.pl\/en\/sklep\/trawa-pampasowa-suszona-pampas-puszysta-140-cm-5-lodyg\/","title":{"rendered":"Trawa pampasowa suszona pampas puszysta 140 cm"},"content":{"rendered":"","protected":false},"excerpt":{"rendered":"<p style=\"text-align: left;\">Suszona trawa pampasowa sprowadzona prosto z W\u0142och o bardzo puszystym pi\u00f3ropuszu.<\/p>\n<p style=\"text-align: left;\">Idealna do wystroju ka\u017cdego wn\u0119trza dzi\u0119ki swojemu uniwersalnemu wygl\u0105dowi.<\/p>\n<p>Trawa w naturalnym, jasnym odcieniu.<\/p>\n<p>COMMENTS:<\/p>\n<ul>\n<li>Ilo\u015b\u0107 \u0142odyg \u2013 1 sztuka<\/li>\n<li>Wysoko\u015b\u0107 ca\u0142kowita &#8211; 140 cm<\/li>\n<\/ul>\n<p>Trawa pampasowa to obecny hit Pinterest&#8217;a i Instagram&#8217;a!<\/p>\n<p>Dostawa na terenie ca\u0142ej Polski.<\/p>\n<p>&nbsp;<\/p>","protected":false},"featured_media":22381,"template":"","meta":[],"product_brand":[],"product_cat":[203],"product_tag":[],"class_list":{"0":"post-22195","1":"product","2":"type-product","3":"status-publish","4":"has-post-thumbnail","6":"product_cat-sztuczne-kwiaty-dekoracje","7":"sales-flash-overlay","8":"woocommerce-text-align-center","9":"woocommerce-image-align-center","10":"do-quantity-buttons","12":"first","13":"instock","14":"shipping-taxable","15":"purchasable","16":"product-type-simple"},"aioseo_notices":[],"_links":{"self":[{"href":"https:\/\/helloflowers.pl\/en\/wp-json\/wp\/v2\/product\/22195","targetHints":{"allow":["GET"]}}],"collection":[{"href":"https:\/\/helloflowers.pl\/en\/wp-json\/wp\/v2\/product"}],"about":[{"href":"https:\/\/helloflowers.pl\/en\/wp-json\/wp\/v2\/types\/product"}],"wp:featuredmedia":[{"embeddable":true,"href":"https:\/\/helloflowers.pl\/en\/wp-json\/wp\/v2\/media\/22381"}],"wp:attachment":[{"href":"https:\/\/helloflowers.pl\/en\/wp-json\/wp\/v2\/media?parent=22195"}],"wp:term":[{"taxonomy":"product_brand","embeddable":true,"href":"https:\/\/helloflowers.pl\/en\/wp-json\/wp\/v2\/product_brand?post=22195"},{"taxonomy":"product_cat","embeddable":true,"href":"https:\/\/helloflowers.pl\/en\/wp-json\/wp\/v2\/product_cat?post=22195"},{"taxonomy":"product_tag","embeddable":true,"href":"https:\/\/helloflowers.pl\/en\/wp-json\/wp\/v2\/product_tag?post=22195"}],"curies":[{"name":"wp","href":"https:\/\/api.w.org\/{rel}","templated":true}]}}