{"id":22197,"date":"2021-02-02T19:36:36","date_gmt":"2021-02-02T18:36:36","guid":{"rendered":"https:\/\/helloflowers.pl\/?post_type=product&#038;p=22197"},"modified":"2024-12-03T15:15:47","modified_gmt":"2024-12-03T14:15:47","slug":"bukiet-suszonych-kwiatow-bukiet-suszkow","status":"publish","type":"product","link":"https:\/\/helloflowers.pl\/en\/sklep\/bukiet-suszonych-kwiatow-bukiet-suszkow\/","title":{"rendered":"Bukiet suszonych kwiat\u00f3w | bukiet suszk\u00f3w"},"content":{"rendered":"","protected":false},"excerpt":{"rendered":"<p style=\"text-align: left;\">Bukiet suszonych kwiat\u00f3w, kt\u00f3ry zachwyca swoim uniwersalnym wygl\u0105dem oraz trwa\u0142o\u015bci\u0105.<\/p>\n<p style=\"text-align: left;\">Kompozycja z suszk\u00f3w dzi\u0119ki kt\u00f3rej w \u0142atwy spos\u00f3b udekorujesz swoje wn\u0119trze.<\/p>\n<p style=\"text-align: left;\">Do wykonania bukietu u\u017cyli\u015bmy suszonych kwiat\u00f3w:<\/p>\n<ul>\n<li>craspedii<\/li>\n<li>trawy pampasowej<\/li>\n<li>lagurusa<\/li>\n<li>pszenicy<\/li>\n<li>star flower<\/li>\n<\/ul>\n<p>COMMENTS:<\/p>\n<ul>\n<li>Wysoko\u015b\u0107 ca\u0142kowita: oko\u0142o 40-45 cm,<\/li>\n<li>Wygl\u0105d ostateczny oraz kolorystyka b\u0119dzie jak najbardziej zbli\u017cona do prezentowanej na zdj\u0119ciu.<\/li>\n<\/ul>\n<p>Dostawa na terenie ca\u0142ej Polski.<\/p>\n<p>&nbsp;<\/p>","protected":false},"featured_media":22374,"template":"","meta":[],"product_brand":[],"product_cat":[203],"product_tag":[],"class_list":{"0":"post-22197","1":"product","2":"type-product","3":"status-publish","4":"has-post-thumbnail","6":"product_cat-sztuczne-kwiaty-dekoracje","7":"sales-flash-overlay","8":"woocommerce-text-align-center","9":"woocommerce-image-align-center","10":"do-quantity-buttons","12":"first","13":"outofstock","14":"shipping-taxable","15":"purchasable","16":"product-type-simple"},"aioseo_notices":[],"_links":{"self":[{"href":"https:\/\/helloflowers.pl\/en\/wp-json\/wp\/v2\/product\/22197","targetHints":{"allow":["GET"]}}],"collection":[{"href":"https:\/\/helloflowers.pl\/en\/wp-json\/wp\/v2\/product"}],"about":[{"href":"https:\/\/helloflowers.pl\/en\/wp-json\/wp\/v2\/types\/product"}],"wp:featuredmedia":[{"embeddable":true,"href":"https:\/\/helloflowers.pl\/en\/wp-json\/wp\/v2\/media\/22374"}],"wp:attachment":[{"href":"https:\/\/helloflowers.pl\/en\/wp-json\/wp\/v2\/media?parent=22197"}],"wp:term":[{"taxonomy":"product_brand","embeddable":true,"href":"https:\/\/helloflowers.pl\/en\/wp-json\/wp\/v2\/product_brand?post=22197"},{"taxonomy":"product_cat","embeddable":true,"href":"https:\/\/helloflowers.pl\/en\/wp-json\/wp\/v2\/product_cat?post=22197"},{"taxonomy":"product_tag","embeddable":true,"href":"https:\/\/helloflowers.pl\/en\/wp-json\/wp\/v2\/product_tag?post=22197"}],"curies":[{"name":"wp","href":"https:\/\/api.w.org\/{rel}","templated":true}]}}