{"id":22223,"date":"2021-02-09T06:43:23","date_gmt":"2021-02-09T05:43:23","guid":{"rendered":"https:\/\/helloflowers.pl\/?post_type=product&#038;p=22223"},"modified":"2026-05-05T23:00:17","modified_gmt":"2026-05-05T22:00:17","slug":"bukiet-z-30-czerwonych-roz-bukiet-kwiatowy","status":"publish","type":"product","link":"https:\/\/helloflowers.pl\/en\/sklep\/bukiet-z-30-czerwonych-roz-bukiet-kwiatowy\/","title":{"rendered":"Bukiet z 30 czerwonych r\u00f3\u017c | bukiet kwiatowy"},"content":{"rendered":"","protected":false},"excerpt":{"rendered":"<p>Kompozycja kwiatowa sk\u0142adaj\u0105ca si\u0119 z 30 r\u00f3\u017c w kolorze czerwonym wykonana w kszta\u0142cie p\u00f3\u0142kuli.\u00a0Ca\u0142o\u015b\u0107 uzupe\u0142nia papier ozdobny.<\/p>\n<p>COMMENTS:<\/p>\n<ul>\n<li>Ilo\u015b\u0107 r\u00f3\u017c \u2013 30 sztuk<\/li>\n<li>D\u0142ugo\u015b\u0107 r\u00f3\u017c &#8211; oko\u0142o 60-70 cm<\/li>\n<li>The color of the roses will be similar to roses presented in the picture<\/li>\n<\/ul>","protected":false},"featured_media":22069,"template":"","meta":[],"product_brand":[],"product_cat":[220],"product_tag":[],"class_list":{"0":"post-22223","1":"product","2":"type-product","3":"status-publish","4":"has-post-thumbnail","6":"product_cat-bukiety","7":"sales-flash-overlay","8":"woocommerce-text-align-center","9":"woocommerce-image-align-center","10":"do-quantity-buttons","12":"first","13":"instock","14":"shipping-taxable","15":"purchasable","16":"product-type-simple"},"aioseo_notices":[],"_links":{"self":[{"href":"https:\/\/helloflowers.pl\/en\/wp-json\/wp\/v2\/product\/22223","targetHints":{"allow":["GET"]}}],"collection":[{"href":"https:\/\/helloflowers.pl\/en\/wp-json\/wp\/v2\/product"}],"about":[{"href":"https:\/\/helloflowers.pl\/en\/wp-json\/wp\/v2\/types\/product"}],"wp:featuredmedia":[{"embeddable":true,"href":"https:\/\/helloflowers.pl\/en\/wp-json\/wp\/v2\/media\/22069"}],"wp:attachment":[{"href":"https:\/\/helloflowers.pl\/en\/wp-json\/wp\/v2\/media?parent=22223"}],"wp:term":[{"taxonomy":"product_brand","embeddable":true,"href":"https:\/\/helloflowers.pl\/en\/wp-json\/wp\/v2\/product_brand?post=22223"},{"taxonomy":"product_cat","embeddable":true,"href":"https:\/\/helloflowers.pl\/en\/wp-json\/wp\/v2\/product_cat?post=22223"},{"taxonomy":"product_tag","embeddable":true,"href":"https:\/\/helloflowers.pl\/en\/wp-json\/wp\/v2\/product_tag?post=22223"}],"curies":[{"name":"wp","href":"https:\/\/api.w.org\/{rel}","templated":true}]}}