{"id":22385,"date":"2021-03-16T17:07:03","date_gmt":"2021-03-16T16:07:03","guid":{"rendered":"https:\/\/helloflowers.pl\/?post_type=product&#038;p=22385"},"modified":"2024-05-12T17:11:10","modified_gmt":"2024-05-12T16:11:10","slug":"bukiet-suszonych-kwiatow-bukiet-suszkow-suche-kwiaty-2","status":"publish","type":"product","link":"https:\/\/helloflowers.pl\/en\/sklep\/bukiet-suszonych-kwiatow-bukiet-suszkow-suche-kwiaty-2\/","title":{"rendered":"Bukiet suszonych kwiat\u00f3w | bukiet suszk\u00f3w | suche kwiaty"},"content":{"rendered":"","protected":false},"excerpt":{"rendered":"<p style=\"text-align: left;\">Bukiet suszonych kwiat\u00f3w, kt\u00f3ry zachwyca swoim uniwersalnym wygl\u0105dem oraz trwa\u0142o\u015bci\u0105.<\/p>\n<p style=\"text-align: left;\">Kompozycja z suszk\u00f3w dzi\u0119ki kt\u00f3rej w \u0142atwy spos\u00f3b udekorujesz swoje wn\u0119trze.<\/p>\n<p style=\"text-align: left;\">Do wykonania bukietu u\u017cyli\u015bmy suszonych kwiat\u00f3w:<\/p>\n<ul>\n<li>amarelino<\/li>\n<li>craspedii<\/li>\n<li>glixi<\/li>\n<li>lnu<\/li>\n<li>lunarii<\/li>\n<li>palmy<\/li>\n<li>trawy pampasowej<\/li>\n<\/ul>\n<p>COMMENTS:<\/p>\n<ul>\n<li>Wysoko\u015b\u0107 ca\u0142kowita: oko\u0142o 45-50 cm,<\/li>\n<li>Wygl\u0105d ostateczny oraz kolorystyka b\u0119dzie jak najbardziej zbli\u017cona do prezentowanej na zdj\u0119ciu.<\/li>\n<\/ul>\n<p>Dostawa na terenie ca\u0142ej Polski.<\/p>\n<p>&nbsp;<\/p>","protected":false},"featured_media":22373,"template":"","meta":[],"product_brand":[],"product_cat":[203],"product_tag":[],"class_list":{"0":"post-22385","1":"product","2":"type-product","3":"status-publish","4":"has-post-thumbnail","6":"product_cat-sztuczne-kwiaty-dekoracje","7":"sales-flash-overlay","8":"woocommerce-text-align-center","9":"woocommerce-image-align-center","10":"do-quantity-buttons","12":"first","13":"outofstock","14":"shipping-taxable","15":"purchasable","16":"product-type-simple"},"aioseo_notices":[],"_links":{"self":[{"href":"https:\/\/helloflowers.pl\/en\/wp-json\/wp\/v2\/product\/22385","targetHints":{"allow":["GET"]}}],"collection":[{"href":"https:\/\/helloflowers.pl\/en\/wp-json\/wp\/v2\/product"}],"about":[{"href":"https:\/\/helloflowers.pl\/en\/wp-json\/wp\/v2\/types\/product"}],"wp:featuredmedia":[{"embeddable":true,"href":"https:\/\/helloflowers.pl\/en\/wp-json\/wp\/v2\/media\/22373"}],"wp:attachment":[{"href":"https:\/\/helloflowers.pl\/en\/wp-json\/wp\/v2\/media?parent=22385"}],"wp:term":[{"taxonomy":"product_brand","embeddable":true,"href":"https:\/\/helloflowers.pl\/en\/wp-json\/wp\/v2\/product_brand?post=22385"},{"taxonomy":"product_cat","embeddable":true,"href":"https:\/\/helloflowers.pl\/en\/wp-json\/wp\/v2\/product_cat?post=22385"},{"taxonomy":"product_tag","embeddable":true,"href":"https:\/\/helloflowers.pl\/en\/wp-json\/wp\/v2\/product_tag?post=22385"}],"curies":[{"name":"wp","href":"https:\/\/api.w.org\/{rel}","templated":true}]}}