{"id":22387,"date":"2021-03-16T17:19:56","date_gmt":"2021-03-16T16:19:56","guid":{"rendered":"https:\/\/helloflowers.pl\/?post_type=product&#038;p=22387"},"modified":"2021-04-14T13:43:20","modified_gmt":"2021-04-14T12:43:20","slug":"suszone-kwiaty-w-szkle-kwiaty-w-szklanej-kopule-wieczna-roza-nude","status":"publish","type":"product","link":"https:\/\/helloflowers.pl\/en\/sklep\/suszone-kwiaty-w-szkle-kwiaty-w-szklanej-kopule-wieczna-roza-nude\/","title":{"rendered":"Suszone kwiaty w szkle | kwiaty w szklanej kopule | wieczna r\u00f3\u017ca Nude"},"content":{"rendered":"","protected":false},"excerpt":{"rendered":"<p style=\"text-align: left;\">Kompozycja suszonych kwiat\u00f3w w po\u0142\u0105czeniu z wieczn\u0105 r\u00f3\u017c\u0105 zamkni\u0119ta w szklanej kopule.<\/p>\n<p style=\"text-align: left;\">Wyj\u0105tkowy i oryginalny zestaw, dzi\u0119ki kt\u00f3remu udekorujesz wn\u0119trze na d\u0142ugi czas. Zestaw nie potrzebuje \u017cadnej piel\u0119gnacji.<\/p>\n<p style=\"text-align: left;\">Do wykonania kompozycji u\u017cyli\u015bmy suszonych kwiat\u00f3w oraz wiecznej r\u00f3\u017cy w kolorze nude.<\/p>\n<p>COMMENTS:<\/p>\n<ul>\n<li>Wysoko\u015b\u0107 ca\u0142kowita: oko\u0142o 20 cm,<\/li>\n<li>Wygl\u0105d ostateczny oraz kolorystyka b\u0119dzie jak najbardziej zbli\u017cona do prezentowanej na zdj\u0119ciu.<\/li>\n<\/ul>\n<p>Dostawa na terenie ca\u0142ej Polski.<\/p>\n<p>&nbsp;<\/p>","protected":false},"featured_media":22378,"template":"","meta":[],"product_brand":[],"product_cat":[203,132],"product_tag":[],"class_list":{"0":"post-22387","1":"product","2":"type-product","3":"status-publish","4":"has-post-thumbnail","6":"product_cat-sztuczne-kwiaty-dekoracje","7":"product_cat-edycja-limitowana","8":"sales-flash-overlay","9":"woocommerce-text-align-center","10":"woocommerce-image-align-center","11":"do-quantity-buttons","13":"first","14":"outofstock","15":"shipping-taxable","16":"purchasable","17":"product-type-simple"},"aioseo_notices":[],"_links":{"self":[{"href":"https:\/\/helloflowers.pl\/en\/wp-json\/wp\/v2\/product\/22387","targetHints":{"allow":["GET"]}}],"collection":[{"href":"https:\/\/helloflowers.pl\/en\/wp-json\/wp\/v2\/product"}],"about":[{"href":"https:\/\/helloflowers.pl\/en\/wp-json\/wp\/v2\/types\/product"}],"wp:featuredmedia":[{"embeddable":true,"href":"https:\/\/helloflowers.pl\/en\/wp-json\/wp\/v2\/media\/22378"}],"wp:attachment":[{"href":"https:\/\/helloflowers.pl\/en\/wp-json\/wp\/v2\/media?parent=22387"}],"wp:term":[{"taxonomy":"product_brand","embeddable":true,"href":"https:\/\/helloflowers.pl\/en\/wp-json\/wp\/v2\/product_brand?post=22387"},{"taxonomy":"product_cat","embeddable":true,"href":"https:\/\/helloflowers.pl\/en\/wp-json\/wp\/v2\/product_cat?post=22387"},{"taxonomy":"product_tag","embeddable":true,"href":"https:\/\/helloflowers.pl\/en\/wp-json\/wp\/v2\/product_tag?post=22387"}],"curies":[{"name":"wp","href":"https:\/\/api.w.org\/{rel}","templated":true}]}}