{"id":22403,"date":"2021-03-21T10:24:18","date_gmt":"2021-03-21T09:24:18","guid":{"rendered":"https:\/\/helloflowers.pl\/?post_type=product&#038;p=22403"},"modified":"2022-04-07T15:39:32","modified_gmt":"2022-04-07T14:39:32","slug":"wielkanocna-kompozycja-w-szklanej-kopule-krolik-okularnik","status":"publish","type":"product","link":"https:\/\/helloflowers.pl\/en\/sklep\/wielkanocna-kompozycja-w-szklanej-kopule-krolik-okularnik\/","title":{"rendered":"Wielkanocna kompozycja w szklanym kloszu | Kwiaty w szkle | Kr\u00f3lik okularnik"},"content":{"rendered":"","protected":false},"excerpt":{"rendered":"<p>R\u0119cznie zdobiona \u015bwi\u0105teczna kompozycja wykonana na plastrze drewna, zamkni\u0119ta w szklanej kopule.\u00a0Klimatyczny wielkanocny zestaw z kr\u00f3likiem okularnikiem. Kompozycja ozdobiona wst\u0105\u017ck\u0105 dekoracyjn\u0105.<\/p>\n<p>COMMENTS:<\/p>\n<ul>\n<li>Wysoko\u015b\u0107 ca\u0142kowita &#8211; oko\u0142o 34 cm<\/li>\n<li>\u015arednica &#8211; oko\u0142o 22 cm<\/li>\n<li>Zawarto\u015b\u0107 zestawu &#8211; Kr\u00f3lik okularnik, jajka dekoracyjne, naturalny mech chrobotek, sztuczne dodatki w postaci kwiat\u00f3w oraz zieleniny<\/li>\n<li>Kompozycja wykonywana jest od podstaw &#8211; jej ostateczny wygl\u0105d b\u0119dzie jak najbardziej zbli\u017cony do przedstawionego na zdj\u0119ciu<\/li>\n<\/ul>\n<p>&nbsp;<\/p>","protected":false},"featured_media":22405,"template":"","meta":[],"product_brand":[],"product_cat":[222,203],"product_tag":[],"class_list":{"0":"post-22403","1":"product","2":"type-product","3":"status-publish","4":"has-post-thumbnail","6":"product_cat-dekoracje-swiateczne","7":"product_cat-sztuczne-kwiaty-dekoracje","8":"sales-flash-overlay","9":"woocommerce-text-align-center","10":"woocommerce-image-align-center","11":"do-quantity-buttons","13":"first","14":"outofstock","15":"sale","16":"shipping-taxable","17":"purchasable","18":"product-type-simple"},"aioseo_notices":[],"_links":{"self":[{"href":"https:\/\/helloflowers.pl\/en\/wp-json\/wp\/v2\/product\/22403","targetHints":{"allow":["GET"]}}],"collection":[{"href":"https:\/\/helloflowers.pl\/en\/wp-json\/wp\/v2\/product"}],"about":[{"href":"https:\/\/helloflowers.pl\/en\/wp-json\/wp\/v2\/types\/product"}],"wp:featuredmedia":[{"embeddable":true,"href":"https:\/\/helloflowers.pl\/en\/wp-json\/wp\/v2\/media\/22405"}],"wp:attachment":[{"href":"https:\/\/helloflowers.pl\/en\/wp-json\/wp\/v2\/media?parent=22403"}],"wp:term":[{"taxonomy":"product_brand","embeddable":true,"href":"https:\/\/helloflowers.pl\/en\/wp-json\/wp\/v2\/product_brand?post=22403"},{"taxonomy":"product_cat","embeddable":true,"href":"https:\/\/helloflowers.pl\/en\/wp-json\/wp\/v2\/product_cat?post=22403"},{"taxonomy":"product_tag","embeddable":true,"href":"https:\/\/helloflowers.pl\/en\/wp-json\/wp\/v2\/product_tag?post=22403"}],"curies":[{"name":"wp","href":"https:\/\/api.w.org\/{rel}","templated":true}]}}