{"id":22481,"date":"2021-04-17T16:39:34","date_gmt":"2021-04-17T15:39:34","guid":{"rendered":"https:\/\/helloflowers.pl\/?post_type=product&#038;p=22481"},"modified":"2021-05-08T20:53:47","modified_gmt":"2021-05-08T19:53:47","slug":"kompozycja-suszonych-i-swiezych-kwiatow-w-wazonie","status":"publish","type":"product","link":"https:\/\/helloflowers.pl\/en\/sklep\/kompozycja-suszonych-i-swiezych-kwiatow-w-wazonie\/","title":{"rendered":"Kompozycja suszonych i \u015bwie\u017cych kwiat\u00f3w w wazonie"},"content":{"rendered":"","protected":false},"excerpt":{"rendered":"<p style=\"text-align: left;\">Kompozycja w wazonie wykonana przy u\u017cyciu suszonych oraz sztucznych kwiat\u00f3w.\u00a0Zestaw, dzi\u0119ki kt\u00f3remu w \u0142atwy i oryginalny spos\u00f3b udekorujesz swoje wn\u0119trze.<\/p>\n<p>COMMENTS:<\/p>\n<ul>\n<li>Wysoko\u015b\u0107 ca\u0142kowita: oko\u0142o 20 cm<\/li>\n<li>Kwiaty u\u017cyte do wykonania kompozycji &#8211; suszone oraz sztuczne w kolorystyce bia\u0142ej, kremowej oraz naturalnej.<\/li>\n<li>Wazon w kolorze delikatnego r\u00f3\u017cu z chropowat\u0105 powierzchni\u0105<\/li>\n<\/ul>","protected":false},"featured_media":22482,"template":"","meta":[],"product_brand":[],"product_cat":[203,132],"product_tag":[],"class_list":{"0":"post-22481","1":"product","2":"type-product","3":"status-publish","4":"has-post-thumbnail","6":"product_cat-sztuczne-kwiaty-dekoracje","7":"product_cat-edycja-limitowana","8":"sales-flash-overlay","9":"woocommerce-text-align-center","10":"woocommerce-image-align-center","11":"do-quantity-buttons","13":"first","14":"outofstock","15":"shipping-taxable","16":"purchasable","17":"product-type-simple"},"aioseo_notices":[],"_links":{"self":[{"href":"https:\/\/helloflowers.pl\/en\/wp-json\/wp\/v2\/product\/22481","targetHints":{"allow":["GET"]}}],"collection":[{"href":"https:\/\/helloflowers.pl\/en\/wp-json\/wp\/v2\/product"}],"about":[{"href":"https:\/\/helloflowers.pl\/en\/wp-json\/wp\/v2\/types\/product"}],"wp:featuredmedia":[{"embeddable":true,"href":"https:\/\/helloflowers.pl\/en\/wp-json\/wp\/v2\/media\/22482"}],"wp:attachment":[{"href":"https:\/\/helloflowers.pl\/en\/wp-json\/wp\/v2\/media?parent=22481"}],"wp:term":[{"taxonomy":"product_brand","embeddable":true,"href":"https:\/\/helloflowers.pl\/en\/wp-json\/wp\/v2\/product_brand?post=22481"},{"taxonomy":"product_cat","embeddable":true,"href":"https:\/\/helloflowers.pl\/en\/wp-json\/wp\/v2\/product_cat?post=22481"},{"taxonomy":"product_tag","embeddable":true,"href":"https:\/\/helloflowers.pl\/en\/wp-json\/wp\/v2\/product_tag?post=22481"}],"curies":[{"name":"wp","href":"https:\/\/api.w.org\/{rel}","templated":true}]}}