{"id":22742,"date":"2021-09-17T16:36:02","date_gmt":"2021-09-17T15:36:02","guid":{"rendered":"https:\/\/helloflowers.pl\/?post_type=product&#038;p=22742"},"modified":"2021-10-20T18:56:30","modified_gmt":"2021-10-20T17:56:30","slug":"jesienna-kompozycja-suszonych-i-sztucznych-kwiatow-w-srednim-rozowym-welurowym-pudelku-flower-box","status":"publish","type":"product","link":"https:\/\/helloflowers.pl\/en\/sklep\/jesienna-kompozycja-suszonych-i-sztucznych-kwiatow-w-srednim-rozowym-welurowym-pudelku-flower-box\/","title":{"rendered":"Jesienna kompozycja suszonych i sztucznych kwiat\u00f3w w \u015brednim r\u00f3\u017cowym welurowym pude\u0142ku | flower box"},"content":{"rendered":"","protected":false},"excerpt":{"rendered":"<p style=\"text-align: left;\">Jesienna kompozycja suszonych i sztucznych kwiat\u00f3w w po\u0142\u0105czeniu ze \u015bwie\u017c\u0105 dyni\u0105 Baby Boo.<\/p>\n<p>Ca\u0142o\u015b\u0107 umieszczona w \u015brednim welurowy pude\u0142ku w kolorze delikatnego r\u00f3\u017cu oraz wyko\u0144czona wst\u0105\u017ck\u0105 ozdobn\u0105.<\/p>\n<p style=\"text-align: left;\">Wyj\u0105tkowy i oryginalny zestaw, dzi\u0119ki kt\u00f3remu udekorujesz wn\u0119trze na podczas nadchodz\u0105cej jesieni. Zestaw nie wymaga \u017cadnej piel\u0119gnacji.<\/p>\n<p style=\"text-align: left;\">Do wykonania kompozycji u\u017cyli\u015bmy suszonych oraz sztucznych kwiat\u00f3w.<\/p>\n<p>COMMENTS:<\/p>\n<ul>\n<li>Wysoko\u015b\u0107 ca\u0142kowita: oko\u0142o 26 cm,<\/li>\n<li>Wygl\u0105d ostateczny oraz kolorystyka b\u0119dzie jak najbardziej zbli\u017cona do prezentowanej na zdj\u0119ciu.<\/li>\n<\/ul>\n<p>Dostawa na terenie ca\u0142ej Polski.<\/p>\n<p>&nbsp;<\/p>","protected":false},"featured_media":22743,"template":"","meta":[],"product_brand":[],"product_cat":[132,203],"product_tag":[],"class_list":{"0":"post-22742","1":"product","2":"type-product","3":"status-publish","4":"has-post-thumbnail","6":"product_cat-edycja-limitowana","7":"product_cat-sztuczne-kwiaty-dekoracje","8":"sales-flash-overlay","9":"woocommerce-text-align-center","10":"woocommerce-image-align-center","11":"do-quantity-buttons","13":"first","14":"outofstock","15":"shipping-taxable","16":"purchasable","17":"product-type-simple"},"aioseo_notices":[],"_links":{"self":[{"href":"https:\/\/helloflowers.pl\/en\/wp-json\/wp\/v2\/product\/22742","targetHints":{"allow":["GET"]}}],"collection":[{"href":"https:\/\/helloflowers.pl\/en\/wp-json\/wp\/v2\/product"}],"about":[{"href":"https:\/\/helloflowers.pl\/en\/wp-json\/wp\/v2\/types\/product"}],"wp:featuredmedia":[{"embeddable":true,"href":"https:\/\/helloflowers.pl\/en\/wp-json\/wp\/v2\/media\/22743"}],"wp:attachment":[{"href":"https:\/\/helloflowers.pl\/en\/wp-json\/wp\/v2\/media?parent=22742"}],"wp:term":[{"taxonomy":"product_brand","embeddable":true,"href":"https:\/\/helloflowers.pl\/en\/wp-json\/wp\/v2\/product_brand?post=22742"},{"taxonomy":"product_cat","embeddable":true,"href":"https:\/\/helloflowers.pl\/en\/wp-json\/wp\/v2\/product_cat?post=22742"},{"taxonomy":"product_tag","embeddable":true,"href":"https:\/\/helloflowers.pl\/en\/wp-json\/wp\/v2\/product_tag?post=22742"}],"curies":[{"name":"wp","href":"https:\/\/api.w.org\/{rel}","templated":true}]}}