{"id":22768,"date":"2021-09-27T15:52:19","date_gmt":"2021-09-27T14:52:19","guid":{"rendered":"https:\/\/helloflowers.pl\/?post_type=product&#038;p=22768"},"modified":"2026-01-08T12:47:53","modified_gmt":"2026-01-08T11:47:53","slug":"kompozycja-swiezych-kwiatow-w-duzym-czarnym-boxie-kwiaty-w-pudelkach-flower-box","status":"publish","type":"product","link":"https:\/\/helloflowers.pl\/en\/sklep\/kompozycja-swiezych-kwiatow-w-duzym-czarnym-boxie-kwiaty-w-pudelkach-flower-box\/","title":{"rendered":"Kompozycja \u015bwie\u017cych kwiat\u00f3w w du\u017cym czarnym boxie &#8211; kwiaty w pude\u0142kach | flower box"},"content":{"rendered":"","protected":false},"excerpt":{"rendered":"<p>Kompozycja \u015bwie\u017cych kwiat\u00f3w w du\u017cym czarnym pude\u0142ku ze z\u0142otym logo zrobi wra\u017cenie na osobie obdarowanej zar\u00f3wno pod wzgl\u0119dem wygl\u0105du jak i zapachu.<\/p>\n<p>Idealny zestaw prezentowy zar\u00f3wno dla kobiety jak i m\u0119\u017cczyzny.<\/p>\n<p>Kwiaty umieszczone s\u0105 w r\u0119cznie wykonanym pude\u0142ku typu flower box. Pude\u0142ko jest w kolorze czarnym.<\/p>\n<p>The composition is completed with a decorative ribbon.<\/p>\n<p>COMMENTS:<\/p>\n<ul>\n<li>Flowers are placed in a floral sponge soaked in water - their freshness is the same as that of flowers in a vase<\/li>\n<li>The final appearance of the bouquet may differ slightly from the composition shown in the photo, and its composition depends on the availability and seasonality of flowers.<\/li>\n<li>Dimensions (without composition): 20 \u00d7 22 cm<\/li>\n<\/ul>","protected":false},"featured_media":22771,"template":"","meta":[],"product_brand":[],"product_cat":[207],"product_tag":[],"class_list":{"0":"post-22768","1":"product","2":"type-product","3":"status-publish","4":"has-post-thumbnail","6":"product_cat-premium","7":"sales-flash-overlay","8":"woocommerce-text-align-center","9":"woocommerce-image-align-center","10":"do-quantity-buttons","12":"first","13":"outofstock","14":"shipping-taxable","15":"purchasable","16":"product-type-simple"},"aioseo_notices":[],"_links":{"self":[{"href":"https:\/\/helloflowers.pl\/en\/wp-json\/wp\/v2\/product\/22768","targetHints":{"allow":["GET"]}}],"collection":[{"href":"https:\/\/helloflowers.pl\/en\/wp-json\/wp\/v2\/product"}],"about":[{"href":"https:\/\/helloflowers.pl\/en\/wp-json\/wp\/v2\/types\/product"}],"wp:featuredmedia":[{"embeddable":true,"href":"https:\/\/helloflowers.pl\/en\/wp-json\/wp\/v2\/media\/22771"}],"wp:attachment":[{"href":"https:\/\/helloflowers.pl\/en\/wp-json\/wp\/v2\/media?parent=22768"}],"wp:term":[{"taxonomy":"product_brand","embeddable":true,"href":"https:\/\/helloflowers.pl\/en\/wp-json\/wp\/v2\/product_brand?post=22768"},{"taxonomy":"product_cat","embeddable":true,"href":"https:\/\/helloflowers.pl\/en\/wp-json\/wp\/v2\/product_cat?post=22768"},{"taxonomy":"product_tag","embeddable":true,"href":"https:\/\/helloflowers.pl\/en\/wp-json\/wp\/v2\/product_tag?post=22768"}],"curies":[{"name":"wp","href":"https:\/\/api.w.org\/{rel}","templated":true}]}}