{"id":22773,"date":"2021-09-27T15:55:55","date_gmt":"2021-09-27T14:55:55","guid":{"rendered":"https:\/\/helloflowers.pl\/?post_type=product&#038;p=22773"},"modified":"2026-05-04T19:50:40","modified_gmt":"2026-05-04T18:50:40","slug":"kompozycja-swiezych-kwiatow-w-duzym-bialym-boxie-kwiaty-w-pudelkach-flower-box","status":"publish","type":"product","link":"https:\/\/helloflowers.pl\/en\/sklep\/kompozycja-swiezych-kwiatow-w-duzym-bialym-boxie-kwiaty-w-pudelkach-flower-box\/","title":{"rendered":"Kompozycja \u015bwie\u017cych kwiat\u00f3w w du\u017cym bia\u0142ym boxie &#8211; kwiaty w pude\u0142kach | flower box"},"content":{"rendered":"","protected":false},"excerpt":{"rendered":"<p>Kompozycja \u015bwie\u017cych kwiat\u00f3w w du\u017cym bia\u0142ym pude\u0142ku zrobi wra\u017cenie na osobie obdarowanej zar\u00f3wno pod wzgl\u0119dem wygl\u0105du jak i zapachu. Idealny zestaw prezentowy polecany szczeg\u00f3lnie na wyj\u0105tkowe okazje &#8211; urodziny, rocznic\u0119 czy narodziny dziecka.<\/p>\n<p>Kwiaty umieszczone s\u0105 w r\u0119cznie wykonanym pude\u0142ku typu flower box. Pude\u0142ko jest w kolorze bia\u0142ym.<\/p>\n<p>The composition is completed with a decorative ribbon.<\/p>\n<p>COMMENTS:<\/p>\n<ul>\n<li>Flowers are placed in a floral sponge soaked in water - their freshness is the same as that of flowers in a vase<\/li>\n<li>Ostateczny wygl\u0105d bukietu mo\u017ce odrobin\u0119 r\u00f3\u017cni\u0107 si\u0119 od kompozycji przedstawionej na zdj\u0119ciu, a jego sk\u0142ad jest uzale\u017cniony od dost\u0119pno\u015bci i sezonowo\u015bci kwiat\u00f3w (mi\u0119dzy innymi piwonie)<\/li>\n<li>Dimensions (without composition): 20 \u00d7 22 cm<\/li>\n<\/ul>","protected":false},"featured_media":22772,"template":"","meta":[],"product_brand":[],"product_cat":[207],"product_tag":[],"class_list":{"0":"post-22773","1":"product","2":"type-product","3":"status-publish","4":"has-post-thumbnail","6":"product_cat-premium","7":"sales-flash-overlay","8":"woocommerce-text-align-center","9":"woocommerce-image-align-center","10":"do-quantity-buttons","12":"first","13":"instock","14":"shipping-taxable","15":"purchasable","16":"product-type-simple"},"aioseo_notices":[],"_links":{"self":[{"href":"https:\/\/helloflowers.pl\/en\/wp-json\/wp\/v2\/product\/22773","targetHints":{"allow":["GET"]}}],"collection":[{"href":"https:\/\/helloflowers.pl\/en\/wp-json\/wp\/v2\/product"}],"about":[{"href":"https:\/\/helloflowers.pl\/en\/wp-json\/wp\/v2\/types\/product"}],"wp:featuredmedia":[{"embeddable":true,"href":"https:\/\/helloflowers.pl\/en\/wp-json\/wp\/v2\/media\/22772"}],"wp:attachment":[{"href":"https:\/\/helloflowers.pl\/en\/wp-json\/wp\/v2\/media?parent=22773"}],"wp:term":[{"taxonomy":"product_brand","embeddable":true,"href":"https:\/\/helloflowers.pl\/en\/wp-json\/wp\/v2\/product_brand?post=22773"},{"taxonomy":"product_cat","embeddable":true,"href":"https:\/\/helloflowers.pl\/en\/wp-json\/wp\/v2\/product_cat?post=22773"},{"taxonomy":"product_tag","embeddable":true,"href":"https:\/\/helloflowers.pl\/en\/wp-json\/wp\/v2\/product_tag?post=22773"}],"curies":[{"name":"wp","href":"https:\/\/api.w.org\/{rel}","templated":true}]}}