{"id":22774,"date":"2021-09-27T15:58:53","date_gmt":"2021-09-27T14:58:53","guid":{"rendered":"https:\/\/helloflowers.pl\/?post_type=product&#038;p=22774"},"modified":"2024-10-01T18:35:49","modified_gmt":"2024-10-01T17:35:49","slug":"kompozycja-prezentowa-swieze-kwiaty-balon-mis-w-duzym-bialym-boxie-kwiaty-w-pudelkach-flower-box-baby-boy","status":"publish","type":"product","link":"https:\/\/helloflowers.pl\/en\/sklep\/kompozycja-prezentowa-swieze-kwiaty-balon-mis-w-duzym-bialym-boxie-kwiaty-w-pudelkach-flower-box-baby-boy\/","title":{"rendered":"Kompozycja prezentowa \u015bwie\u017ce kwiaty + balon + Mi\u015b w du\u017cym bia\u0142ym boxie &#8211; kwiaty w pude\u0142kach | flower box BABY BOY"},"content":{"rendered":"","protected":false},"excerpt":{"rendered":"<p>Oryginalna i niepowtarzalna kompozycja prezentowa stworzona z my\u015bl\u0105 o Baby Shower oraz narodzinach dziecka.<\/p>\n<p>Po\u0142\u0105czenie \u015bwie\u017cych kwiat\u00f3w w du\u017cym bia\u0142ym pude\u0142ku oraz upominku w postaci balon\u00f3w i misia zrobi wra\u017cenie na osobie obdarowanej zar\u00f3wno pod wzgl\u0119dem wygl\u0105du jak i zapachu.<\/p>\n<p>Kwiaty umieszczone s\u0105 w r\u0119cznie wykonanym pude\u0142ku typu flower box. Pude\u0142ko jest w kolorze bia\u0142ym.<\/p>\n<p>COMMENTS:<\/p>\n<ul>\n<li>Flowers are placed in a floral sponge soaked in water - their freshness is the same as that of flowers in a vase<\/li>\n<li>Ostateczny wygl\u0105d bukietu mo\u017ce odrobin\u0119 r\u00f3\u017cni\u0107 si\u0119 od kompozycji przedstawionej na zdj\u0119ciu, a jego sk\u0142ad jest uzale\u017cniony od dost\u0119pno\u015bci i sezonowo\u015bci kwiat\u00f3w (mi\u0119dzy innymi piwonie)<\/li>\n<li>Dimensions (without composition): 20 \u00d7 22 cm<\/li>\n<li>Istnieje mo\u017cliwo\u015b\u0107 wykonania zestawy z r\u00f3\u017cowymi dodatkami w wersji BABY GIRL<\/li>\n<\/ul>","protected":false},"featured_media":22769,"template":"","meta":[],"product_brand":[],"product_cat":[132,207],"product_tag":[],"class_list":{"0":"post-22774","1":"product","2":"type-product","3":"status-publish","4":"has-post-thumbnail","6":"product_cat-edycja-limitowana","7":"product_cat-premium","8":"sales-flash-overlay","9":"woocommerce-text-align-center","10":"woocommerce-image-align-center","11":"do-quantity-buttons","13":"first","14":"outofstock","15":"shipping-taxable","16":"purchasable","17":"product-type-simple"},"aioseo_notices":[],"_links":{"self":[{"href":"https:\/\/helloflowers.pl\/en\/wp-json\/wp\/v2\/product\/22774","targetHints":{"allow":["GET"]}}],"collection":[{"href":"https:\/\/helloflowers.pl\/en\/wp-json\/wp\/v2\/product"}],"about":[{"href":"https:\/\/helloflowers.pl\/en\/wp-json\/wp\/v2\/types\/product"}],"wp:featuredmedia":[{"embeddable":true,"href":"https:\/\/helloflowers.pl\/en\/wp-json\/wp\/v2\/media\/22769"}],"wp:attachment":[{"href":"https:\/\/helloflowers.pl\/en\/wp-json\/wp\/v2\/media?parent=22774"}],"wp:term":[{"taxonomy":"product_brand","embeddable":true,"href":"https:\/\/helloflowers.pl\/en\/wp-json\/wp\/v2\/product_brand?post=22774"},{"taxonomy":"product_cat","embeddable":true,"href":"https:\/\/helloflowers.pl\/en\/wp-json\/wp\/v2\/product_cat?post=22774"},{"taxonomy":"product_tag","embeddable":true,"href":"https:\/\/helloflowers.pl\/en\/wp-json\/wp\/v2\/product_tag?post=22774"}],"curies":[{"name":"wp","href":"https:\/\/api.w.org\/{rel}","templated":true}]}}